{"id":987,"date":"2023-04-24T09:06:06","date_gmt":"2023-04-24T07:06:06","guid":{"rendered":"https:\/\/kompetencjejutra.lublin.eu\/?page_id=987"},"modified":"2023-04-24T09:06:06","modified_gmt":"2023-04-24T07:06:06","slug":"formularz-zgloszeniowy","status":"publish","type":"page","link":"https:\/\/kompetencjejutra.lublin.eu\/formularz-zgloszeniowy\/","title":{"rendered":"Formularz zg\u0142oszeniowy KSeF"},"content":{"rendered":"\n<p><\/p>\n\n\n\n<p>zapraszamy Przedstawiciela Pa\u0144stwa Firmy do udzia\u0142u w bezp\u0142atnych warsztatach dla firm z sektora przemys\u0142u oraz bran\u017cy IT pt. &#8222;<strong>KSeF oraz faktury strukturyzowane \u2013 rewolucja w podatku VAT dla firm \u2013 jak si\u0119 przygotowa\u0107?<\/strong>&#8221; organizowanych przez firm\u0119 doradztwa prawnego i podatkowego <a href=\"https:\/\/pl.andersen.com\/\" target=\"_blank\" rel=\"noreferrer noopener\">Andersen Tax &amp; Legal Matyka i Wsp\u00f3lnicy sp.k.<\/a> przy wsparciu Urz\u0119du Miasta Lublin. <\/p>\n\n\n\n<p>Szkolenie odb\u0119dzie si\u0119 w dniu 12 pa\u017adziernika br. w godzinach 9:00-12:00 w sali 252 w budynku ORION przy ul. Spokojnej 2.<\/p>\n\n\n\n<p>Szczeg\u00f3\u0142owa agenda spotkania:<\/p>\n\n\n\n<ul class=\"wp-block-list\">\n<li>Wprowadzenie do KSeF &#8211; ramy prawne, zakres podmiotowo-przedmiotowy i zasady dzia\u0142ania<\/li>\n\n\n\n<li>Weryfikacja kontrahent\u00f3w w kontek\u015bcie KSeF \u2013 co i jak sprawdza\u0107, \u017ceby wystawia\u0107 faktury zgodnie z nowymi przepisami?<\/li>\n\n\n\n<li>Dost\u0119p do KSeF \u2013 dost\u0119p, role, tzw. obiegi tajne dokument\u00f3w \u2013 jak to zaplanowa\u0107<\/li>\n\n\n\n<li>Wysy\u0142ka i odbi\u00f3r faktur ustrukturyzowanych \u2013 wysy\u0142ka faktur i dostarczanie, za\u0142\u0105czniki oraz specyfikacje transakcji i dokumenty wydawane \u201eprzy kasie\u201d w KSeF,<\/li>\n\n\n\n<li>Faktury koryguj\u0105ce, korekty zbiorcze, noty koryguj\u0105ce<\/li>\n\n\n\n<li>Faktury zakupowe i alokacja koszt\u00f3w \u2013 jak zarz\u0105dzi\u0107 du\u017c\u0105 ilo\u015bci\u0105 nieprzypisanych faktur w KSeF?<\/li>\n\n\n\n<li>O co zapyta dostawca oprogramowania przy wdro\u017ceniu KSeF?<\/li>\n\n\n\n<li>Szczeg\u00f3\u0142y (r)ewolucji w procesie fakturowania,<\/li>\n\n\n\n<li>Problemy praktyczne wdro\u017cenia KSeF- na co wr\u00f3ci\u0107 uwag\u0119 i jak przygotowa\u0107 wdro\u017cenie?<\/li>\n\n\n\n<li>Wdro\u017cenie KSeF \u2013 om\u00f3wienie poszczeg\u00f3lnych krok\u00f3w procesu uruchomienia,<\/li>\n\n\n\n<li>Co zmieni KSeF w organizacji \u2013 weryfikacje podatnik\u00f3w, procedury VAT?<\/li>\n<\/ul>\n\n\n\n<p><\/p>\n\n\n\n<p>Udzia\u0142 w spotkaniu jest bezp\u0142atny. Liczba miejsc jest ograniczona.<\/p>\n\n\n\n<p>Uprzejmie prosimy o dokonanie zg\u0142osze\u0144 najp\u00f3\u017aniej do dnia 6 pa\u017adziernika br. poprzez wype\u0142nienie poni\u017cszego formularza:<\/p>\n\n\n\n<p> <\/p>\n\n\n<link rel='stylesheet' id='formidable-css' href='https:\/\/kompetencjejutra.lublin.eu\/wp-content\/plugins\/formidable\/css\/formidableforms15.css?ver=1113138' media='all' \/>\n<div class=\"frm_forms  with_frm_style frm_style_formidable-style\" id=\"frm_form_25_container\" data-token=\"147ba6a07c5338bef79e8d9a2a98deb8\">\n<form enctype=\"multipart\/form-data\" method=\"post\" class=\"frm-show-form  frm_pro_form \" id=\"form_formularzzgoszeniowy-spotkanienubszkoypodstawowe2\" data-token=\"147ba6a07c5338bef79e8d9a2a98deb8\">\n<div class=\"frm_form_fields \">\n<fieldset>\n<legend class=\"frm_screen_reader\">NIEAKTUALNY Rejestracja na spotkanie dot. KSeF_Andersen Tax &#038; Legal Matyka i Wsp\u00f3lnicy sp.k.<\/legend>\r\n\r\n<div class=\"frm_fields_container\">\n<input type=\"hidden\" name=\"frm_action\" value=\"create\" \/>\n<input type=\"hidden\" name=\"form_id\" value=\"25\" \/>\n<input type=\"hidden\" name=\"frm_hide_fields_25\" id=\"frm_hide_fields_25\" value=\"\" \/>\n<input type=\"hidden\" name=\"form_key\" value=\"formularzzgoszeniowy-spotkanienubszkoypodstawowe2\" \/>\n<input type=\"hidden\" name=\"item_meta[0]\" value=\"\" \/>\n<input type=\"hidden\" id=\"frm_submit_entry_25\" name=\"frm_submit_entry_25\" value=\"04742b48db\" \/><input type=\"hidden\" name=\"_wp_http_referer\" value=\"\/pl\/wp-json\/wp\/v2\/pages\/987\" \/><div id=\"frm_field_174_container\" class=\"frm_form_field form-field  frm_required_field frm_top_container frm12 frm_first\">\r\n    <label for=\"field_chi4x2\" id=\"field_chi4x2_label\" class=\"frm_primary_label\">Imi\u0119 i Nazwisko:\r\n        <span class=\"frm_required\" aria-hidden=\"true\">*<\/span>\r\n    <\/label>\r\n    <input  type=\"text\" id=\"field_chi4x2\" name=\"item_meta[174]\" value=\"\"  data-reqmsg=\"Imi\u0119 i Nazwisko: cannot be blank.\" aria-required=\"true\" data-invmsg=\"Tekst is invalid\" aria-invalid=\"false\"   \/>\r\n    \r\n    \r\n<\/div>\n<div id=\"frm_field_175_container\" class=\"frm_form_field form-field  frm_required_field frm_top_container frm6 frm_first\">\r\n    <label for=\"field_xsbdt2\" id=\"field_xsbdt2_label\" class=\"frm_primary_label\">Nazwa firmy:\r\n        <span class=\"frm_required\" aria-hidden=\"true\">*<\/span>\r\n    <\/label>\r\n    <input  type=\"text\" id=\"field_xsbdt2\" name=\"item_meta[175]\" value=\"\"  data-reqmsg=\"Nazwa firmy: cannot be blank.\" aria-required=\"true\" data-invmsg=\"Tekst is invalid\" aria-invalid=\"false\"   \/>\r\n    \r\n    \r\n<\/div>\n<div id=\"frm_field_176_container\" class=\"frm_form_field form-field  frm_required_field frm_top_container frm6\">\r\n    <label for=\"field_s41592\" id=\"field_s41592_label\" class=\"frm_primary_label\">Stanowisko:\r\n        <span class=\"frm_required\" aria-hidden=\"true\">*<\/span>\r\n    <\/label>\r\n    <input  type=\"text\" id=\"field_s41592\" name=\"item_meta[176]\" value=\"\"  data-reqmsg=\"Stanowisko: cannot be blank.\" aria-required=\"true\" data-invmsg=\"Tekst is invalid\" aria-invalid=\"false\"   \/>\r\n    \r\n    \r\n<\/div>\n<div id=\"frm_field_177_container\" class=\"frm_form_field form-field  frm_required_field frm_top_container frm6 frm_first\">\r\n    <label for=\"field_5e9ss2\" id=\"field_5e9ss2_label\" class=\"frm_primary_label\">Email:\r\n        <span class=\"frm_required\" aria-hidden=\"true\">*<\/span>\r\n    <\/label>\r\n    <input type=\"email\" id=\"field_5e9ss2\" name=\"item_meta[177]\" value=\"\"  data-reqmsg=\"Email: cannot be blank.\" aria-required=\"true\" data-invmsg=\"Email is invalid\" aria-invalid=\"false\"  \/>\r\n    \r\n    \r\n<\/div>\n<div id=\"frm_field_178_container\" class=\"frm_form_field form-field  frm_top_container frm6\">\r\n    <label for=\"field_qunss2\" id=\"field_qunss2_label\" class=\"frm_primary_label\">Telefon:\r\n        <span class=\"frm_required\" aria-hidden=\"true\"><\/span>\r\n    <\/label>\r\n    <input type=\"tel\" id=\"field_qunss2\" name=\"item_meta[178]\" value=\"\"  data-invmsg=\"Phone is invalid\" aria-invalid=\"false\" pattern=\"((\\+\\d{1,3}(-|.| )?\\(?\\d\\)?(-| |.)?\\d{1,5})|(\\(?\\d{2,6}\\)?))(-|.| )?(\\d{3,4})(-|.| )?(\\d{4})(( x| ext)\\d{1,5}){0,1}$\"  \/>\r\n    \r\n    \r\n<\/div>\n<div id=\"frm_field_180_container\" class=\"frm_form_field form-field  frm_required_field frm_top_container vertical_radio\">\r\n    <div id=\"field_kqtpg2_label\" class=\"frm_primary_label\">\r\n        <span class=\"frm_required\" aria-hidden=\"true\">*<\/span>\r\n    <\/div>\r\n    <div class=\"frm_opt_container\" role=\"group\">\t\t<div class=\"frm_checkbox\" id=\"frm_checkbox_180-0\">\t\t\t<label  for=\"field_kqtpg2-0\">\n\t\t\t<input type=\"checkbox\" name=\"item_meta[180][]\" id=\"field_kqtpg2-0\" value=\"\" checked=\"checked\"  data-reqmsg=\"This field cannot be blank.\" data-invmsg=\"To pole jest nieprawid\u0142owe\"   aria-required=\"true\"  \/> O\u015bwiadczam, \u017ce zapozna\u0142am\/zapozna\u0142em si\u0119 i akceptuj\u0119 warunki okre\u015blone w <a href=\"http:\/\/kompetencjejutra.lublin.eu\/wp-content\/uploads\/sites\/15\/2023\/04\/Klauzula-informacyjna-o-przetwarzaniu-danych-osobowych-Uczestnika-Spotkania.pdf\"> Klauzuli Informacyjnej<a \/>.<\/label><\/div>\n<\/div>\r\n    \r\n    \r\n<\/div>\n<div id=\"frm_field_181_container\" class=\"frm_form_field form-field  frm_top_container vertical_radio\">\r\n    <div id=\"field_gpus2_label\" class=\"frm_primary_label\">Pole wyboru\r\n        <span class=\"frm_required\" aria-hidden=\"true\"><\/span>\r\n    <\/div>\r\n    <div class=\"frm_opt_container\" role=\"group\">\t\t<div class=\"frm_checkbox\" id=\"frm_checkbox_181-0\">\t\t\t<label  for=\"field_gpus2-0\">\n\t\t\t<input type=\"checkbox\" name=\"item_meta[181][]\" id=\"field_gpus2-0\" value=\"\" checked=\"checked\"  data-invmsg=\"Pole wyboru jest nieprawid\u0142owe\"   \/> Wyra\u017cam zgod\u0119 na przetwarzanie mojego adresu email, w celu informowania o przysz\u0142ych aktywno\u015bciach w ramach programu &#8222;Kompetencje jutra&#8221;.<\/label><\/div>\n<\/div>\r\n    \r\n    \r\n<\/div>\n\t<input type=\"hidden\" name=\"item_key\" value=\"\" \/>\n\t\t\t<div id=\"frm_field_257_container\">\n\t\t\t<label for=\"field_47z3e\" >\n\t\t\t\tJe\u017celi jeste\u015b cz\u0142owiekiem, zostaw to pole puste.\t\t\t<\/label>\n\t\t\t<input  id=\"field_47z3e\" type=\"text\" class=\"frm_form_field form-field frm_verify\" name=\"item_meta[257]\" value=\"\"  \/>\n\t\t<\/div>\n\t\t<input name=\"frm_state\" type=\"hidden\" value=\"NKN0ugbCCqKY+Y8FIlg9\/0ZhKZmkkDNdCYWjXtdHniBPQ4uBjuRkckv0ejm92ft6\" \/><div class=\"frm_submit\">\r\n\r\n<button class=\"frm_button_submit frm_final_submit\" type=\"submit\"  formnovalidate=\"formnovalidate\">Wy\u015blij<\/button>\r\n\r\n<\/div><\/div>\n<\/fieldset>\n<\/div>\n\n<\/form>\n<\/div>\n","protected":false},"excerpt":{"rendered":"<p>zapraszamy Przedstawiciela Pa\u0144stwa Firmy do udzia\u0142u w bezp\u0142atnych warsztatach dla firm z sektora przemys\u0142u oraz bran\u017cy IT pt. &#8222;KSeF oraz faktury strukturyzowane \u2013 rewolucja w podatku VAT dla firm \u2013 jak si\u0119 przygotowa\u0107?&#8221; organizowanych przez firm\u0119 doradztwa prawnego i podatkowego Andersen Tax &amp; Legal Matyka i Wsp\u00f3lnicy sp.k. przy wsparciu Urz\u0119du Miasta Lublin. Szkolenie odb\u0119dzie &#8230; <a title=\"Formularz zg\u0142oszeniowy KSeF\" class=\"read-more\" href=\"https:\/\/kompetencjejutra.lublin.eu\/formularz-zgloszeniowy\/\" aria-label=\"Dowiedz si\u0119 wi\u0119cej o Formularz zg\u0142oszeniowy KSeF\">Czytaj dalej<\/a><\/p>\n","protected":false},"author":6,"featured_media":0,"parent":0,"menu_order":0,"comment_status":"closed","ping_status":"closed","template":"","meta":{"_acf_changed":false,"footnotes":""},"class_list":["post-987","page","type-page","status-publish"],"acf":[],"mb":[],"featured_image_src":null,"yoast_head":"<!-- This site is optimized with the Yoast SEO plugin v26.3 - https:\/\/yoast.com\/wordpress\/plugins\/seo\/ -->\n<title>Formularz zg\u0142oszeniowy KSeF - KompetencjeJutra<\/title>\n<meta name=\"robots\" content=\"index, follow, max-snippet:-1, max-image-preview:large, max-video-preview:-1\" \/>\n<link rel=\"canonical\" href=\"https:\/\/kompetencjejutra.lublin.eu\/pl\/formularz-zgloszeniowy\/\" \/>\n<meta property=\"og:locale\" content=\"pl_PL\" \/>\n<meta property=\"og:type\" content=\"article\" \/>\n<meta property=\"og:title\" content=\"Formularz zg\u0142oszeniowy KSeF - KompetencjeJutra\" \/>\n<meta property=\"og:description\" content=\"zapraszamy Przedstawiciela Pa\u0144stwa Firmy do udzia\u0142u w bezp\u0142atnych warsztatach dla firm z sektora przemys\u0142u oraz bran\u017cy IT pt. &#8222;KSeF oraz faktury strukturyzowane \u2013 rewolucja w podatku VAT dla firm \u2013 jak si\u0119 przygotowa\u0107?&#8221; organizowanych przez firm\u0119 doradztwa prawnego i podatkowego Andersen Tax &amp; Legal Matyka i Wsp\u00f3lnicy sp.k. przy wsparciu Urz\u0119du Miasta Lublin. Szkolenie odb\u0119dzie ... Czytaj dalej\" \/>\n<meta property=\"og:url\" content=\"https:\/\/kompetencjejutra.lublin.eu\/formularz-zgloszeniowy\/\" \/>\n<meta property=\"og:site_name\" content=\"KompetencjeJutra\" \/>\n<meta name=\"twitter:card\" content=\"summary_large_image\" \/>\n<meta name=\"twitter:label1\" content=\"Szacowany czas czytania\" \/>\n\t<meta name=\"twitter:data1\" content=\"2 minuty\" \/>\n<script type=\"application\/ld+json\" class=\"yoast-schema-graph\">{\"@context\":\"https:\/\/schema.org\",\"@graph\":[{\"@type\":\"WebPage\",\"@id\":\"https:\/\/kompetencjejutra.lublin.eu\/formularz-zgloszeniowy\/\",\"url\":\"https:\/\/kompetencjejutra.lublin.eu\/formularz-zgloszeniowy\/\",\"name\":\"Formularz zg\u0142oszeniowy KSeF - KompetencjeJutra\",\"isPartOf\":{\"@id\":\"http:\/\/kompetencjejutra.lublin.eu\/pl\/#website\"},\"datePublished\":\"2023-04-24T07:06:06+00:00\",\"breadcrumb\":{\"@id\":\"https:\/\/kompetencjejutra.lublin.eu\/formularz-zgloszeniowy\/#breadcrumb\"},\"inLanguage\":\"pl-PL\",\"potentialAction\":[{\"@type\":\"ReadAction\",\"target\":[\"https:\/\/kompetencjejutra.lublin.eu\/formularz-zgloszeniowy\/\"]}]},{\"@type\":\"BreadcrumbList\",\"@id\":\"https:\/\/kompetencjejutra.lublin.eu\/formularz-zgloszeniowy\/#breadcrumb\",\"itemListElement\":[{\"@type\":\"ListItem\",\"position\":1,\"name\":\"Home\",\"item\":\"http:\/\/kompetencjejutra.lublin.eu\/\"},{\"@type\":\"ListItem\",\"position\":2,\"name\":\"Formularz zg\u0142oszeniowy KSeF\"}]},{\"@type\":\"WebSite\",\"@id\":\"http:\/\/kompetencjejutra.lublin.eu\/pl\/#website\",\"url\":\"http:\/\/kompetencjejutra.lublin.eu\/pl\/\",\"name\":\"KompetencjeJutra\",\"description\":\"KompetencjeJutra\",\"publisher\":{\"@id\":\"http:\/\/kompetencjejutra.lublin.eu\/pl\/#organization\"},\"potentialAction\":[{\"@type\":\"SearchAction\",\"target\":{\"@type\":\"EntryPoint\",\"urlTemplate\":\"http:\/\/kompetencjejutra.lublin.eu\/pl\/?s={search_term_string}\"},\"query-input\":{\"@type\":\"PropertyValueSpecification\",\"valueRequired\":true,\"valueName\":\"search_term_string\"}}],\"inLanguage\":\"pl-PL\"},{\"@type\":\"Organization\",\"@id\":\"http:\/\/kompetencjejutra.lublin.eu\/pl\/#organization\",\"name\":\"KompetencjeJutra\",\"url\":\"http:\/\/kompetencjejutra.lublin.eu\/pl\/\",\"logo\":{\"@type\":\"ImageObject\",\"inLanguage\":\"pl-PL\",\"@id\":\"http:\/\/kompetencjejutra.lublin.eu\/pl\/#\/schema\/logo\/image\/\",\"url\":\"https:\/\/kompetencjejutra.lublin.eu\/wp-content\/uploads\/sites\/15\/2021\/08\/logo-miasta-lublin-web.png\",\"contentUrl\":\"https:\/\/kompetencjejutra.lublin.eu\/wp-content\/uploads\/sites\/15\/2021\/08\/logo-miasta-lublin-web.png\",\"width\":281,\"height\":101,\"caption\":\"KompetencjeJutra\"},\"image\":{\"@id\":\"http:\/\/kompetencjejutra.lublin.eu\/pl\/#\/schema\/logo\/image\/\"}}]}<\/script>\n<!-- \/ Yoast SEO plugin. -->","yoast_head_json":{"title":"Formularz zg\u0142oszeniowy KSeF - KompetencjeJutra","robots":{"index":"index","follow":"follow","max-snippet":"max-snippet:-1","max-image-preview":"max-image-preview:large","max-video-preview":"max-video-preview:-1"},"canonical":"https:\/\/kompetencjejutra.lublin.eu\/pl\/formularz-zgloszeniowy\/","og_locale":"pl_PL","og_type":"article","og_title":"Formularz zg\u0142oszeniowy KSeF - KompetencjeJutra","og_description":"zapraszamy Przedstawiciela Pa\u0144stwa Firmy do udzia\u0142u w bezp\u0142atnych warsztatach dla firm z sektora przemys\u0142u oraz bran\u017cy IT pt. &#8222;KSeF oraz faktury strukturyzowane \u2013 rewolucja w podatku VAT dla firm \u2013 jak si\u0119 przygotowa\u0107?&#8221; organizowanych przez firm\u0119 doradztwa prawnego i podatkowego Andersen Tax &amp; Legal Matyka i Wsp\u00f3lnicy sp.k. przy wsparciu Urz\u0119du Miasta Lublin. Szkolenie odb\u0119dzie ... Czytaj dalej","og_url":"https:\/\/kompetencjejutra.lublin.eu\/formularz-zgloszeniowy\/","og_site_name":"KompetencjeJutra","twitter_card":"summary_large_image","twitter_misc":{"Szacowany czas czytania":"2 minuty"},"schema":{"@context":"https:\/\/schema.org","@graph":[{"@type":"WebPage","@id":"https:\/\/kompetencjejutra.lublin.eu\/formularz-zgloszeniowy\/","url":"https:\/\/kompetencjejutra.lublin.eu\/formularz-zgloszeniowy\/","name":"Formularz zg\u0142oszeniowy KSeF - KompetencjeJutra","isPartOf":{"@id":"http:\/\/kompetencjejutra.lublin.eu\/pl\/#website"},"datePublished":"2023-04-24T07:06:06+00:00","breadcrumb":{"@id":"https:\/\/kompetencjejutra.lublin.eu\/formularz-zgloszeniowy\/#breadcrumb"},"inLanguage":"pl-PL","potentialAction":[{"@type":"ReadAction","target":["https:\/\/kompetencjejutra.lublin.eu\/formularz-zgloszeniowy\/"]}]},{"@type":"BreadcrumbList","@id":"https:\/\/kompetencjejutra.lublin.eu\/formularz-zgloszeniowy\/#breadcrumb","itemListElement":[{"@type":"ListItem","position":1,"name":"Home","item":"http:\/\/kompetencjejutra.lublin.eu\/"},{"@type":"ListItem","position":2,"name":"Formularz zg\u0142oszeniowy KSeF"}]},{"@type":"WebSite","@id":"http:\/\/kompetencjejutra.lublin.eu\/pl\/#website","url":"http:\/\/kompetencjejutra.lublin.eu\/pl\/","name":"KompetencjeJutra","description":"KompetencjeJutra","publisher":{"@id":"http:\/\/kompetencjejutra.lublin.eu\/pl\/#organization"},"potentialAction":[{"@type":"SearchAction","target":{"@type":"EntryPoint","urlTemplate":"http:\/\/kompetencjejutra.lublin.eu\/pl\/?s={search_term_string}"},"query-input":{"@type":"PropertyValueSpecification","valueRequired":true,"valueName":"search_term_string"}}],"inLanguage":"pl-PL"},{"@type":"Organization","@id":"http:\/\/kompetencjejutra.lublin.eu\/pl\/#organization","name":"KompetencjeJutra","url":"http:\/\/kompetencjejutra.lublin.eu\/pl\/","logo":{"@type":"ImageObject","inLanguage":"pl-PL","@id":"http:\/\/kompetencjejutra.lublin.eu\/pl\/#\/schema\/logo\/image\/","url":"https:\/\/kompetencjejutra.lublin.eu\/wp-content\/uploads\/sites\/15\/2021\/08\/logo-miasta-lublin-web.png","contentUrl":"https:\/\/kompetencjejutra.lublin.eu\/wp-content\/uploads\/sites\/15\/2021\/08\/logo-miasta-lublin-web.png","width":281,"height":101,"caption":"KompetencjeJutra"},"image":{"@id":"http:\/\/kompetencjejutra.lublin.eu\/pl\/#\/schema\/logo\/image\/"}}]}},"mfb_rest_fields":["title","featured_image_src","yoast_head","yoast_head_json"],"_links":{"self":[{"href":"https:\/\/kompetencjejutra.lublin.eu\/pl\/wp-json\/wp\/v2\/pages\/987","targetHints":{"allow":["GET"]}}],"collection":[{"href":"https:\/\/kompetencjejutra.lublin.eu\/pl\/wp-json\/wp\/v2\/pages"}],"about":[{"href":"https:\/\/kompetencjejutra.lublin.eu\/pl\/wp-json\/wp\/v2\/types\/page"}],"author":[{"embeddable":true,"href":"https:\/\/kompetencjejutra.lublin.eu\/pl\/wp-json\/wp\/v2\/users\/6"}],"replies":[{"embeddable":true,"href":"https:\/\/kompetencjejutra.lublin.eu\/pl\/wp-json\/wp\/v2\/comments?post=987"}],"version-history":[{"count":0,"href":"https:\/\/kompetencjejutra.lublin.eu\/pl\/wp-json\/wp\/v2\/pages\/987\/revisions"}],"wp:attachment":[{"href":"https:\/\/kompetencjejutra.lublin.eu\/pl\/wp-json\/wp\/v2\/media?parent=987"}],"curies":[{"name":"wp","href":"https:\/\/api.w.org\/{rel}","templated":true}]}}