{"id":7,"date":"2021-08-17T11:39:21","date_gmt":"2021-08-17T09:39:21","guid":{"rendered":"https:\/\/kompetencjejutra.lublin.eu\/?page_id=7"},"modified":"2025-10-10T13:48:56","modified_gmt":"2025-10-10T11:48:56","slug":"strona-glowna","status":"publish","type":"page","link":"https:\/\/kompetencjejutra.lublin.eu\/","title":{"rendered":"Strona g\u0142\u00f3wna"},"content":{"rendered":"\n<p><\/p>\n\n\n\n<div class=\"wp-block-columns alignwide are-vertically-aligned-center is-layout-flex wp-container-core-columns-is-layout-9d6595d7 wp-block-columns-is-layout-flex\">\n<div class=\"wp-block-column is-vertically-aligned-center is-layout-flow wp-block-column-is-layout-flow\" style=\"flex-basis:50%\">\n<figure class=\"wp-block-image size-large add-bg\"><img loading=\"lazy\" decoding=\"async\" width=\"1024\" height=\"682\" src=\"https:\/\/kompetencjejutra.lublin.eu\/wp-content\/uploads\/sites\/15\/2022\/03\/QZZ_1651-scaled-1024x682.jpg\" alt=\"\" class=\"wp-image-488\" style=\"aspect-ratio:4\/3;object-fit:cover\" srcset=\"https:\/\/kompetencjejutra.lublin.eu\/wp-content\/uploads\/sites\/15\/2022\/03\/QZZ_1651-scaled-1024x682.jpg 1024w, https:\/\/kompetencjejutra.lublin.eu\/wp-content\/uploads\/sites\/15\/2022\/03\/QZZ_1651-scaled-300x200.jpg 300w, https:\/\/kompetencjejutra.lublin.eu\/wp-content\/uploads\/sites\/15\/2022\/03\/QZZ_1651-scaled-768x511.jpg 768w, https:\/\/kompetencjejutra.lublin.eu\/wp-content\/uploads\/sites\/15\/2022\/03\/QZZ_1651-scaled-391x260.jpg 391w, https:\/\/kompetencjejutra.lublin.eu\/wp-content\/uploads\/sites\/15\/2022\/03\/QZZ_1651-scaled-1536x1022.jpg 1536w, https:\/\/kompetencjejutra.lublin.eu\/wp-content\/uploads\/sites\/15\/2022\/03\/QZZ_1651-scaled-2048x1363.jpg 2048w, https:\/\/kompetencjejutra.lublin.eu\/wp-content\/uploads\/sites\/15\/2022\/03\/QZZ_1651-scaled-1600x1065.jpg 1600w\" sizes=\"auto, (max-width: 1024px) 100vw, 1024px\" \/><\/figure>\n<\/div>\n\n\n\n<div class=\"wp-block-column is-vertically-aligned-center is-layout-flow wp-block-column-is-layout-flow\" style=\"flex-basis:40%\">\n<p class=\"has-normal-font-size\">____________________<\/p>\n\n\n\n<p>Program <strong>Kompetencje jutra \u2013 Lublin inspiruje przysz\u0142o\u015b\u0107<\/strong> powsta\u0142 z&nbsp;inicjatywy Wydzia\u0142u Strategii i&nbsp;Obs\u0142ugi Inwestor\u00f3w Urz\u0119du Miasta Lublin we&nbsp;wsp\u00f3\u0142pracy z&nbsp;sektorem nowoczesnych us\u0142ug biznesowych, lubelskimi uczelniami wy\u017cszymi oraz&nbsp;\u015brodowiskiem edukacyjnym. <br>Funkcjonowanie systemu edukacji, kszta\u0142towanie kompetencji jego uczestnik\u00f3w oraz&nbsp;przysz\u0142o\u015bci nauczania i&nbsp;uczenia si\u0119, szczeg\u00f3lnie w&nbsp;kontek\u015bcie koncepcji uczenia si\u0119 przez&nbsp;ca\u0142e \u017cycie to&nbsp;obszary, kt\u00f3re przy\u015bwiecaj\u0105 idei programu <strong>Kompetencje jutra \u2013 Lublin inspiruje przysz\u0142o\u015b\u0107<\/strong>.<\/p>\n\n\n\n<div class=\"wp-block-buttons is-layout-flex wp-block-buttons-is-layout-flex\">\n<div class=\"wp-block-button is-style-outline is-style-outline--1\"><a class=\"wp-block-button__link no-border-radius wp-element-button\" href=\"https:\/\/kompetencjejutra.lublin.eu\/o-programie\/\">Wi\u0119cej w zak\u0142adce O programie<\/a><\/div>\n<\/div>\n<\/div>\n<\/div>\n\n\n\n<h2 class=\"wp-block-heading\"><\/h2>\n\n\n\n<figure class=\"wp-block-image alignwide size-full\"><img loading=\"lazy\" decoding=\"async\" width=\"2560\" height=\"434\" src=\"https:\/\/kompetencjejutra.lublin.eu\/wp-content\/uploads\/sites\/15\/2025\/02\/logotypy-strona-02-scaled-1.jpg\" alt=\"\" class=\"wp-image-2083\" srcset=\"https:\/\/kompetencjejutra.lublin.eu\/wp-content\/uploads\/sites\/15\/2025\/02\/logotypy-strona-02-scaled-1.jpg 2560w, https:\/\/kompetencjejutra.lublin.eu\/wp-content\/uploads\/sites\/15\/2025\/02\/logotypy-strona-02-scaled-1-300x51.jpg 300w, https:\/\/kompetencjejutra.lublin.eu\/wp-content\/uploads\/sites\/15\/2025\/02\/logotypy-strona-02-scaled-1-1024x174.jpg 1024w, https:\/\/kompetencjejutra.lublin.eu\/wp-content\/uploads\/sites\/15\/2025\/02\/logotypy-strona-02-scaled-1-768x130.jpg 768w, https:\/\/kompetencjejutra.lublin.eu\/wp-content\/uploads\/sites\/15\/2025\/02\/logotypy-strona-02-scaled-1-1536x260.jpg 1536w, https:\/\/kompetencjejutra.lublin.eu\/wp-content\/uploads\/sites\/15\/2025\/02\/logotypy-strona-02-scaled-1-2048x347.jpg 2048w, https:\/\/kompetencjejutra.lublin.eu\/wp-content\/uploads\/sites\/15\/2025\/02\/logotypy-strona-02-scaled-1-50x8.jpg 50w, https:\/\/kompetencjejutra.lublin.eu\/wp-content\/uploads\/sites\/15\/2025\/02\/logotypy-strona-02-scaled-1-1600x271.jpg 1600w\" sizes=\"auto, (max-width: 2560px) 100vw, 2560px\" \/><\/figure>\n\n\n\n<p><\/p>\n","protected":false},"excerpt":{"rendered":"<p>____________________ Program Kompetencje jutra \u2013 Lublin inspiruje przysz\u0142o\u015b\u0107 powsta\u0142 z&nbsp;inicjatywy Wydzia\u0142u Strategii i&nbsp;Obs\u0142ugi Inwestor\u00f3w Urz\u0119du Miasta Lublin we&nbsp;wsp\u00f3\u0142pracy z&nbsp;sektorem nowoczesnych us\u0142ug biznesowych, lubelskimi uczelniami wy\u017cszymi oraz&nbsp;\u015brodowiskiem edukacyjnym. Funkcjonowanie systemu edukacji, kszta\u0142towanie kompetencji jego uczestnik\u00f3w oraz&nbsp;przysz\u0142o\u015bci nauczania i&nbsp;uczenia si\u0119, szczeg\u00f3lnie w&nbsp;kontek\u015bcie koncepcji uczenia si\u0119 przez&nbsp;ca\u0142e \u017cycie to&nbsp;obszary, kt\u00f3re przy\u015bwiecaj\u0105 idei programu Kompetencje jutra \u2013 Lublin inspiruje &#8230; <a title=\"Strona g\u0142\u00f3wna\" class=\"read-more\" href=\"https:\/\/kompetencjejutra.lublin.eu\/\" aria-label=\"Dowiedz si\u0119 wi\u0119cej o Strona g\u0142\u00f3wna\">Czytaj dalej<\/a><\/p>\n","protected":false},"author":6,"featured_media":0,"parent":0,"menu_order":0,"comment_status":"closed","ping_status":"closed","template":"","meta":{"_acf_changed":false,"footnotes":""},"class_list":["post-7","page","type-page","status-publish"],"acf":[],"mb":[],"featured_image_src":null,"yoast_head":"<!-- This site is optimized with the Yoast SEO plugin v26.3 - https:\/\/yoast.com\/wordpress\/plugins\/seo\/ -->\n<title>Strona g\u0142\u00f3wna - KompetencjeJutra<\/title>\n<meta name=\"robots\" content=\"index, follow, max-snippet:-1, max-image-preview:large, max-video-preview:-1\" \/>\n<link rel=\"canonical\" href=\"https:\/\/kompetencjejutra.lublin.eu\/pl\/\" \/>\n<meta property=\"og:locale\" content=\"pl_PL\" \/>\n<meta property=\"og:type\" content=\"article\" \/>\n<meta property=\"og:title\" content=\"Strona g\u0142\u00f3wna - KompetencjeJutra\" \/>\n<meta property=\"og:description\" content=\"____________________ Program Kompetencje jutra \u2013 Lublin inspiruje przysz\u0142o\u015b\u0107 powsta\u0142 z&nbsp;inicjatywy Wydzia\u0142u Strategii i&nbsp;Obs\u0142ugi Inwestor\u00f3w Urz\u0119du Miasta Lublin we&nbsp;wsp\u00f3\u0142pracy z&nbsp;sektorem nowoczesnych us\u0142ug biznesowych, lubelskimi uczelniami wy\u017cszymi oraz&nbsp;\u015brodowiskiem edukacyjnym. Funkcjonowanie systemu edukacji, kszta\u0142towanie kompetencji jego uczestnik\u00f3w oraz&nbsp;przysz\u0142o\u015bci nauczania i&nbsp;uczenia si\u0119, szczeg\u00f3lnie w&nbsp;kontek\u015bcie koncepcji uczenia si\u0119 przez&nbsp;ca\u0142e \u017cycie to&nbsp;obszary, kt\u00f3re przy\u015bwiecaj\u0105 idei programu Kompetencje jutra \u2013 Lublin inspiruje ... Czytaj dalej\" \/>\n<meta property=\"og:url\" content=\"https:\/\/kompetencjejutra.lublin.eu\/\" \/>\n<meta property=\"og:site_name\" content=\"KompetencjeJutra\" \/>\n<meta property=\"article:modified_time\" content=\"2025-10-10T11:48:56+00:00\" \/>\n<meta property=\"og:image\" content=\"https:\/\/kompetencjejutra.lublin.eu\/wp-content\/uploads\/sites\/15\/2022\/03\/QZZ_1651-scaled-1024x682.jpg\" \/>\n<meta name=\"twitter:card\" content=\"summary_large_image\" \/>\n<meta name=\"twitter:label1\" content=\"Szacowany czas czytania\" \/>\n\t<meta name=\"twitter:data1\" content=\"1 minuta\" \/>\n<script type=\"application\/ld+json\" class=\"yoast-schema-graph\">{\"@context\":\"https:\/\/schema.org\",\"@graph\":[{\"@type\":\"WebPage\",\"@id\":\"https:\/\/kompetencjejutra.lublin.eu\/\",\"url\":\"https:\/\/kompetencjejutra.lublin.eu\/\",\"name\":\"Strona g\u0142\u00f3wna - KompetencjeJutra\",\"isPartOf\":{\"@id\":\"http:\/\/kompetencjejutra.lublin.eu\/pl\/#website\"},\"primaryImageOfPage\":{\"@id\":\"https:\/\/kompetencjejutra.lublin.eu\/#primaryimage\"},\"image\":{\"@id\":\"https:\/\/kompetencjejutra.lublin.eu\/#primaryimage\"},\"thumbnailUrl\":\"https:\/\/kompetencjejutra.lublin.eu\/wp-content\/uploads\/sites\/15\/2022\/03\/QZZ_1651-scaled-1024x682.jpg\",\"datePublished\":\"2021-08-17T09:39:21+00:00\",\"dateModified\":\"2025-10-10T11:48:56+00:00\",\"breadcrumb\":{\"@id\":\"https:\/\/kompetencjejutra.lublin.eu\/#breadcrumb\"},\"inLanguage\":\"pl-PL\",\"potentialAction\":[{\"@type\":\"ReadAction\",\"target\":[\"https:\/\/kompetencjejutra.lublin.eu\/\"]}]},{\"@type\":\"ImageObject\",\"inLanguage\":\"pl-PL\",\"@id\":\"https:\/\/kompetencjejutra.lublin.eu\/#primaryimage\",\"url\":\"https:\/\/kompetencjejutra.lublin.eu\/wp-content\/uploads\/sites\/15\/2022\/03\/QZZ_1651-scaled-1024x682.jpg\",\"contentUrl\":\"https:\/\/kompetencjejutra.lublin.eu\/wp-content\/uploads\/sites\/15\/2022\/03\/QZZ_1651-scaled-1024x682.jpg\"},{\"@type\":\"BreadcrumbList\",\"@id\":\"https:\/\/kompetencjejutra.lublin.eu\/#breadcrumb\",\"itemListElement\":[{\"@type\":\"ListItem\",\"position\":1,\"name\":\"Home\",\"item\":\"https:\/\/kompetencjejutra.lublin.eu\/\"},{\"@type\":\"ListItem\",\"position\":2,\"name\":\"Strona g\u0142\u00f3wna\"}]},{\"@type\":\"WebSite\",\"@id\":\"http:\/\/kompetencjejutra.lublin.eu\/pl\/#website\",\"url\":\"http:\/\/kompetencjejutra.lublin.eu\/pl\/\",\"name\":\"KompetencjeJutra\",\"description\":\"KompetencjeJutra\",\"publisher\":{\"@id\":\"http:\/\/kompetencjejutra.lublin.eu\/pl\/#organization\"},\"potentialAction\":[{\"@type\":\"SearchAction\",\"target\":{\"@type\":\"EntryPoint\",\"urlTemplate\":\"http:\/\/kompetencjejutra.lublin.eu\/pl\/?s={search_term_string}\"},\"query-input\":{\"@type\":\"PropertyValueSpecification\",\"valueRequired\":true,\"valueName\":\"search_term_string\"}}],\"inLanguage\":\"pl-PL\"},{\"@type\":\"Organization\",\"@id\":\"http:\/\/kompetencjejutra.lublin.eu\/pl\/#organization\",\"name\":\"KompetencjeJutra\",\"url\":\"http:\/\/kompetencjejutra.lublin.eu\/pl\/\",\"logo\":{\"@type\":\"ImageObject\",\"inLanguage\":\"pl-PL\",\"@id\":\"http:\/\/kompetencjejutra.lublin.eu\/pl\/#\/schema\/logo\/image\/\",\"url\":\"https:\/\/kompetencjejutra.lublin.eu\/wp-content\/uploads\/sites\/15\/2021\/08\/logo-miasta-lublin-web.png\",\"contentUrl\":\"https:\/\/kompetencjejutra.lublin.eu\/wp-content\/uploads\/sites\/15\/2021\/08\/logo-miasta-lublin-web.png\",\"width\":281,\"height\":101,\"caption\":\"KompetencjeJutra\"},\"image\":{\"@id\":\"http:\/\/kompetencjejutra.lublin.eu\/pl\/#\/schema\/logo\/image\/\"}}]}<\/script>\n<!-- \/ Yoast SEO plugin. -->","yoast_head_json":{"title":"Strona g\u0142\u00f3wna - KompetencjeJutra","robots":{"index":"index","follow":"follow","max-snippet":"max-snippet:-1","max-image-preview":"max-image-preview:large","max-video-preview":"max-video-preview:-1"},"canonical":"https:\/\/kompetencjejutra.lublin.eu\/pl\/","og_locale":"pl_PL","og_type":"article","og_title":"Strona g\u0142\u00f3wna - KompetencjeJutra","og_description":"____________________ Program Kompetencje jutra \u2013 Lublin inspiruje przysz\u0142o\u015b\u0107 powsta\u0142 z&nbsp;inicjatywy Wydzia\u0142u Strategii i&nbsp;Obs\u0142ugi Inwestor\u00f3w Urz\u0119du Miasta Lublin we&nbsp;wsp\u00f3\u0142pracy z&nbsp;sektorem nowoczesnych us\u0142ug biznesowych, lubelskimi uczelniami wy\u017cszymi oraz&nbsp;\u015brodowiskiem edukacyjnym. Funkcjonowanie systemu edukacji, kszta\u0142towanie kompetencji jego uczestnik\u00f3w oraz&nbsp;przysz\u0142o\u015bci nauczania i&nbsp;uczenia si\u0119, szczeg\u00f3lnie w&nbsp;kontek\u015bcie koncepcji uczenia si\u0119 przez&nbsp;ca\u0142e \u017cycie to&nbsp;obszary, kt\u00f3re przy\u015bwiecaj\u0105 idei programu Kompetencje jutra \u2013 Lublin inspiruje ... Czytaj dalej","og_url":"https:\/\/kompetencjejutra.lublin.eu\/","og_site_name":"KompetencjeJutra","article_modified_time":"2025-10-10T11:48:56+00:00","og_image":[{"url":"https:\/\/kompetencjejutra.lublin.eu\/wp-content\/uploads\/sites\/15\/2022\/03\/QZZ_1651-scaled-1024x682.jpg","type":"","width":"","height":""}],"twitter_card":"summary_large_image","twitter_misc":{"Szacowany czas czytania":"1 minuta"},"schema":{"@context":"https:\/\/schema.org","@graph":[{"@type":"WebPage","@id":"https:\/\/kompetencjejutra.lublin.eu\/","url":"https:\/\/kompetencjejutra.lublin.eu\/","name":"Strona g\u0142\u00f3wna - KompetencjeJutra","isPartOf":{"@id":"http:\/\/kompetencjejutra.lublin.eu\/pl\/#website"},"primaryImageOfPage":{"@id":"https:\/\/kompetencjejutra.lublin.eu\/#primaryimage"},"image":{"@id":"https:\/\/kompetencjejutra.lublin.eu\/#primaryimage"},"thumbnailUrl":"https:\/\/kompetencjejutra.lublin.eu\/wp-content\/uploads\/sites\/15\/2022\/03\/QZZ_1651-scaled-1024x682.jpg","datePublished":"2021-08-17T09:39:21+00:00","dateModified":"2025-10-10T11:48:56+00:00","breadcrumb":{"@id":"https:\/\/kompetencjejutra.lublin.eu\/#breadcrumb"},"inLanguage":"pl-PL","potentialAction":[{"@type":"ReadAction","target":["https:\/\/kompetencjejutra.lublin.eu\/"]}]},{"@type":"ImageObject","inLanguage":"pl-PL","@id":"https:\/\/kompetencjejutra.lublin.eu\/#primaryimage","url":"https:\/\/kompetencjejutra.lublin.eu\/wp-content\/uploads\/sites\/15\/2022\/03\/QZZ_1651-scaled-1024x682.jpg","contentUrl":"https:\/\/kompetencjejutra.lublin.eu\/wp-content\/uploads\/sites\/15\/2022\/03\/QZZ_1651-scaled-1024x682.jpg"},{"@type":"BreadcrumbList","@id":"https:\/\/kompetencjejutra.lublin.eu\/#breadcrumb","itemListElement":[{"@type":"ListItem","position":1,"name":"Home","item":"https:\/\/kompetencjejutra.lublin.eu\/"},{"@type":"ListItem","position":2,"name":"Strona g\u0142\u00f3wna"}]},{"@type":"WebSite","@id":"http:\/\/kompetencjejutra.lublin.eu\/pl\/#website","url":"http:\/\/kompetencjejutra.lublin.eu\/pl\/","name":"KompetencjeJutra","description":"KompetencjeJutra","publisher":{"@id":"http:\/\/kompetencjejutra.lublin.eu\/pl\/#organization"},"potentialAction":[{"@type":"SearchAction","target":{"@type":"EntryPoint","urlTemplate":"http:\/\/kompetencjejutra.lublin.eu\/pl\/?s={search_term_string}"},"query-input":{"@type":"PropertyValueSpecification","valueRequired":true,"valueName":"search_term_string"}}],"inLanguage":"pl-PL"},{"@type":"Organization","@id":"http:\/\/kompetencjejutra.lublin.eu\/pl\/#organization","name":"KompetencjeJutra","url":"http:\/\/kompetencjejutra.lublin.eu\/pl\/","logo":{"@type":"ImageObject","inLanguage":"pl-PL","@id":"http:\/\/kompetencjejutra.lublin.eu\/pl\/#\/schema\/logo\/image\/","url":"https:\/\/kompetencjejutra.lublin.eu\/wp-content\/uploads\/sites\/15\/2021\/08\/logo-miasta-lublin-web.png","contentUrl":"https:\/\/kompetencjejutra.lublin.eu\/wp-content\/uploads\/sites\/15\/2021\/08\/logo-miasta-lublin-web.png","width":281,"height":101,"caption":"KompetencjeJutra"},"image":{"@id":"http:\/\/kompetencjejutra.lublin.eu\/pl\/#\/schema\/logo\/image\/"}}]}},"mfb_rest_fields":["title","featured_image_src","yoast_head","yoast_head_json"],"_links":{"self":[{"href":"https:\/\/kompetencjejutra.lublin.eu\/pl\/wp-json\/wp\/v2\/pages\/7","targetHints":{"allow":["GET"]}}],"collection":[{"href":"https:\/\/kompetencjejutra.lublin.eu\/pl\/wp-json\/wp\/v2\/pages"}],"about":[{"href":"https:\/\/kompetencjejutra.lublin.eu\/pl\/wp-json\/wp\/v2\/types\/page"}],"author":[{"embeddable":true,"href":"https:\/\/kompetencjejutra.lublin.eu\/pl\/wp-json\/wp\/v2\/users\/6"}],"replies":[{"embeddable":true,"href":"https:\/\/kompetencjejutra.lublin.eu\/pl\/wp-json\/wp\/v2\/comments?post=7"}],"version-history":[{"count":23,"href":"https:\/\/kompetencjejutra.lublin.eu\/pl\/wp-json\/wp\/v2\/pages\/7\/revisions"}],"predecessor-version":[{"id":2196,"href":"https:\/\/kompetencjejutra.lublin.eu\/pl\/wp-json\/wp\/v2\/pages\/7\/revisions\/2196"}],"wp:attachment":[{"href":"https:\/\/kompetencjejutra.lublin.eu\/pl\/wp-json\/wp\/v2\/media?parent=7"}],"curies":[{"name":"wp","href":"https:\/\/api.w.org\/{rel}","templated":true}]}}