{"id":475,"date":"2022-10-31T11:39:00","date_gmt":"2022-10-31T10:39:00","guid":{"rendered":"https:\/\/kompetencjejutra.lublin.eu\/?page_id=475"},"modified":"2026-04-07T14:58:40","modified_gmt":"2026-04-07T12:58:40","slug":"mapa-aktywnosci","status":"publish","type":"page","link":"https:\/\/kompetencjejutra.lublin.eu\/mapa-aktywnosci\/","title":{"rendered":"Mapa aktywno\u015bci"},"content":{"rendered":"\n<div class=\"wp-block-columns is-layout-flex wp-container-core-columns-is-layout-9d6595d7 wp-block-columns-is-layout-flex\">\n<div class=\"wp-block-column is-layout-flow wp-block-column-is-layout-flow\">\n<p><\/p>\n\n\n\n<p><\/p>\n\n\n\n<p class=\"has-text-align-center has-accent-color has-text-color\"><strong>Ju\u017c wkr\u00f3tce wi\u0119cej informacji na temat aktywno\u015bci zaproponowanych przez lubelskie firmy z sektora nowoczesnych us\u0142ug dla biznesu<\/strong><\/p>\n<\/div>\n<\/div>\n\n\n\n<div class=\"wp-block-buttons is-content-justification-center is-layout-flex wp-container-core-buttons-is-layout-5590e8cb wp-block-buttons-is-layout-flex\">\n<div class=\"wp-block-button has-custom-width wp-block-button__width-75\"><a class=\"wp-block-button__link wp-element-button\" href=\"https:\/\/kompetencjejutra.lublin.eu\/formularz-zgloszeniowy-dla-uczestnikow\/\"><strong>Formularz zg\u0142oszeniowy <\/strong><\/a><\/div>\n<\/div>\n\n\n\n<p><\/p>\n","protected":false},"excerpt":{"rendered":"<p>Ju\u017c wkr\u00f3tce wi\u0119cej informacji na temat aktywno\u015bci zaproponowanych przez lubelskie firmy z sektora nowoczesnych us\u0142ug dla biznesu<\/p>\n","protected":false},"author":6,"featured_media":0,"parent":0,"menu_order":0,"comment_status":"closed","ping_status":"closed","template":"","meta":{"_acf_changed":false,"footnotes":""},"class_list":["post-475","page","type-page","status-publish"],"acf":[],"mb":[],"featured_image_src":null,"yoast_head":"<!-- This site is optimized with the Yoast SEO plugin v26.3 - https:\/\/yoast.com\/wordpress\/plugins\/seo\/ -->\n<title>Mapa aktywno\u015bci - KompetencjeJutra<\/title>\n<meta name=\"robots\" content=\"index, follow, max-snippet:-1, max-image-preview:large, max-video-preview:-1\" \/>\n<link rel=\"canonical\" href=\"https:\/\/kompetencjejutra.lublin.eu\/pl\/mapa-aktywnosci\/\" \/>\n<meta property=\"og:locale\" content=\"pl_PL\" \/>\n<meta property=\"og:type\" content=\"article\" \/>\n<meta property=\"og:title\" content=\"Mapa aktywno\u015bci - KompetencjeJutra\" \/>\n<meta property=\"og:description\" content=\"Ju\u017c wkr\u00f3tce wi\u0119cej informacji na temat aktywno\u015bci zaproponowanych przez lubelskie firmy z sektora nowoczesnych us\u0142ug dla biznesu\" \/>\n<meta property=\"og:url\" content=\"https:\/\/kompetencjejutra.lublin.eu\/mapa-aktywnosci\/\" \/>\n<meta property=\"og:site_name\" content=\"KompetencjeJutra\" \/>\n<meta property=\"article:modified_time\" content=\"2026-04-07T12:58:40+00:00\" \/>\n<meta name=\"twitter:card\" content=\"summary_large_image\" \/>\n<meta name=\"twitter:label1\" content=\"Szacowany czas czytania\" \/>\n\t<meta name=\"twitter:data1\" content=\"1 minuta\" \/>\n<script type=\"application\/ld+json\" class=\"yoast-schema-graph\">{\"@context\":\"https:\/\/schema.org\",\"@graph\":[{\"@type\":\"WebPage\",\"@id\":\"https:\/\/kompetencjejutra.lublin.eu\/mapa-aktywnosci\/\",\"url\":\"https:\/\/kompetencjejutra.lublin.eu\/mapa-aktywnosci\/\",\"name\":\"Mapa aktywno\u015bci - KompetencjeJutra\",\"isPartOf\":{\"@id\":\"http:\/\/kompetencjejutra.lublin.eu\/pl\/#website\"},\"datePublished\":\"2022-10-31T10:39:00+00:00\",\"dateModified\":\"2026-04-07T12:58:40+00:00\",\"breadcrumb\":{\"@id\":\"https:\/\/kompetencjejutra.lublin.eu\/mapa-aktywnosci\/#breadcrumb\"},\"inLanguage\":\"pl-PL\",\"potentialAction\":[{\"@type\":\"ReadAction\",\"target\":[\"https:\/\/kompetencjejutra.lublin.eu\/mapa-aktywnosci\/\"]}]},{\"@type\":\"BreadcrumbList\",\"@id\":\"https:\/\/kompetencjejutra.lublin.eu\/mapa-aktywnosci\/#breadcrumb\",\"itemListElement\":[{\"@type\":\"ListItem\",\"position\":1,\"name\":\"Home\",\"item\":\"https:\/\/kompetencjejutra.lublin.eu\/\"},{\"@type\":\"ListItem\",\"position\":2,\"name\":\"Mapa aktywno\u015bci\"}]},{\"@type\":\"WebSite\",\"@id\":\"http:\/\/kompetencjejutra.lublin.eu\/pl\/#website\",\"url\":\"http:\/\/kompetencjejutra.lublin.eu\/pl\/\",\"name\":\"KompetencjeJutra\",\"description\":\"KompetencjeJutra\",\"publisher\":{\"@id\":\"http:\/\/kompetencjejutra.lublin.eu\/pl\/#organization\"},\"potentialAction\":[{\"@type\":\"SearchAction\",\"target\":{\"@type\":\"EntryPoint\",\"urlTemplate\":\"http:\/\/kompetencjejutra.lublin.eu\/pl\/?s={search_term_string}\"},\"query-input\":{\"@type\":\"PropertyValueSpecification\",\"valueRequired\":true,\"valueName\":\"search_term_string\"}}],\"inLanguage\":\"pl-PL\"},{\"@type\":\"Organization\",\"@id\":\"http:\/\/kompetencjejutra.lublin.eu\/pl\/#organization\",\"name\":\"KompetencjeJutra\",\"url\":\"http:\/\/kompetencjejutra.lublin.eu\/pl\/\",\"logo\":{\"@type\":\"ImageObject\",\"inLanguage\":\"pl-PL\",\"@id\":\"http:\/\/kompetencjejutra.lublin.eu\/pl\/#\/schema\/logo\/image\/\",\"url\":\"https:\/\/kompetencjejutra.lublin.eu\/wp-content\/uploads\/sites\/15\/2021\/08\/logo-miasta-lublin-web.png\",\"contentUrl\":\"https:\/\/kompetencjejutra.lublin.eu\/wp-content\/uploads\/sites\/15\/2021\/08\/logo-miasta-lublin-web.png\",\"width\":281,\"height\":101,\"caption\":\"KompetencjeJutra\"},\"image\":{\"@id\":\"http:\/\/kompetencjejutra.lublin.eu\/pl\/#\/schema\/logo\/image\/\"}}]}<\/script>\n<!-- \/ Yoast SEO plugin. -->","yoast_head_json":{"title":"Mapa aktywno\u015bci - KompetencjeJutra","robots":{"index":"index","follow":"follow","max-snippet":"max-snippet:-1","max-image-preview":"max-image-preview:large","max-video-preview":"max-video-preview:-1"},"canonical":"https:\/\/kompetencjejutra.lublin.eu\/pl\/mapa-aktywnosci\/","og_locale":"pl_PL","og_type":"article","og_title":"Mapa aktywno\u015bci - KompetencjeJutra","og_description":"Ju\u017c wkr\u00f3tce wi\u0119cej informacji na temat aktywno\u015bci zaproponowanych przez lubelskie firmy z sektora nowoczesnych us\u0142ug dla biznesu","og_url":"https:\/\/kompetencjejutra.lublin.eu\/mapa-aktywnosci\/","og_site_name":"KompetencjeJutra","article_modified_time":"2026-04-07T12:58:40+00:00","twitter_card":"summary_large_image","twitter_misc":{"Szacowany czas czytania":"1 minuta"},"schema":{"@context":"https:\/\/schema.org","@graph":[{"@type":"WebPage","@id":"https:\/\/kompetencjejutra.lublin.eu\/mapa-aktywnosci\/","url":"https:\/\/kompetencjejutra.lublin.eu\/mapa-aktywnosci\/","name":"Mapa aktywno\u015bci - KompetencjeJutra","isPartOf":{"@id":"http:\/\/kompetencjejutra.lublin.eu\/pl\/#website"},"datePublished":"2022-10-31T10:39:00+00:00","dateModified":"2026-04-07T12:58:40+00:00","breadcrumb":{"@id":"https:\/\/kompetencjejutra.lublin.eu\/mapa-aktywnosci\/#breadcrumb"},"inLanguage":"pl-PL","potentialAction":[{"@type":"ReadAction","target":["https:\/\/kompetencjejutra.lublin.eu\/mapa-aktywnosci\/"]}]},{"@type":"BreadcrumbList","@id":"https:\/\/kompetencjejutra.lublin.eu\/mapa-aktywnosci\/#breadcrumb","itemListElement":[{"@type":"ListItem","position":1,"name":"Home","item":"https:\/\/kompetencjejutra.lublin.eu\/"},{"@type":"ListItem","position":2,"name":"Mapa aktywno\u015bci"}]},{"@type":"WebSite","@id":"http:\/\/kompetencjejutra.lublin.eu\/pl\/#website","url":"http:\/\/kompetencjejutra.lublin.eu\/pl\/","name":"KompetencjeJutra","description":"KompetencjeJutra","publisher":{"@id":"http:\/\/kompetencjejutra.lublin.eu\/pl\/#organization"},"potentialAction":[{"@type":"SearchAction","target":{"@type":"EntryPoint","urlTemplate":"http:\/\/kompetencjejutra.lublin.eu\/pl\/?s={search_term_string}"},"query-input":{"@type":"PropertyValueSpecification","valueRequired":true,"valueName":"search_term_string"}}],"inLanguage":"pl-PL"},{"@type":"Organization","@id":"http:\/\/kompetencjejutra.lublin.eu\/pl\/#organization","name":"KompetencjeJutra","url":"http:\/\/kompetencjejutra.lublin.eu\/pl\/","logo":{"@type":"ImageObject","inLanguage":"pl-PL","@id":"http:\/\/kompetencjejutra.lublin.eu\/pl\/#\/schema\/logo\/image\/","url":"https:\/\/kompetencjejutra.lublin.eu\/wp-content\/uploads\/sites\/15\/2021\/08\/logo-miasta-lublin-web.png","contentUrl":"https:\/\/kompetencjejutra.lublin.eu\/wp-content\/uploads\/sites\/15\/2021\/08\/logo-miasta-lublin-web.png","width":281,"height":101,"caption":"KompetencjeJutra"},"image":{"@id":"http:\/\/kompetencjejutra.lublin.eu\/pl\/#\/schema\/logo\/image\/"}}]}},"mfb_rest_fields":["title","featured_image_src","yoast_head","yoast_head_json"],"_links":{"self":[{"href":"https:\/\/kompetencjejutra.lublin.eu\/pl\/wp-json\/wp\/v2\/pages\/475","targetHints":{"allow":["GET"]}}],"collection":[{"href":"https:\/\/kompetencjejutra.lublin.eu\/pl\/wp-json\/wp\/v2\/pages"}],"about":[{"href":"https:\/\/kompetencjejutra.lublin.eu\/pl\/wp-json\/wp\/v2\/types\/page"}],"author":[{"embeddable":true,"href":"https:\/\/kompetencjejutra.lublin.eu\/pl\/wp-json\/wp\/v2\/users\/6"}],"replies":[{"embeddable":true,"href":"https:\/\/kompetencjejutra.lublin.eu\/pl\/wp-json\/wp\/v2\/comments?post=475"}],"version-history":[{"count":98,"href":"https:\/\/kompetencjejutra.lublin.eu\/pl\/wp-json\/wp\/v2\/pages\/475\/revisions"}],"predecessor-version":[{"id":2244,"href":"https:\/\/kompetencjejutra.lublin.eu\/pl\/wp-json\/wp\/v2\/pages\/475\/revisions\/2244"}],"wp:attachment":[{"href":"https:\/\/kompetencjejutra.lublin.eu\/pl\/wp-json\/wp\/v2\/media?parent=475"}],"curies":[{"name":"wp","href":"https:\/\/api.w.org\/{rel}","templated":true}]}}