{"id":420,"date":"2022-03-17T08:52:15","date_gmt":"2022-03-17T07:52:15","guid":{"rendered":"https:\/\/kompetencjejutra.lublin.eu\/?page_id=420"},"modified":"2025-02-17T13:15:43","modified_gmt":"2025-02-17T12:15:43","slug":"o-programie","status":"publish","type":"page","link":"https:\/\/kompetencjejutra.lublin.eu\/o-programie\/","title":{"rendered":"O programie"},"content":{"rendered":"\n<div class=\"wp-block-columns is-layout-flex wp-container-core-columns-is-layout-9d6595d7 wp-block-columns-is-layout-flex\">\n<div class=\"wp-block-column is-layout-flow wp-block-column-is-layout-flow\" style=\"flex-basis:66.66%\">\n<p>Dzisiejszy \u015bwiat poprzez nieustaj\u0105cy rozw\u00f3j technologii wymusza ci\u0105g\u0142e uczenie si\u0119 i dostosowywanie do zmieniaj\u0105cych si\u0119 warunk\u00f3w \u017cycia i pracy. Zdobyty w ramach systemu edukacji zaw\u00f3d nie wystarcza ju\u017c, by zapewni\u0107 stabilne zatrudnienie w ca\u0142ym okresie aktywno\u015bci zawodowej. Coraz wi\u0119kszego znaczenia nabywaj\u0105 wysokiej jako\u015bci kwalifikacje, kt\u00f3rych zestawy umo\u017cliwiaj\u0105 wykonywanie zada\u0144 zawodowych \u0142\u0105cz\u0105cych najcz\u0119\u015bciej r\u00f3\u017cne obszary kompetencyjne.<\/p>\n<\/div>\n\n\n\n<div class=\"wp-block-column is-layout-flow wp-block-column-is-layout-flow\" style=\"flex-basis:33.33%\">\n<figure class=\"wp-block-image size-large\"><img loading=\"lazy\" decoding=\"async\" width=\"1024\" height=\"346\" src=\"http:\/\/kompetencjejutra.lublin.eu\/wp-content\/uploads\/sites\/15\/2022\/03\/Logotyp-07-scaled-1024x346.jpg\" alt=\"\" class=\"wp-image-522\" srcset=\"https:\/\/kompetencjejutra.lublin.eu\/wp-content\/uploads\/sites\/15\/2022\/03\/Logotyp-07-scaled-1024x346.jpg 1024w, https:\/\/kompetencjejutra.lublin.eu\/wp-content\/uploads\/sites\/15\/2022\/03\/Logotyp-07-scaled-300x101.jpg 300w, https:\/\/kompetencjejutra.lublin.eu\/wp-content\/uploads\/sites\/15\/2022\/03\/Logotyp-07-scaled-768x260.jpg 768w, https:\/\/kompetencjejutra.lublin.eu\/wp-content\/uploads\/sites\/15\/2022\/03\/Logotyp-07-scaled-1536x520.jpg 1536w, https:\/\/kompetencjejutra.lublin.eu\/wp-content\/uploads\/sites\/15\/2022\/03\/Logotyp-07-scaled-2048x693.jpg 2048w, https:\/\/kompetencjejutra.lublin.eu\/wp-content\/uploads\/sites\/15\/2022\/03\/Logotyp-07-scaled-1600x541.jpg 1600w\" sizes=\"auto, (max-width: 1024px) 100vw, 1024px\" \/><\/figure>\n<\/div>\n<\/div>\n\n\n\n<p>Program &#8222;<strong>Kompetencje jutra &#8211; Lublin inspiruje przysz\u0142o\u015b\u0107<\/strong>&#8221; powsta\u0142 z inicjatywy Wydzia\u0142u Strategii i Obs\u0142ugi Inwestor\u00f3w Urz\u0119du Miasta Lublin we wsp\u00f3\u0142pracy z sektorem nowoczesnych us\u0142ug biznesowych, lubelskimi uczelniami wy\u017cszymi oraz \u015brodowiskiem edukacyjnym. Funkcjonowanie systemu edukacji, kszta\u0142towanie kompetencji jego uczestnik\u00f3w oraz przysz\u0142o\u015bci nauczania i uczenia si\u0119, szczeg\u00f3lnie w kontek\u015bcie koncepcji uczenia si\u0119 przez ca\u0142e \u017cycie to obszary, kt\u00f3re przy\u015bwiecaj\u0105 idei programu &#8222;<strong>Kompetencje jutra &#8211; Lublin inspiruje przysz\u0142o\u015b\u0107<\/strong>&#8222;.<\/p>\n\n\n\n<p>Obok zapewniania rozwi\u0105za\u0144 zwi\u0119kszaj\u0105cych produktywno\u015b\u0107 w poszczeg\u00f3lnych ga\u0142\u0119ziach gospodarki, nowoczesne technologie informacyjno-komunikacyjne dostarczaj\u0105 nieograniczonych informacji, pozwalaj\u0105cych na powszechn\u0105 komunikacj\u0119 w skali globalnej, co implikuje zar\u00f3wno przyspieszenie rozwoju gospodarek na poziomie pa\u0144stw i region\u00f3w, ale tak\u017ce dynamiczny rozw\u00f3j poszczeg\u00f3lnych przedsi\u0119biorstw.<\/p>\n\n\n\n<div class=\"wp-block-columns is-layout-flex wp-container-core-columns-is-layout-9d6595d7 wp-block-columns-is-layout-flex\">\n<div class=\"wp-block-column is-layout-flow wp-block-column-is-layout-flow\" style=\"flex-basis:50%\">\n<figure class=\"wp-block-image size-large add-bg\"><img loading=\"lazy\" decoding=\"async\" width=\"1024\" height=\"681\" src=\"http:\/\/kompetencjejutra.lublin.eu\/wp-content\/uploads\/sites\/15\/2022\/03\/QZZ_1604-scaled-1024x681.jpg\" alt=\"\" class=\"wp-image-516\" srcset=\"https:\/\/kompetencjejutra.lublin.eu\/wp-content\/uploads\/sites\/15\/2022\/03\/QZZ_1604-scaled-1024x681.jpg 1024w, https:\/\/kompetencjejutra.lublin.eu\/wp-content\/uploads\/sites\/15\/2022\/03\/QZZ_1604-scaled-300x200.jpg 300w, https:\/\/kompetencjejutra.lublin.eu\/wp-content\/uploads\/sites\/15\/2022\/03\/QZZ_1604-scaled-768x511.jpg 768w, https:\/\/kompetencjejutra.lublin.eu\/wp-content\/uploads\/sites\/15\/2022\/03\/QZZ_1604-scaled-391x260.jpg 391w, https:\/\/kompetencjejutra.lublin.eu\/wp-content\/uploads\/sites\/15\/2022\/03\/QZZ_1604-scaled-1536x1022.jpg 1536w, https:\/\/kompetencjejutra.lublin.eu\/wp-content\/uploads\/sites\/15\/2022\/03\/QZZ_1604-scaled-2048x1362.jpg 2048w, https:\/\/kompetencjejutra.lublin.eu\/wp-content\/uploads\/sites\/15\/2022\/03\/QZZ_1604-scaled-1600x1064.jpg 1600w\" sizes=\"auto, (max-width: 1024px) 100vw, 1024px\" \/><\/figure>\n<\/div>\n\n\n\n<div class=\"wp-block-column is-layout-flow wp-block-column-is-layout-flow\" style=\"flex-basis:50%\">\n<p><br>W warunkach transformacji cyfrowej kluczowym zasobem staje si\u0119 wiedza, a kompetencj\u0105 ludzi i organizacji \u2013 spos\u00f3b i szybko\u015b\u0107 jej pozyskiwania i wykorzystywania. Na rynku pracy kszta\u0142towanym przez procesy automatyzacji i platformizacji odnajd\u0105 si\u0119 tacy pracownicy, kt\u00f3rzy bazuj\u0105c na zaawansowanych kompetencjach poznawczych, spo\u0142ecznych i technicznych (w tym cyfrowych) b\u0119d\u0105 potrafili dostosowywa\u0107 profil swoich umiej\u0119tno\u015bci do szybko zmieniaj\u0105cych si\u0119 oczekiwa\u0144 pracodawc\u00f3w. Kompetencje jutra mog\u0105 by\u0107 skutecznie kszta\u0142towane tylko w ramach szerokiego i elastycznego ekosystemu edukacyjnego nastawionego na kszta\u0142cenie ustawiczne. Centrum tego ekosystemu stanowi jednostka, kt\u00f3ra rozumie potrzeb\u0119 sta\u0142ego dokszta\u0142cania i nabywania nowych umiej\u0119tno\u015bci.<\/p>\n<\/div>\n<\/div>\n\n\n\n<p>Lublin jest obecnie kluczow\u0105 lokalizacj\u0105 dla sektora nowoczesnych us\u0142ug dla biznesu w Polsce Wschodniej. To w\u0142a\u015bnie w tym sektorze kompetencje jutra obecnie s\u0105 ju\u017c implementowane i wykorzystywane. Sektor nowoczesnych us\u0142ug dla biznesu jest doskona\u0142ym przyk\u0142adem dla pozosta\u0142ych sektor\u00f3w innowacyjnej gospodarki, w jaki spos\u00f3b rozwija\u0107 i wdra\u017ca\u0107 kompetencje jutra w firmach, jednostkach i o\u015brodkach.<\/p>\n\n\n\n<p>Program \u201e<strong>Kompetencje jutra \u2013 Lublin inspiruje przysz\u0142o\u015b\u0107<\/strong>\u201d skierowany jest do szerokiego grona przedstawicieli sektora nowoczesnych us\u0142ug dla biznesu, firm IT tworz\u0105cych oprogramowanie i nowoczesne technologie, \u015brodowiska edukacyjnego i o\u015bwiaty, w tym organ\u00f3w prowadz\u0105cych szko\u0142y zawodowe i szko\u0142y \u015brednie, a tak\u017ce uczelni wy\u017cszych oraz jednostek wspieraj\u0105cych rozw\u00f3j edukacji, czy instytucji otoczenia biznesu. Wa\u017cn\u0105 grup\u0105 odbiorc\u00f3w programu, s\u0105 tak\u017ce pracownicy poszukuj\u0105cy nowych kompetencji i \u015bcie\u017cek rozwoju zawodowego.<\/p>\n","protected":false},"excerpt":{"rendered":"<p>Dzisiejszy \u015bwiat poprzez nieustaj\u0105cy rozw\u00f3j technologii wymusza ci\u0105g\u0142e uczenie si\u0119 i dostosowywanie do zmieniaj\u0105cych si\u0119 warunk\u00f3w \u017cycia i pracy. Zdobyty w ramach systemu edukacji zaw\u00f3d nie wystarcza ju\u017c, by zapewni\u0107 stabilne zatrudnienie w ca\u0142ym okresie aktywno\u015bci zawodowej. Coraz wi\u0119kszego znaczenia nabywaj\u0105 wysokiej jako\u015bci kwalifikacje, kt\u00f3rych zestawy umo\u017cliwiaj\u0105 wykonywanie zada\u0144 zawodowych \u0142\u0105cz\u0105cych najcz\u0119\u015bciej r\u00f3\u017cne obszary kompetencyjne. &#8230; <a title=\"O programie\" class=\"read-more\" href=\"https:\/\/kompetencjejutra.lublin.eu\/o-programie\/\" aria-label=\"Dowiedz si\u0119 wi\u0119cej o O programie\">Czytaj dalej<\/a><\/p>\n","protected":false},"author":6,"featured_media":0,"parent":0,"menu_order":0,"comment_status":"closed","ping_status":"closed","template":"","meta":{"_acf_changed":false,"footnotes":""},"class_list":["post-420","page","type-page","status-publish"],"acf":[],"mb":[],"featured_image_src":null,"yoast_head":"<!-- This site is optimized with the Yoast SEO plugin v26.3 - https:\/\/yoast.com\/wordpress\/plugins\/seo\/ -->\n<title>O programie - KompetencjeJutra<\/title>\n<meta name=\"robots\" content=\"index, follow, max-snippet:-1, max-image-preview:large, max-video-preview:-1\" \/>\n<link rel=\"canonical\" href=\"https:\/\/kompetencjejutra.lublin.eu\/pl\/o-programie\/\" \/>\n<meta property=\"og:locale\" content=\"pl_PL\" \/>\n<meta property=\"og:type\" content=\"article\" \/>\n<meta property=\"og:title\" content=\"O programie - KompetencjeJutra\" \/>\n<meta property=\"og:description\" content=\"Dzisiejszy \u015bwiat poprzez nieustaj\u0105cy rozw\u00f3j technologii wymusza ci\u0105g\u0142e uczenie si\u0119 i dostosowywanie do zmieniaj\u0105cych si\u0119 warunk\u00f3w \u017cycia i pracy. Zdobyty w ramach systemu edukacji zaw\u00f3d nie wystarcza ju\u017c, by zapewni\u0107 stabilne zatrudnienie w ca\u0142ym okresie aktywno\u015bci zawodowej. Coraz wi\u0119kszego znaczenia nabywaj\u0105 wysokiej jako\u015bci kwalifikacje, kt\u00f3rych zestawy umo\u017cliwiaj\u0105 wykonywanie zada\u0144 zawodowych \u0142\u0105cz\u0105cych najcz\u0119\u015bciej r\u00f3\u017cne obszary kompetencyjne. ... Czytaj dalej\" \/>\n<meta property=\"og:url\" content=\"https:\/\/kompetencjejutra.lublin.eu\/o-programie\/\" \/>\n<meta property=\"og:site_name\" content=\"KompetencjeJutra\" \/>\n<meta property=\"article:modified_time\" content=\"2025-02-17T12:15:43+00:00\" \/>\n<meta property=\"og:image\" content=\"http:\/\/kompetencjejutra.lublin.eu\/wp-content\/uploads\/sites\/15\/2022\/03\/Logotyp-07-scaled-1024x346.jpg\" \/>\n<meta name=\"twitter:card\" content=\"summary_large_image\" \/>\n<meta name=\"twitter:label1\" content=\"Szacowany czas czytania\" \/>\n\t<meta name=\"twitter:data1\" content=\"3 minuty\" \/>\n<script type=\"application\/ld+json\" class=\"yoast-schema-graph\">{\"@context\":\"https:\/\/schema.org\",\"@graph\":[{\"@type\":\"WebPage\",\"@id\":\"https:\/\/kompetencjejutra.lublin.eu\/o-programie\/\",\"url\":\"https:\/\/kompetencjejutra.lublin.eu\/o-programie\/\",\"name\":\"O programie - KompetencjeJutra\",\"isPartOf\":{\"@id\":\"http:\/\/kompetencjejutra.lublin.eu\/pl\/#website\"},\"primaryImageOfPage\":{\"@id\":\"https:\/\/kompetencjejutra.lublin.eu\/o-programie\/#primaryimage\"},\"image\":{\"@id\":\"https:\/\/kompetencjejutra.lublin.eu\/o-programie\/#primaryimage\"},\"thumbnailUrl\":\"http:\/\/kompetencjejutra.lublin.eu\/wp-content\/uploads\/sites\/15\/2022\/03\/Logotyp-07-scaled-1024x346.jpg\",\"datePublished\":\"2022-03-17T07:52:15+00:00\",\"dateModified\":\"2025-02-17T12:15:43+00:00\",\"breadcrumb\":{\"@id\":\"https:\/\/kompetencjejutra.lublin.eu\/o-programie\/#breadcrumb\"},\"inLanguage\":\"pl-PL\",\"potentialAction\":[{\"@type\":\"ReadAction\",\"target\":[\"https:\/\/kompetencjejutra.lublin.eu\/o-programie\/\"]}]},{\"@type\":\"ImageObject\",\"inLanguage\":\"pl-PL\",\"@id\":\"https:\/\/kompetencjejutra.lublin.eu\/o-programie\/#primaryimage\",\"url\":\"http:\/\/kompetencjejutra.lublin.eu\/wp-content\/uploads\/sites\/15\/2022\/03\/Logotyp-07-scaled-1024x346.jpg\",\"contentUrl\":\"http:\/\/kompetencjejutra.lublin.eu\/wp-content\/uploads\/sites\/15\/2022\/03\/Logotyp-07-scaled-1024x346.jpg\"},{\"@type\":\"BreadcrumbList\",\"@id\":\"https:\/\/kompetencjejutra.lublin.eu\/o-programie\/#breadcrumb\",\"itemListElement\":[{\"@type\":\"ListItem\",\"position\":1,\"name\":\"Home\",\"item\":\"https:\/\/kompetencjejutra.lublin.eu\/\"},{\"@type\":\"ListItem\",\"position\":2,\"name\":\"O&nbsp;programie\"}]},{\"@type\":\"WebSite\",\"@id\":\"http:\/\/kompetencjejutra.lublin.eu\/pl\/#website\",\"url\":\"http:\/\/kompetencjejutra.lublin.eu\/pl\/\",\"name\":\"KompetencjeJutra\",\"description\":\"KompetencjeJutra\",\"publisher\":{\"@id\":\"http:\/\/kompetencjejutra.lublin.eu\/pl\/#organization\"},\"potentialAction\":[{\"@type\":\"SearchAction\",\"target\":{\"@type\":\"EntryPoint\",\"urlTemplate\":\"http:\/\/kompetencjejutra.lublin.eu\/pl\/?s={search_term_string}\"},\"query-input\":{\"@type\":\"PropertyValueSpecification\",\"valueRequired\":true,\"valueName\":\"search_term_string\"}}],\"inLanguage\":\"pl-PL\"},{\"@type\":\"Organization\",\"@id\":\"http:\/\/kompetencjejutra.lublin.eu\/pl\/#organization\",\"name\":\"KompetencjeJutra\",\"url\":\"http:\/\/kompetencjejutra.lublin.eu\/pl\/\",\"logo\":{\"@type\":\"ImageObject\",\"inLanguage\":\"pl-PL\",\"@id\":\"http:\/\/kompetencjejutra.lublin.eu\/pl\/#\/schema\/logo\/image\/\",\"url\":\"https:\/\/kompetencjejutra.lublin.eu\/wp-content\/uploads\/sites\/15\/2021\/08\/logo-miasta-lublin-web.png\",\"contentUrl\":\"https:\/\/kompetencjejutra.lublin.eu\/wp-content\/uploads\/sites\/15\/2021\/08\/logo-miasta-lublin-web.png\",\"width\":281,\"height\":101,\"caption\":\"KompetencjeJutra\"},\"image\":{\"@id\":\"http:\/\/kompetencjejutra.lublin.eu\/pl\/#\/schema\/logo\/image\/\"}}]}<\/script>\n<!-- \/ Yoast SEO plugin. -->","yoast_head_json":{"title":"O programie - KompetencjeJutra","robots":{"index":"index","follow":"follow","max-snippet":"max-snippet:-1","max-image-preview":"max-image-preview:large","max-video-preview":"max-video-preview:-1"},"canonical":"https:\/\/kompetencjejutra.lublin.eu\/pl\/o-programie\/","og_locale":"pl_PL","og_type":"article","og_title":"O programie - KompetencjeJutra","og_description":"Dzisiejszy \u015bwiat poprzez nieustaj\u0105cy rozw\u00f3j technologii wymusza ci\u0105g\u0142e uczenie si\u0119 i dostosowywanie do zmieniaj\u0105cych si\u0119 warunk\u00f3w \u017cycia i pracy. Zdobyty w ramach systemu edukacji zaw\u00f3d nie wystarcza ju\u017c, by zapewni\u0107 stabilne zatrudnienie w ca\u0142ym okresie aktywno\u015bci zawodowej. Coraz wi\u0119kszego znaczenia nabywaj\u0105 wysokiej jako\u015bci kwalifikacje, kt\u00f3rych zestawy umo\u017cliwiaj\u0105 wykonywanie zada\u0144 zawodowych \u0142\u0105cz\u0105cych najcz\u0119\u015bciej r\u00f3\u017cne obszary kompetencyjne. ... Czytaj dalej","og_url":"https:\/\/kompetencjejutra.lublin.eu\/o-programie\/","og_site_name":"KompetencjeJutra","article_modified_time":"2025-02-17T12:15:43+00:00","og_image":[{"url":"http:\/\/kompetencjejutra.lublin.eu\/wp-content\/uploads\/sites\/15\/2022\/03\/Logotyp-07-scaled-1024x346.jpg","type":"","width":"","height":""}],"twitter_card":"summary_large_image","twitter_misc":{"Szacowany czas czytania":"3 minuty"},"schema":{"@context":"https:\/\/schema.org","@graph":[{"@type":"WebPage","@id":"https:\/\/kompetencjejutra.lublin.eu\/o-programie\/","url":"https:\/\/kompetencjejutra.lublin.eu\/o-programie\/","name":"O programie - KompetencjeJutra","isPartOf":{"@id":"http:\/\/kompetencjejutra.lublin.eu\/pl\/#website"},"primaryImageOfPage":{"@id":"https:\/\/kompetencjejutra.lublin.eu\/o-programie\/#primaryimage"},"image":{"@id":"https:\/\/kompetencjejutra.lublin.eu\/o-programie\/#primaryimage"},"thumbnailUrl":"http:\/\/kompetencjejutra.lublin.eu\/wp-content\/uploads\/sites\/15\/2022\/03\/Logotyp-07-scaled-1024x346.jpg","datePublished":"2022-03-17T07:52:15+00:00","dateModified":"2025-02-17T12:15:43+00:00","breadcrumb":{"@id":"https:\/\/kompetencjejutra.lublin.eu\/o-programie\/#breadcrumb"},"inLanguage":"pl-PL","potentialAction":[{"@type":"ReadAction","target":["https:\/\/kompetencjejutra.lublin.eu\/o-programie\/"]}]},{"@type":"ImageObject","inLanguage":"pl-PL","@id":"https:\/\/kompetencjejutra.lublin.eu\/o-programie\/#primaryimage","url":"http:\/\/kompetencjejutra.lublin.eu\/wp-content\/uploads\/sites\/15\/2022\/03\/Logotyp-07-scaled-1024x346.jpg","contentUrl":"http:\/\/kompetencjejutra.lublin.eu\/wp-content\/uploads\/sites\/15\/2022\/03\/Logotyp-07-scaled-1024x346.jpg"},{"@type":"BreadcrumbList","@id":"https:\/\/kompetencjejutra.lublin.eu\/o-programie\/#breadcrumb","itemListElement":[{"@type":"ListItem","position":1,"name":"Home","item":"https:\/\/kompetencjejutra.lublin.eu\/"},{"@type":"ListItem","position":2,"name":"O&nbsp;programie"}]},{"@type":"WebSite","@id":"http:\/\/kompetencjejutra.lublin.eu\/pl\/#website","url":"http:\/\/kompetencjejutra.lublin.eu\/pl\/","name":"KompetencjeJutra","description":"KompetencjeJutra","publisher":{"@id":"http:\/\/kompetencjejutra.lublin.eu\/pl\/#organization"},"potentialAction":[{"@type":"SearchAction","target":{"@type":"EntryPoint","urlTemplate":"http:\/\/kompetencjejutra.lublin.eu\/pl\/?s={search_term_string}"},"query-input":{"@type":"PropertyValueSpecification","valueRequired":true,"valueName":"search_term_string"}}],"inLanguage":"pl-PL"},{"@type":"Organization","@id":"http:\/\/kompetencjejutra.lublin.eu\/pl\/#organization","name":"KompetencjeJutra","url":"http:\/\/kompetencjejutra.lublin.eu\/pl\/","logo":{"@type":"ImageObject","inLanguage":"pl-PL","@id":"http:\/\/kompetencjejutra.lublin.eu\/pl\/#\/schema\/logo\/image\/","url":"https:\/\/kompetencjejutra.lublin.eu\/wp-content\/uploads\/sites\/15\/2021\/08\/logo-miasta-lublin-web.png","contentUrl":"https:\/\/kompetencjejutra.lublin.eu\/wp-content\/uploads\/sites\/15\/2021\/08\/logo-miasta-lublin-web.png","width":281,"height":101,"caption":"KompetencjeJutra"},"image":{"@id":"http:\/\/kompetencjejutra.lublin.eu\/pl\/#\/schema\/logo\/image\/"}}]}},"mfb_rest_fields":["title","featured_image_src","yoast_head","yoast_head_json"],"_links":{"self":[{"href":"https:\/\/kompetencjejutra.lublin.eu\/pl\/wp-json\/wp\/v2\/pages\/420","targetHints":{"allow":["GET"]}}],"collection":[{"href":"https:\/\/kompetencjejutra.lublin.eu\/pl\/wp-json\/wp\/v2\/pages"}],"about":[{"href":"https:\/\/kompetencjejutra.lublin.eu\/pl\/wp-json\/wp\/v2\/types\/page"}],"author":[{"embeddable":true,"href":"https:\/\/kompetencjejutra.lublin.eu\/pl\/wp-json\/wp\/v2\/users\/6"}],"replies":[{"embeddable":true,"href":"https:\/\/kompetencjejutra.lublin.eu\/pl\/wp-json\/wp\/v2\/comments?post=420"}],"version-history":[{"count":3,"href":"https:\/\/kompetencjejutra.lublin.eu\/pl\/wp-json\/wp\/v2\/pages\/420\/revisions"}],"predecessor-version":[{"id":2089,"href":"https:\/\/kompetencjejutra.lublin.eu\/pl\/wp-json\/wp\/v2\/pages\/420\/revisions\/2089"}],"wp:attachment":[{"href":"https:\/\/kompetencjejutra.lublin.eu\/pl\/wp-json\/wp\/v2\/media?parent=420"}],"curies":[{"name":"wp","href":"https:\/\/api.w.org\/{rel}","templated":true}]}}