{"id":412,"date":"2022-03-02T10:02:54","date_gmt":"2022-03-02T09:02:54","guid":{"rendered":"https:\/\/kompetencjejutra.lublin.eu\/?page_id=412"},"modified":"2026-03-30T13:15:14","modified_gmt":"2026-03-30T11:15:14","slug":"deklaracja-dostepnosci","status":"publish","type":"page","link":"https:\/\/kompetencjejutra.lublin.eu\/deklaracja-dostepnosci\/","title":{"rendered":"Deklaracja dost\u0119pno\u015bci"},"content":{"rendered":"\n<p id=\"a11y-wstep\">Urz\u0105d Miasta Lublin&nbsp;zobowi\u0105zuje si\u0119 zapewni\u0107 dost\u0119pno\u015b\u0107 swojej strony internetowej zgodnie z&nbsp;przepisami ustawy z&nbsp;dnia&nbsp;4 kwietnia 2019&nbsp;r. o&nbsp;dost\u0119pno\u015bci cyfrowej stron internetowych i&nbsp;aplikacji mobilnych podmiot\u00f3w publicznych. O\u015bwiadczenie w&nbsp;sprawie dost\u0119pno\u015bci ma zastosowanie do&nbsp;strony&nbsp;<a href=\"http:\/\/kompetencjejutra.lublin.eu\">kompetencjejutra.lublin.eu<\/a><\/p>\n\n\n\n<p>Data publikacji strony internetowej:&nbsp;2021-08-17<\/p>\n\n\n\n<p>Data ostatniej aktualizacji:\u00a02026-01-08<\/p>\n\n\n\n<p id=\"a11y-status\">Strona internetowa jest cz\u0119\u015bciowo zgodna z&nbsp;ustaw\u0105 z&nbsp;dnia 4 kwietnia 2019 r.<br>o&nbsp;dost\u0119pno\u015bci cyfrowej stron internetowych i&nbsp;aplikacji mobilnych podmiot\u00f3w publicznych z&nbsp;powodu niezgodno\u015bci lub wy\u0142\u0105cze\u0144 wymienionych poni\u017cej:<\/p>\n\n\n\n<ol class=\"wp-block-list\">\n<li>Pewne tre\u015bci opublikowane na&nbsp;stronie mog\u0105 by\u0107 niedost\u0119pne z&nbsp;uwagi na&nbsp;fakt, \u017ce&nbsp;zosta\u0142y opublikowane przed&nbsp;wej\u015bciem w&nbsp;\u017cycie ustawy o&nbsp;dost\u0119pno\u015bci cyfrowej.<\/li>\n\n\n\n<li>Pewne zdj\u0119cia\/grafiki zawieraj\u0105 nieadekwatne tytu\u0142y alternatywne.<\/li>\n\n\n\n<li>Pojawi\u0105 si\u0119 b\u0142\u0119dy w&nbsp;semantyce html.<\/li>\n<\/ol>\n\n\n\n<p>Redaktorzy serwisu dok\u0142adaj\u0105 wszelkich stara\u0144, aby tre\u015bci umieszczane na&nbsp;stronie by\u0142y dost\u0119pne cyfrowo dla jak najszerszego grona odbiorc\u00f3w serwisu. Strona zosta\u0142a przygotowana do&nbsp;poprawnego dzia\u0142ania na&nbsp;urz\u0105dzeniach mobilnych.<\/p>\n\n\n\n<p id=\"a11y-data-sporzadzenie\">O\u015bwiadczenie sporz\u0105dzono dnia:&nbsp;2021-08-17.<\/p>\n\n\n\n<p>O\u015bwiadczenie aktualizowano dnia: 2026-01-08.<\/p>\n\n\n\n<p id=\"a11y-audytor\">Deklaracj\u0119 sporz\u0105dzono na podstawie dokumentacji dostarczonej przez wykonawc\u0119 strony.<\/p>\n\n\n\n<p>Na&nbsp;stronie internetowej mo\u017cna u\u017cywa\u0107 standardowych skr\u00f3t\u00f3w klawiaturowych przegl\u0105darki.<\/p>\n\n\n\n<h2 class=\"wp-block-heading\" id=\"a11y-kontakt\">Informacje zwrotne i&nbsp;dane kontaktowe<\/h2>\n\n\n\n<p>W\u00a0przypadku problem\u00f3w z\u00a0dost\u0119pno\u015bci\u0105 strony internetowej prosimy o\u00a0kontakt. Osob\u0105 kontaktow\u0105 jest Iwona Pilarska, mail: iwona.pilarska@lublin.eu. Kontaktowa\u0107 mo\u017cna si\u0119 tak\u017ce dzwoni\u0105c na\u00a0numer telefonu 81\u00a0466\u00a025 08. T\u0105 sam\u0105 drog\u0105 mo\u017cna sk\u0142ada\u0107 wnioski o\u00a0udost\u0119pnienie informacji niedost\u0119pnej oraz\u00a0sk\u0142ada\u0107 \u017c\u0105dania zapewnienia dost\u0119pno\u015bci.<\/p>\n\n\n\n<p id=\"a11y-procedura\">Ka\u017cdy ma prawo do&nbsp;wyst\u0105pienia z&nbsp;\u017c\u0105daniem zapewnienia dost\u0119pno\u015bci cyfrowej strony internetowej, aplikacji mobilnej lub jakiego\u015b ich elementu. Mo\u017cna tak\u017ce za\u017c\u0105da\u0107 udost\u0119pnienia informacji za&nbsp;pomoc\u0105 alternatywnego sposobu dost\u0119pu, na&nbsp;przyk\u0142ad przez&nbsp;odczytanie niedost\u0119pnego cyfrowo dokumentu, opisanie zawarto\u015bci filmu bez&nbsp;audiodeskrypcji itp. \u017b\u0105danie powinno zawiera\u0107 dane osoby zg\u0142aszaj\u0105cej \u017c\u0105danie, wskazanie, o&nbsp;kt\u00f3r\u0105 stron\u0119 internetow\u0105 lub aplikacj\u0119 mobiln\u0105 chodzi oraz&nbsp;spos\u00f3b kontaktu. Je\u017celi osoba \u017c\u0105daj\u0105ca zg\u0142asza potrzeb\u0119 otrzymania informacji za&nbsp;pomoc\u0105 alternatywnego sposobu dost\u0119pu, powinna tak\u017ce okre\u015bli\u0107 dogodny dla niej spos\u00f3b przedstawienia tej&nbsp;informacji. Podmiot publiczny powinien zrealizowa\u0107 \u017c\u0105danie niezw\u0142ocznie, nie&nbsp;p\u00f3\u017aniej ni\u017c w&nbsp;ci\u0105gu 7 dni od&nbsp;dnia wyst\u0105pienia z&nbsp;\u017c\u0105daniem. Je\u017celi dotrzymanie tego terminu nie&nbsp;jest mo\u017cliwe, podmiot publiczny niezw\u0142ocznie informuje o&nbsp;tym wnosz\u0105cego \u017c\u0105danie, kiedy realizacja \u017c\u0105dania b\u0119dzie mo\u017cliwa, przy czym termin ten nie&nbsp;mo\u017ce by\u0107 d\u0142u\u017cszy ni\u017c 2 miesi\u0105ce od&nbsp;dnia wyst\u0105pienia z&nbsp;\u017c\u0105daniem. Je\u017celi zapewnienie dost\u0119pno\u015bci cyfrowej nie&nbsp;jest mo\u017cliwe, podmiot publiczny mo\u017ce zaproponowa\u0107 alternatywny spos\u00f3b dost\u0119pu do&nbsp;informacji. W&nbsp;przypadku, gdy&nbsp;podmiot publiczny odm\u00f3wi realizacji \u017c\u0105dania zapewnienia dost\u0119pno\u015bci lub alternatywnego sposobu dost\u0119pu do&nbsp;informacji, wnosz\u0105cy \u017c\u0105danie mo\u017cne z\u0142o\u017cy\u0107 skarg\u0119 w&nbsp;sprawie zapewniana dost\u0119pno\u015bci cyfrowej strony internetowej, aplikacji mobilnej lub elementu strony internetowej, lub aplikacji mobilnej. Po&nbsp;wyczerpaniu wskazanej wy\u017cej procedury mo\u017cna tak\u017ce z\u0142o\u017cy\u0107 wniosek do&nbsp;<a href=\"http:\/\/www.rpo.gov.pl\/\" target=\"_blank\" rel=\"noreferrer noopener\">Rzecznika Praw Obywatelskich<\/a>.<\/p>\n\n\n\n<h2 class=\"wp-block-heading\" id=\"a11y-architektura\">Dost\u0119pno\u015b\u0107 architektoniczna<\/h2>\n\n\n\n<p><a href=\"https:\/\/lublin.eu\/deklaracja-dostepnosci\/dostepnosc-architektoniczna\/\" target=\"_blank\" rel=\"noreferrer noopener\">Informacje o&nbsp;dost\u0119pno\u015bci architektonicznej wszystkich lokalizacji Urz\u0119du Miasta Lublin.<\/a><\/p>\n","protected":false},"excerpt":{"rendered":"<p>Urz\u0105d Miasta Lublin&nbsp;zobowi\u0105zuje si\u0119 zapewni\u0107 dost\u0119pno\u015b\u0107 swojej strony internetowej zgodnie z&nbsp;przepisami ustawy z&nbsp;dnia&nbsp;4 kwietnia 2019&nbsp;r. o&nbsp;dost\u0119pno\u015bci cyfrowej stron internetowych i&nbsp;aplikacji mobilnych podmiot\u00f3w publicznych. O\u015bwiadczenie w&nbsp;sprawie dost\u0119pno\u015bci ma zastosowanie do&nbsp;strony&nbsp;kompetencjejutra.lublin.eu Data publikacji strony internetowej:&nbsp;2021-08-17 Data ostatniej aktualizacji:\u00a02026-01-08 Strona internetowa jest cz\u0119\u015bciowo zgodna z&nbsp;ustaw\u0105 z&nbsp;dnia 4 kwietnia 2019 r.o&nbsp;dost\u0119pno\u015bci cyfrowej stron internetowych i&nbsp;aplikacji mobilnych podmiot\u00f3w publicznych z&nbsp;powodu &#8230; <a title=\"Deklaracja dost\u0119pno\u015bci\" class=\"read-more\" href=\"https:\/\/kompetencjejutra.lublin.eu\/deklaracja-dostepnosci\/\" aria-label=\"Dowiedz si\u0119 wi\u0119cej o Deklaracja dost\u0119pno\u015bci\">Czytaj dalej<\/a><\/p>\n","protected":false},"author":10,"featured_media":0,"parent":0,"menu_order":0,"comment_status":"closed","ping_status":"closed","template":"","meta":{"_acf_changed":false,"footnotes":""},"class_list":["post-412","page","type-page","status-publish"],"acf":[],"mb":[],"featured_image_src":null,"yoast_head":"<!-- This site is optimized with the Yoast SEO plugin v26.3 - https:\/\/yoast.com\/wordpress\/plugins\/seo\/ -->\n<title>Deklaracja dost\u0119pno\u015bci - KompetencjeJutra<\/title>\n<meta name=\"robots\" content=\"index, follow, max-snippet:-1, max-image-preview:large, max-video-preview:-1\" \/>\n<link rel=\"canonical\" href=\"https:\/\/kompetencjejutra.lublin.eu\/pl\/deklaracja-dostepnosci\/\" \/>\n<meta property=\"og:locale\" content=\"pl_PL\" \/>\n<meta property=\"og:type\" content=\"article\" \/>\n<meta property=\"og:title\" content=\"Deklaracja dost\u0119pno\u015bci - KompetencjeJutra\" \/>\n<meta property=\"og:description\" content=\"Urz\u0105d Miasta Lublin&nbsp;zobowi\u0105zuje si\u0119 zapewni\u0107 dost\u0119pno\u015b\u0107 swojej strony internetowej zgodnie z&nbsp;przepisami ustawy z&nbsp;dnia&nbsp;4 kwietnia 2019&nbsp;r. o&nbsp;dost\u0119pno\u015bci cyfrowej stron internetowych i&nbsp;aplikacji mobilnych podmiot\u00f3w publicznych. O\u015bwiadczenie w&nbsp;sprawie dost\u0119pno\u015bci ma zastosowanie do&nbsp;strony&nbsp;kompetencjejutra.lublin.eu Data publikacji strony internetowej:&nbsp;2021-08-17 Data ostatniej aktualizacji:\u00a02026-01-08 Strona internetowa jest cz\u0119\u015bciowo zgodna z&nbsp;ustaw\u0105 z&nbsp;dnia 4 kwietnia 2019 r.o&nbsp;dost\u0119pno\u015bci cyfrowej stron internetowych i&nbsp;aplikacji mobilnych podmiot\u00f3w publicznych z&nbsp;powodu ... Czytaj dalej\" \/>\n<meta property=\"og:url\" content=\"https:\/\/kompetencjejutra.lublin.eu\/deklaracja-dostepnosci\/\" \/>\n<meta property=\"og:site_name\" content=\"KompetencjeJutra\" \/>\n<meta property=\"article:modified_time\" content=\"2026-03-30T11:15:14+00:00\" \/>\n<meta name=\"twitter:card\" content=\"summary_large_image\" \/>\n<meta name=\"twitter:label1\" content=\"Szacowany czas czytania\" \/>\n\t<meta name=\"twitter:data1\" content=\"3 minuty\" \/>\n<script type=\"application\/ld+json\" class=\"yoast-schema-graph\">{\"@context\":\"https:\/\/schema.org\",\"@graph\":[{\"@type\":\"WebPage\",\"@id\":\"https:\/\/kompetencjejutra.lublin.eu\/deklaracja-dostepnosci\/\",\"url\":\"https:\/\/kompetencjejutra.lublin.eu\/deklaracja-dostepnosci\/\",\"name\":\"Deklaracja dost\u0119pno\u015bci - KompetencjeJutra\",\"isPartOf\":{\"@id\":\"http:\/\/kompetencjejutra.lublin.eu\/pl\/#website\"},\"datePublished\":\"2022-03-02T09:02:54+00:00\",\"dateModified\":\"2026-03-30T11:15:14+00:00\",\"breadcrumb\":{\"@id\":\"https:\/\/kompetencjejutra.lublin.eu\/deklaracja-dostepnosci\/#breadcrumb\"},\"inLanguage\":\"pl-PL\",\"potentialAction\":[{\"@type\":\"ReadAction\",\"target\":[\"https:\/\/kompetencjejutra.lublin.eu\/deklaracja-dostepnosci\/\"]}]},{\"@type\":\"BreadcrumbList\",\"@id\":\"https:\/\/kompetencjejutra.lublin.eu\/deklaracja-dostepnosci\/#breadcrumb\",\"itemListElement\":[{\"@type\":\"ListItem\",\"position\":1,\"name\":\"Home\",\"item\":\"http:\/\/kompetencjejutra.lublin.eu\/\"},{\"@type\":\"ListItem\",\"position\":2,\"name\":\"Deklaracja dost\u0119pno\u015bci\"}]},{\"@type\":\"WebSite\",\"@id\":\"http:\/\/kompetencjejutra.lublin.eu\/pl\/#website\",\"url\":\"http:\/\/kompetencjejutra.lublin.eu\/pl\/\",\"name\":\"KompetencjeJutra\",\"description\":\"KompetencjeJutra\",\"publisher\":{\"@id\":\"http:\/\/kompetencjejutra.lublin.eu\/pl\/#organization\"},\"potentialAction\":[{\"@type\":\"SearchAction\",\"target\":{\"@type\":\"EntryPoint\",\"urlTemplate\":\"http:\/\/kompetencjejutra.lublin.eu\/pl\/?s={search_term_string}\"},\"query-input\":{\"@type\":\"PropertyValueSpecification\",\"valueRequired\":true,\"valueName\":\"search_term_string\"}}],\"inLanguage\":\"pl-PL\"},{\"@type\":\"Organization\",\"@id\":\"http:\/\/kompetencjejutra.lublin.eu\/pl\/#organization\",\"name\":\"KompetencjeJutra\",\"url\":\"http:\/\/kompetencjejutra.lublin.eu\/pl\/\",\"logo\":{\"@type\":\"ImageObject\",\"inLanguage\":\"pl-PL\",\"@id\":\"http:\/\/kompetencjejutra.lublin.eu\/pl\/#\/schema\/logo\/image\/\",\"url\":\"https:\/\/kompetencjejutra.lublin.eu\/wp-content\/uploads\/sites\/15\/2021\/08\/logo-miasta-lublin-web.png\",\"contentUrl\":\"https:\/\/kompetencjejutra.lublin.eu\/wp-content\/uploads\/sites\/15\/2021\/08\/logo-miasta-lublin-web.png\",\"width\":281,\"height\":101,\"caption\":\"KompetencjeJutra\"},\"image\":{\"@id\":\"http:\/\/kompetencjejutra.lublin.eu\/pl\/#\/schema\/logo\/image\/\"}}]}<\/script>\n<!-- \/ Yoast SEO plugin. -->","yoast_head_json":{"title":"Deklaracja dost\u0119pno\u015bci - KompetencjeJutra","robots":{"index":"index","follow":"follow","max-snippet":"max-snippet:-1","max-image-preview":"max-image-preview:large","max-video-preview":"max-video-preview:-1"},"canonical":"https:\/\/kompetencjejutra.lublin.eu\/pl\/deklaracja-dostepnosci\/","og_locale":"pl_PL","og_type":"article","og_title":"Deklaracja dost\u0119pno\u015bci - KompetencjeJutra","og_description":"Urz\u0105d Miasta Lublin&nbsp;zobowi\u0105zuje si\u0119 zapewni\u0107 dost\u0119pno\u015b\u0107 swojej strony internetowej zgodnie z&nbsp;przepisami ustawy z&nbsp;dnia&nbsp;4 kwietnia 2019&nbsp;r. o&nbsp;dost\u0119pno\u015bci cyfrowej stron internetowych i&nbsp;aplikacji mobilnych podmiot\u00f3w publicznych. O\u015bwiadczenie w&nbsp;sprawie dost\u0119pno\u015bci ma zastosowanie do&nbsp;strony&nbsp;kompetencjejutra.lublin.eu Data publikacji strony internetowej:&nbsp;2021-08-17 Data ostatniej aktualizacji:\u00a02026-01-08 Strona internetowa jest cz\u0119\u015bciowo zgodna z&nbsp;ustaw\u0105 z&nbsp;dnia 4 kwietnia 2019 r.o&nbsp;dost\u0119pno\u015bci cyfrowej stron internetowych i&nbsp;aplikacji mobilnych podmiot\u00f3w publicznych z&nbsp;powodu ... Czytaj dalej","og_url":"https:\/\/kompetencjejutra.lublin.eu\/deklaracja-dostepnosci\/","og_site_name":"KompetencjeJutra","article_modified_time":"2026-03-30T11:15:14+00:00","twitter_card":"summary_large_image","twitter_misc":{"Szacowany czas czytania":"3 minuty"},"schema":{"@context":"https:\/\/schema.org","@graph":[{"@type":"WebPage","@id":"https:\/\/kompetencjejutra.lublin.eu\/deklaracja-dostepnosci\/","url":"https:\/\/kompetencjejutra.lublin.eu\/deklaracja-dostepnosci\/","name":"Deklaracja dost\u0119pno\u015bci - KompetencjeJutra","isPartOf":{"@id":"http:\/\/kompetencjejutra.lublin.eu\/pl\/#website"},"datePublished":"2022-03-02T09:02:54+00:00","dateModified":"2026-03-30T11:15:14+00:00","breadcrumb":{"@id":"https:\/\/kompetencjejutra.lublin.eu\/deklaracja-dostepnosci\/#breadcrumb"},"inLanguage":"pl-PL","potentialAction":[{"@type":"ReadAction","target":["https:\/\/kompetencjejutra.lublin.eu\/deklaracja-dostepnosci\/"]}]},{"@type":"BreadcrumbList","@id":"https:\/\/kompetencjejutra.lublin.eu\/deklaracja-dostepnosci\/#breadcrumb","itemListElement":[{"@type":"ListItem","position":1,"name":"Home","item":"http:\/\/kompetencjejutra.lublin.eu\/"},{"@type":"ListItem","position":2,"name":"Deklaracja dost\u0119pno\u015bci"}]},{"@type":"WebSite","@id":"http:\/\/kompetencjejutra.lublin.eu\/pl\/#website","url":"http:\/\/kompetencjejutra.lublin.eu\/pl\/","name":"KompetencjeJutra","description":"KompetencjeJutra","publisher":{"@id":"http:\/\/kompetencjejutra.lublin.eu\/pl\/#organization"},"potentialAction":[{"@type":"SearchAction","target":{"@type":"EntryPoint","urlTemplate":"http:\/\/kompetencjejutra.lublin.eu\/pl\/?s={search_term_string}"},"query-input":{"@type":"PropertyValueSpecification","valueRequired":true,"valueName":"search_term_string"}}],"inLanguage":"pl-PL"},{"@type":"Organization","@id":"http:\/\/kompetencjejutra.lublin.eu\/pl\/#organization","name":"KompetencjeJutra","url":"http:\/\/kompetencjejutra.lublin.eu\/pl\/","logo":{"@type":"ImageObject","inLanguage":"pl-PL","@id":"http:\/\/kompetencjejutra.lublin.eu\/pl\/#\/schema\/logo\/image\/","url":"https:\/\/kompetencjejutra.lublin.eu\/wp-content\/uploads\/sites\/15\/2021\/08\/logo-miasta-lublin-web.png","contentUrl":"https:\/\/kompetencjejutra.lublin.eu\/wp-content\/uploads\/sites\/15\/2021\/08\/logo-miasta-lublin-web.png","width":281,"height":101,"caption":"KompetencjeJutra"},"image":{"@id":"http:\/\/kompetencjejutra.lublin.eu\/pl\/#\/schema\/logo\/image\/"}}]}},"mfb_rest_fields":["title","featured_image_src","yoast_head","yoast_head_json"],"_links":{"self":[{"href":"https:\/\/kompetencjejutra.lublin.eu\/pl\/wp-json\/wp\/v2\/pages\/412","targetHints":{"allow":["GET"]}}],"collection":[{"href":"https:\/\/kompetencjejutra.lublin.eu\/pl\/wp-json\/wp\/v2\/pages"}],"about":[{"href":"https:\/\/kompetencjejutra.lublin.eu\/pl\/wp-json\/wp\/v2\/types\/page"}],"author":[{"embeddable":true,"href":"https:\/\/kompetencjejutra.lublin.eu\/pl\/wp-json\/wp\/v2\/users\/10"}],"replies":[{"embeddable":true,"href":"https:\/\/kompetencjejutra.lublin.eu\/pl\/wp-json\/wp\/v2\/comments?post=412"}],"version-history":[{"count":5,"href":"https:\/\/kompetencjejutra.lublin.eu\/pl\/wp-json\/wp\/v2\/pages\/412\/revisions"}],"predecessor-version":[{"id":2226,"href":"https:\/\/kompetencjejutra.lublin.eu\/pl\/wp-json\/wp\/v2\/pages\/412\/revisions\/2226"}],"wp:attachment":[{"href":"https:\/\/kompetencjejutra.lublin.eu\/pl\/wp-json\/wp\/v2\/media?parent=412"}],"curies":[{"name":"wp","href":"https:\/\/api.w.org\/{rel}","templated":true}]}}