{"id":1170,"date":"2023-10-02T08:55:35","date_gmt":"2023-10-02T06:55:35","guid":{"rendered":"https:\/\/kompetencjejutra.lublin.eu\/?page_id=1170"},"modified":"2023-10-24T15:09:47","modified_gmt":"2023-10-24T13:09:47","slug":"zaproszenie","status":"publish","type":"page","link":"https:\/\/kompetencjejutra.lublin.eu\/zaproszenie\/","title":{"rendered":"Kompetencje jutra"},"content":{"rendered":"\n<div class=\"wp-block-columns is-layout-flex wp-container-core-columns-is-layout-9d6595d7 wp-block-columns-is-layout-flex\">\n<div class=\"wp-block-column is-layout-flow wp-block-column-is-layout-flow\" style=\"flex-basis:66.66%\">\n<h2 class=\"wp-block-heading\">Lublin inspiruje przysz\u0142o\u015b\u0107<\/h2>\n\n\n\n<p><\/p>\n\n\n\n<p>Szanowni Pa\u0144stwo,<br><br>Funkcjonowanie systemu edukacji, kszta\u0142towanie kompetencji jego uczestnik\u00f3w oraz przysz\u0142o\u015bci nauczania i uczenia si\u0119, szczeg\u00f3lnie w kontek\u015bcie koncepcji uczenia si\u0119 przez ca\u0142e \u017cycie to obszary, kt\u00f3re przy\u015bwiecaj\u0105 idei programu Kompetencje jutra \u2013 Lublin inspiruje przysz\u0142o\u015b\u0107. Tempo rozwoju gospodarczego we wsp\u00f3\u0142czesnym \u015bwiecie, transformacja cyfrowa, innowacje przek\u0142adaj\u0105 si\u0119 na du\u017c\u0105 dynamik\u0119 zmian w obr\u0119bie rynku pracy. Umiej\u0119tne dostrze\u017cenie i przewidzenie nadchodz\u0105cych zmian, wykreowanie mo\u017cliwych scenariuszy przysz\u0142o\u015bci i zbudowanie na ich podstawie innowacyjnych rozwi\u0105za\u0144 nie tylko pozwoli na przygotowanie si\u0119 nowe regu\u0142y gry, ale tak\u017ce otworzy na nadchodz\u0105ce mo\u017cliwo\u015bci.<\/p>\n\n\n\n<p>Podczas konferencji poruszone zostan\u0105 kwestie roli przysz\u0142o\u015bci i pracy z przysz\u0142o\u015bci\u0105 w budowaniu kompetencji jutra, czyli zbioru umiej\u0119tno\u015bci i kompetencji pracownik\u00f3w, kt\u00f3re b\u0119d\u0105 stanowi\u0107 odzwierciedlenie przysz\u0142ych potrzeb w sektorze nowoczesnych us\u0142ug dla biznesu nast\u0119pnie implementowane do pozosta\u0142ych sektor\u00f3w gospodarki. Podczas wydarzenia skupimy si\u0119 na zdefiniowaniu i okre\u015bleniu jakie kompetencje przysz\u0142o\u015bci b\u0119d\u0105 po\u017c\u0105dane u pracownik\u00f3w niedalekiej i tej bardziej odleg\u0142ej przysz\u0142o\u015bci oraz jak ju\u017c dzi\u015b zacz\u0105\u0107 przystosowywa\u0107 si\u0119 do nieustannie ewoluuj\u0105cych zmian i wyprzedza\u0107 pewne trendy aby by\u0107 na nie odpowiednio przygotowanym. Dodatkowo w tej edycji przedstawimy najlepsze case study projekt\u00f3w kompetencyjnych oraz rozwoju przedsi\u0119biorczo\u015bci realizowanych przez gminy z ca\u0142ej Polski.<\/p>\n<\/div>\n\n\n\n<div class=\"wp-block-column is-layout-flow wp-block-column-is-layout-flow\" style=\"flex-basis:33.33%\">\n<figure class=\"wp-block-image size-large add-bg\"><img loading=\"lazy\" decoding=\"async\" width=\"732\" height=\"1024\" src=\"http:\/\/kompetencjejutra.lublin.eu\/wp-content\/uploads\/sites\/15\/2023\/10\/Mariusz-Sagan-732x1024.jpg\" alt=\"\" class=\"wp-image-1269\" style=\"aspect-ratio:0.71484375;object-fit:cover\" srcset=\"https:\/\/kompetencjejutra.lublin.eu\/wp-content\/uploads\/sites\/15\/2023\/10\/Mariusz-Sagan-732x1024.jpg 732w, https:\/\/kompetencjejutra.lublin.eu\/wp-content\/uploads\/sites\/15\/2023\/10\/Mariusz-Sagan-214x300.jpg 214w, https:\/\/kompetencjejutra.lublin.eu\/wp-content\/uploads\/sites\/15\/2023\/10\/Mariusz-Sagan-768x1075.jpg 768w, https:\/\/kompetencjejutra.lublin.eu\/wp-content\/uploads\/sites\/15\/2023\/10\/Mariusz-Sagan.jpg 1044w\" sizes=\"auto, (max-width: 732px) 100vw, 732px\" \/><\/figure>\n\n\n\n<div class=\"wp-block-columns is-layout-flex wp-container-core-columns-is-layout-9d6595d7 wp-block-columns-is-layout-flex\">\n<div class=\"wp-block-column is-layout-flow wp-block-column-is-layout-flow\"><\/div>\n\n\n\n<div class=\"wp-block-column is-layout-flow wp-block-column-is-layout-flow\"><\/div>\n<\/div>\n\n\n\n<div class=\"wp-block-buttons is-content-justification-center is-layout-flex wp-container-core-buttons-is-layout-16018d1d wp-block-buttons-is-layout-flex\"><\/div>\n<\/div>\n<\/div>\n\n\n\n<p> <\/p>\n\n\n\n<p>Do zobaczenia 13 listopada 2023 r.!<\/p>\n\n\n\n<div class=\"wp-block-columns is-layout-flex wp-container-core-columns-is-layout-9d6595d7 wp-block-columns-is-layout-flex\">\n<div class=\"wp-block-column is-layout-flow wp-block-column-is-layout-flow\">\n<div class=\"wp-block-buttons is-layout-flex wp-block-buttons-is-layout-flex\">\n<div class=\"wp-block-button has-custom-width wp-block-button__width-75\"><a class=\"wp-block-button__link wp-element-button\" href=\"https:\/\/kompetencjejutra.lublin.eu\/formularz\/\"><strong>REJESTRACJA<\/strong><\/a><\/div>\n<\/div>\n<\/div>\n\n\n\n<div class=\"wp-block-column is-layout-flow wp-block-column-is-layout-flow\">\n<figure class=\"wp-block-image size-full is-resized\"><img loading=\"lazy\" decoding=\"async\" width=\"352\" height=\"262\" src=\"https:\/\/kompetencjejutra.lublin.eu\/wp-content\/uploads\/sites\/15\/2023\/10\/Podpis-Sagan.png\" alt=\"\" class=\"wp-image-1171\" style=\"width:234px;height:174px\" srcset=\"https:\/\/kompetencjejutra.lublin.eu\/wp-content\/uploads\/sites\/15\/2023\/10\/Podpis-Sagan.png 352w, https:\/\/kompetencjejutra.lublin.eu\/wp-content\/uploads\/sites\/15\/2023\/10\/Podpis-Sagan-300x223.png 300w\" sizes=\"auto, (max-width: 352px) 100vw, 352px\" \/><\/figure>\n<\/div>\n\n\n\n<div class=\"wp-block-column is-layout-flow wp-block-column-is-layout-flow\" style=\"flex-basis:90px\"><\/div>\n<\/div>\n","protected":false},"excerpt":{"rendered":"<p>Lublin inspiruje przysz\u0142o\u015b\u0107 Szanowni Pa\u0144stwo, Funkcjonowanie systemu edukacji, kszta\u0142towanie kompetencji jego uczestnik\u00f3w oraz przysz\u0142o\u015bci nauczania i uczenia si\u0119, szczeg\u00f3lnie w kontek\u015bcie koncepcji uczenia si\u0119 przez ca\u0142e \u017cycie to obszary, kt\u00f3re przy\u015bwiecaj\u0105 idei programu Kompetencje jutra \u2013 Lublin inspiruje przysz\u0142o\u015b\u0107. Tempo rozwoju gospodarczego we wsp\u00f3\u0142czesnym \u015bwiecie, transformacja cyfrowa, innowacje przek\u0142adaj\u0105 si\u0119 na du\u017c\u0105 dynamik\u0119 zmian w &#8230; <a title=\"Kompetencje jutra\" class=\"read-more\" href=\"https:\/\/kompetencjejutra.lublin.eu\/zaproszenie\/\" aria-label=\"Dowiedz si\u0119 wi\u0119cej o Kompetencje jutra\">Czytaj dalej<\/a><\/p>\n","protected":false},"author":6,"featured_media":0,"parent":0,"menu_order":0,"comment_status":"closed","ping_status":"closed","template":"","meta":{"_acf_changed":false,"footnotes":""},"class_list":["post-1170","page","type-page","status-publish"],"acf":[],"mb":[],"featured_image_src":null,"yoast_head":"<!-- This site is optimized with the Yoast SEO plugin v26.3 - https:\/\/yoast.com\/wordpress\/plugins\/seo\/ -->\n<title>Kompetencje jutra - KompetencjeJutra<\/title>\n<meta name=\"robots\" content=\"index, follow, max-snippet:-1, max-image-preview:large, max-video-preview:-1\" \/>\n<link rel=\"canonical\" href=\"https:\/\/kompetencjejutra.lublin.eu\/pl\/zaproszenie\/\" \/>\n<meta property=\"og:locale\" content=\"pl_PL\" \/>\n<meta property=\"og:type\" content=\"article\" \/>\n<meta property=\"og:title\" content=\"Kompetencje jutra - KompetencjeJutra\" \/>\n<meta property=\"og:description\" content=\"Lublin inspiruje przysz\u0142o\u015b\u0107 Szanowni Pa\u0144stwo, Funkcjonowanie systemu edukacji, kszta\u0142towanie kompetencji jego uczestnik\u00f3w oraz przysz\u0142o\u015bci nauczania i uczenia si\u0119, szczeg\u00f3lnie w kontek\u015bcie koncepcji uczenia si\u0119 przez ca\u0142e \u017cycie to obszary, kt\u00f3re przy\u015bwiecaj\u0105 idei programu Kompetencje jutra \u2013 Lublin inspiruje przysz\u0142o\u015b\u0107. Tempo rozwoju gospodarczego we wsp\u00f3\u0142czesnym \u015bwiecie, transformacja cyfrowa, innowacje przek\u0142adaj\u0105 si\u0119 na du\u017c\u0105 dynamik\u0119 zmian w ... Czytaj dalej\" \/>\n<meta property=\"og:url\" content=\"https:\/\/kompetencjejutra.lublin.eu\/zaproszenie\/\" \/>\n<meta property=\"og:site_name\" content=\"KompetencjeJutra\" \/>\n<meta property=\"article:modified_time\" content=\"2023-10-24T13:09:47+00:00\" \/>\n<meta property=\"og:image\" content=\"http:\/\/kompetencjejutra.lublin.eu\/wp-content\/uploads\/sites\/15\/2023\/10\/Mariusz-Sagan-732x1024.jpg\" \/>\n<meta name=\"twitter:card\" content=\"summary_large_image\" \/>\n<meta name=\"twitter:label1\" content=\"Szacowany czas czytania\" \/>\n\t<meta name=\"twitter:data1\" content=\"2 minuty\" \/>\n<script type=\"application\/ld+json\" class=\"yoast-schema-graph\">{\"@context\":\"https:\/\/schema.org\",\"@graph\":[{\"@type\":\"WebPage\",\"@id\":\"https:\/\/kompetencjejutra.lublin.eu\/zaproszenie\/\",\"url\":\"https:\/\/kompetencjejutra.lublin.eu\/zaproszenie\/\",\"name\":\"Kompetencje jutra - KompetencjeJutra\",\"isPartOf\":{\"@id\":\"http:\/\/kompetencjejutra.lublin.eu\/pl\/#website\"},\"primaryImageOfPage\":{\"@id\":\"https:\/\/kompetencjejutra.lublin.eu\/zaproszenie\/#primaryimage\"},\"image\":{\"@id\":\"https:\/\/kompetencjejutra.lublin.eu\/zaproszenie\/#primaryimage\"},\"thumbnailUrl\":\"http:\/\/kompetencjejutra.lublin.eu\/wp-content\/uploads\/sites\/15\/2023\/10\/Mariusz-Sagan-732x1024.jpg\",\"datePublished\":\"2023-10-02T06:55:35+00:00\",\"dateModified\":\"2023-10-24T13:09:47+00:00\",\"breadcrumb\":{\"@id\":\"https:\/\/kompetencjejutra.lublin.eu\/zaproszenie\/#breadcrumb\"},\"inLanguage\":\"pl-PL\",\"potentialAction\":[{\"@type\":\"ReadAction\",\"target\":[\"https:\/\/kompetencjejutra.lublin.eu\/zaproszenie\/\"]}]},{\"@type\":\"ImageObject\",\"inLanguage\":\"pl-PL\",\"@id\":\"https:\/\/kompetencjejutra.lublin.eu\/zaproszenie\/#primaryimage\",\"url\":\"http:\/\/kompetencjejutra.lublin.eu\/wp-content\/uploads\/sites\/15\/2023\/10\/Mariusz-Sagan-732x1024.jpg\",\"contentUrl\":\"http:\/\/kompetencjejutra.lublin.eu\/wp-content\/uploads\/sites\/15\/2023\/10\/Mariusz-Sagan-732x1024.jpg\"},{\"@type\":\"BreadcrumbList\",\"@id\":\"https:\/\/kompetencjejutra.lublin.eu\/zaproszenie\/#breadcrumb\",\"itemListElement\":[{\"@type\":\"ListItem\",\"position\":1,\"name\":\"Home\",\"item\":\"http:\/\/kompetencjejutra.lublin.eu\/\"},{\"@type\":\"ListItem\",\"position\":2,\"name\":\"Kompetencje jutra\"}]},{\"@type\":\"WebSite\",\"@id\":\"http:\/\/kompetencjejutra.lublin.eu\/pl\/#website\",\"url\":\"http:\/\/kompetencjejutra.lublin.eu\/pl\/\",\"name\":\"KompetencjeJutra\",\"description\":\"KompetencjeJutra\",\"publisher\":{\"@id\":\"http:\/\/kompetencjejutra.lublin.eu\/pl\/#organization\"},\"potentialAction\":[{\"@type\":\"SearchAction\",\"target\":{\"@type\":\"EntryPoint\",\"urlTemplate\":\"http:\/\/kompetencjejutra.lublin.eu\/pl\/?s={search_term_string}\"},\"query-input\":{\"@type\":\"PropertyValueSpecification\",\"valueRequired\":true,\"valueName\":\"search_term_string\"}}],\"inLanguage\":\"pl-PL\"},{\"@type\":\"Organization\",\"@id\":\"http:\/\/kompetencjejutra.lublin.eu\/pl\/#organization\",\"name\":\"KompetencjeJutra\",\"url\":\"http:\/\/kompetencjejutra.lublin.eu\/pl\/\",\"logo\":{\"@type\":\"ImageObject\",\"inLanguage\":\"pl-PL\",\"@id\":\"http:\/\/kompetencjejutra.lublin.eu\/pl\/#\/schema\/logo\/image\/\",\"url\":\"https:\/\/kompetencjejutra.lublin.eu\/wp-content\/uploads\/sites\/15\/2021\/08\/logo-miasta-lublin-web.png\",\"contentUrl\":\"https:\/\/kompetencjejutra.lublin.eu\/wp-content\/uploads\/sites\/15\/2021\/08\/logo-miasta-lublin-web.png\",\"width\":281,\"height\":101,\"caption\":\"KompetencjeJutra\"},\"image\":{\"@id\":\"http:\/\/kompetencjejutra.lublin.eu\/pl\/#\/schema\/logo\/image\/\"}}]}<\/script>\n<!-- \/ Yoast SEO plugin. -->","yoast_head_json":{"title":"Kompetencje jutra - KompetencjeJutra","robots":{"index":"index","follow":"follow","max-snippet":"max-snippet:-1","max-image-preview":"max-image-preview:large","max-video-preview":"max-video-preview:-1"},"canonical":"https:\/\/kompetencjejutra.lublin.eu\/pl\/zaproszenie\/","og_locale":"pl_PL","og_type":"article","og_title":"Kompetencje jutra - KompetencjeJutra","og_description":"Lublin inspiruje przysz\u0142o\u015b\u0107 Szanowni Pa\u0144stwo, Funkcjonowanie systemu edukacji, kszta\u0142towanie kompetencji jego uczestnik\u00f3w oraz przysz\u0142o\u015bci nauczania i uczenia si\u0119, szczeg\u00f3lnie w kontek\u015bcie koncepcji uczenia si\u0119 przez ca\u0142e \u017cycie to obszary, kt\u00f3re przy\u015bwiecaj\u0105 idei programu Kompetencje jutra \u2013 Lublin inspiruje przysz\u0142o\u015b\u0107. Tempo rozwoju gospodarczego we wsp\u00f3\u0142czesnym \u015bwiecie, transformacja cyfrowa, innowacje przek\u0142adaj\u0105 si\u0119 na du\u017c\u0105 dynamik\u0119 zmian w ... Czytaj dalej","og_url":"https:\/\/kompetencjejutra.lublin.eu\/zaproszenie\/","og_site_name":"KompetencjeJutra","article_modified_time":"2023-10-24T13:09:47+00:00","og_image":[{"url":"http:\/\/kompetencjejutra.lublin.eu\/wp-content\/uploads\/sites\/15\/2023\/10\/Mariusz-Sagan-732x1024.jpg","type":"","width":"","height":""}],"twitter_card":"summary_large_image","twitter_misc":{"Szacowany czas czytania":"2 minuty"},"schema":{"@context":"https:\/\/schema.org","@graph":[{"@type":"WebPage","@id":"https:\/\/kompetencjejutra.lublin.eu\/zaproszenie\/","url":"https:\/\/kompetencjejutra.lublin.eu\/zaproszenie\/","name":"Kompetencje jutra - KompetencjeJutra","isPartOf":{"@id":"http:\/\/kompetencjejutra.lublin.eu\/pl\/#website"},"primaryImageOfPage":{"@id":"https:\/\/kompetencjejutra.lublin.eu\/zaproszenie\/#primaryimage"},"image":{"@id":"https:\/\/kompetencjejutra.lublin.eu\/zaproszenie\/#primaryimage"},"thumbnailUrl":"http:\/\/kompetencjejutra.lublin.eu\/wp-content\/uploads\/sites\/15\/2023\/10\/Mariusz-Sagan-732x1024.jpg","datePublished":"2023-10-02T06:55:35+00:00","dateModified":"2023-10-24T13:09:47+00:00","breadcrumb":{"@id":"https:\/\/kompetencjejutra.lublin.eu\/zaproszenie\/#breadcrumb"},"inLanguage":"pl-PL","potentialAction":[{"@type":"ReadAction","target":["https:\/\/kompetencjejutra.lublin.eu\/zaproszenie\/"]}]},{"@type":"ImageObject","inLanguage":"pl-PL","@id":"https:\/\/kompetencjejutra.lublin.eu\/zaproszenie\/#primaryimage","url":"http:\/\/kompetencjejutra.lublin.eu\/wp-content\/uploads\/sites\/15\/2023\/10\/Mariusz-Sagan-732x1024.jpg","contentUrl":"http:\/\/kompetencjejutra.lublin.eu\/wp-content\/uploads\/sites\/15\/2023\/10\/Mariusz-Sagan-732x1024.jpg"},{"@type":"BreadcrumbList","@id":"https:\/\/kompetencjejutra.lublin.eu\/zaproszenie\/#breadcrumb","itemListElement":[{"@type":"ListItem","position":1,"name":"Home","item":"http:\/\/kompetencjejutra.lublin.eu\/"},{"@type":"ListItem","position":2,"name":"Kompetencje jutra"}]},{"@type":"WebSite","@id":"http:\/\/kompetencjejutra.lublin.eu\/pl\/#website","url":"http:\/\/kompetencjejutra.lublin.eu\/pl\/","name":"KompetencjeJutra","description":"KompetencjeJutra","publisher":{"@id":"http:\/\/kompetencjejutra.lublin.eu\/pl\/#organization"},"potentialAction":[{"@type":"SearchAction","target":{"@type":"EntryPoint","urlTemplate":"http:\/\/kompetencjejutra.lublin.eu\/pl\/?s={search_term_string}"},"query-input":{"@type":"PropertyValueSpecification","valueRequired":true,"valueName":"search_term_string"}}],"inLanguage":"pl-PL"},{"@type":"Organization","@id":"http:\/\/kompetencjejutra.lublin.eu\/pl\/#organization","name":"KompetencjeJutra","url":"http:\/\/kompetencjejutra.lublin.eu\/pl\/","logo":{"@type":"ImageObject","inLanguage":"pl-PL","@id":"http:\/\/kompetencjejutra.lublin.eu\/pl\/#\/schema\/logo\/image\/","url":"https:\/\/kompetencjejutra.lublin.eu\/wp-content\/uploads\/sites\/15\/2021\/08\/logo-miasta-lublin-web.png","contentUrl":"https:\/\/kompetencjejutra.lublin.eu\/wp-content\/uploads\/sites\/15\/2021\/08\/logo-miasta-lublin-web.png","width":281,"height":101,"caption":"KompetencjeJutra"},"image":{"@id":"http:\/\/kompetencjejutra.lublin.eu\/pl\/#\/schema\/logo\/image\/"}}]}},"mfb_rest_fields":["title","featured_image_src","yoast_head","yoast_head_json"],"_links":{"self":[{"href":"https:\/\/kompetencjejutra.lublin.eu\/pl\/wp-json\/wp\/v2\/pages\/1170","targetHints":{"allow":["GET"]}}],"collection":[{"href":"https:\/\/kompetencjejutra.lublin.eu\/pl\/wp-json\/wp\/v2\/pages"}],"about":[{"href":"https:\/\/kompetencjejutra.lublin.eu\/pl\/wp-json\/wp\/v2\/types\/page"}],"author":[{"embeddable":true,"href":"https:\/\/kompetencjejutra.lublin.eu\/pl\/wp-json\/wp\/v2\/users\/6"}],"replies":[{"embeddable":true,"href":"https:\/\/kompetencjejutra.lublin.eu\/pl\/wp-json\/wp\/v2\/comments?post=1170"}],"version-history":[{"count":17,"href":"https:\/\/kompetencjejutra.lublin.eu\/pl\/wp-json\/wp\/v2\/pages\/1170\/revisions"}],"predecessor-version":[{"id":1728,"href":"https:\/\/kompetencjejutra.lublin.eu\/pl\/wp-json\/wp\/v2\/pages\/1170\/revisions\/1728"}],"wp:attachment":[{"href":"https:\/\/kompetencjejutra.lublin.eu\/pl\/wp-json\/wp\/v2\/media?parent=1170"}],"curies":[{"name":"wp","href":"https:\/\/api.w.org\/{rel}","templated":true}]}}