{"id":11,"date":"2021-08-17T11:55:29","date_gmt":"2021-08-17T09:55:29","guid":{"rendered":"https:\/\/kompetencjejutra.lublin.eu\/?page_id=11"},"modified":"2023-11-10T14:34:23","modified_gmt":"2023-11-10T13:34:23","slug":"agenda","status":"publish","type":"page","link":"https:\/\/kompetencjejutra.lublin.eu\/agenda\/","title":{"rendered":"Agenda"},"content":{"rendered":"\n<h1 class=\"wp-block-heading has-text-align-center\">13 listopad 2023 r. <\/h1>\n\n\n\n<hr class=\"wp-block-separator has-alpha-channel-opacity\"\/>\n\n\n\n<div class=\"wp-block-columns is-layout-flex wp-container-core-columns-is-layout-9d6595d7 wp-block-columns-is-layout-flex\">\n<div class=\"wp-block-column is-layout-flow wp-block-column-is-layout-flow\" style=\"flex-basis:33.33%\">\n<p class=\"has-text-align-center\">9:30 \u2013 10:00 <\/p>\n<\/div>\n\n\n\n<div class=\"wp-block-column is-layout-flow wp-block-column-is-layout-flow\" style=\"flex-basis:66.66%\">\n<p>Rejestracja uczestnik\u00f3w konferencji<\/p>\n<\/div>\n<\/div>\n\n\n\n<hr class=\"wp-block-separator has-css-opacity\"\/>\n\n\n\n<div class=\"wp-block-columns is-layout-flex wp-container-core-columns-is-layout-9d6595d7 wp-block-columns-is-layout-flex\">\n<div class=\"wp-block-column is-layout-flow wp-block-column-is-layout-flow\" style=\"flex-basis:33.33%\">\n<p class=\"has-text-align-center\">10:00 \u2013 10:15 <\/p>\n<\/div>\n\n\n\n<div class=\"wp-block-column is-layout-flow wp-block-column-is-layout-flow\" style=\"flex-basis:66.66%\">\n<p>Oficjalne rozpocz\u0119cie <br><strong><strong>Beata Stepaniuk &#8211; Ku\u015bmierzak<\/strong><\/strong> Zast\u0119pca Prezydenta ds. Kultury, Sportu i Partycypacji Miasta Lublin <\/p>\n<\/div>\n<\/div>\n\n\n\n<hr class=\"wp-block-separator has-css-opacity\"\/>\n\n\n\n<div class=\"wp-block-columns is-layout-flex wp-container-core-columns-is-layout-9d6595d7 wp-block-columns-is-layout-flex\">\n<div class=\"wp-block-column is-layout-flow wp-block-column-is-layout-flow\" style=\"flex-basis:33.33%\">\n<p class=\"has-text-align-center\">10:15 \u2013 10:45 <\/p>\n\n\n\n<p class=\"has-text-align-center\"><br>10:45 \u2013 11:15<br> <\/p>\n\n\n\n<p class=\"has-text-align-center\"><br>11:15 \u2013 11:45<br> <\/p>\n\n\n\n<p class=\"has-text-align-center\"><br>11:45 \u2013 12:15 <\/p>\n<\/div>\n\n\n\n<div class=\"wp-block-column is-layout-flow wp-block-column-is-layout-flow\" style=\"flex-basis:66.66%\">\n<p><strong>Kapita\u0142 ludzki &#8211; nieludzki? Kompetencje jutra wobec wyzwa\u0144 przysz\u0142o\u015bci<\/strong><br>Monika Borycka \u2013 TrendRadar<\/p>\n\n\n\n<p><strong>Wykorzystanie AI w rozwoju kompetencji pracownik\u00f3w Publicies Re:Sources<\/strong><br>Barbara Grabiwoda \u2013 Dyrektor ds. strategii w Publicis Groupe<\/p>\n\n\n\n<p><strong>Automatyzacja proces\u00f3w biznesowych i ich wp\u0142yw na dzia\u0142ania HR<\/strong> <br>Elwira Pyk \u2013 Head of Process Transformation &amp; RPA, CEE Vistra Corporate Services<\/p>\n\n\n\n<p><strong>Wielokulturowo\u015b\u0107 w zarz\u0105dzaniu zespo\u0142em<\/strong><br>Gabriela \u017bebrowska \u2013 Trener, Voice Contact Center<br>Sharon Iskra \u2013 Team Leader, Voice Contact Center<\/p>\n<\/div>\n<\/div>\n\n\n\n<hr class=\"wp-block-separator has-css-opacity\"\/>\n\n\n\n<div class=\"wp-block-columns is-layout-flex wp-container-core-columns-is-layout-9d6595d7 wp-block-columns-is-layout-flex\">\n<div class=\"wp-block-column is-layout-flow wp-block-column-is-layout-flow\" style=\"flex-basis:33.33%\">\n<p class=\"has-text-align-center\">12:15 \u2013 13:00 <\/p>\n<\/div>\n\n\n\n<div class=\"wp-block-column is-layout-flow wp-block-column-is-layout-flow\" style=\"flex-basis:66.66%\">\n<p><strong>Przerwa obiadowa<\/strong><\/p>\n<\/div>\n<\/div>\n\n\n\n<hr class=\"wp-block-separator has-css-opacity\"\/>\n\n\n\n<div class=\"wp-block-columns is-layout-flex wp-container-core-columns-is-layout-9d6595d7 wp-block-columns-is-layout-flex\">\n<div class=\"wp-block-column is-layout-flow wp-block-column-is-layout-flow\" style=\"flex-basis:33.33%\">\n<p class=\"has-text-align-center\">13:00 \u2013 13:45 <\/p>\n<\/div>\n\n\n\n<div class=\"wp-block-column is-layout-flow wp-block-column-is-layout-flow\" style=\"flex-basis:66.66%\">\n<p><strong>Czy to prawda, \u017ce zwykli biznesmeni mog\u0105 zarabia\u0107 na \u017cycie dobrym na\u015bladownictwem, ale najszczodrzej wynagradzani s\u0105 innowatorzy<\/strong>?<\/p>\n\n\n\n<ul class=\"wp-block-list\">\n<li><strong>Izabela Lutek<\/strong> \u2013 Dyrektor Zarz\u0105dzaj\u0105ca Centrum Us\u0142ug Wsp\u00f3lnych <a href=\"https:\/\/www.publicisresources.com\/locations\/poland\/\">Publicis Re:Sources Poland<\/a><\/li>\n\n\n\n<li><strong>Grzegorz Szyszka<\/strong> \u2013 Senior Accounting Manager<a href=\"https:\/\/zs1.wielun.pl\/\"> <\/a><a href=\"https:\/\/www.vistra.com\/locations\/emea\/poland#Lublin\">Vistra Corporate Services<\/a><\/li>\n\n\n\n<li><strong>Aneta Nurzy\u0144ska<\/strong> \u2013 Director Multilingual Services (LinGo), <a href=\"https:\/\/oex-vcc.com\/\">OEX Voice Contact Center<\/a><\/li>\n\n\n\n<li><strong>dr Anna Tatarczak<\/strong> \u2013 Prodziekana ds. Jako\u015bci Kszta\u0142cenia <a href=\"https:\/\/www.umcs.pl\/pl\/wydzial-ekonomiczny-umcs-w-lublinie,43.htm\">Wydzia\u0142u Ekonomicznego Uniwersytetu Marii Curie Sk\u0142odowskiej<\/a><br><\/li>\n<\/ul>\n\n\n\n<p>Moderator: <strong>Piotr Fa\u0142ek<\/strong> &#8211; Przewodnicz\u0105cy <a href=\"https:\/\/sektorowaradanub.pl\/\">Sektorowej Rady ds. Kompetencji Nowoczesne Us\u0142ugi Biznesowe<\/a><\/p>\n\n\n<div class=\"wp-block-ub-content-toggle wp-block-ub-content-toggle-block\" id=\"ub-content-toggle-block-13de6331-ca49-443c-af53-d4bbf98a8194\" data-mobilecollapse=\"false\" data-desktopcollapse=\"true\" data-preventcollapse=\"false\" data-showonlyone=\"true\">\n<div class=\"wp-block-ub-content-toggle-accordion\" style=\"border-color: #f1f1f1;\" id=\"ub-content-toggle-panel-block-\">\n\t\t\t<div class=\"wp-block-ub-content-toggle-accordion-title-wrap\" style=\"background-color: #f1f1f1;\" aria-controls=\"ub-content-toggle-panel-0-13de6331-ca49-443c-af53-d4bbf98a8194\" tabindex=\"0\">\n\t\t\t<p class=\"wp-block-ub-content-toggle-accordion-title ub-content-toggle-title-13de6331-ca49-443c-af53-d4bbf98a8194\" style=\"color: #000000; \">Opis panelu<\/p>\n\t\t\t<div class=\"wp-block-ub-content-toggle-accordion-toggle-wrap right\" style=\"color: #000000;\"><span class=\"wp-block-ub-content-toggle-accordion-state-indicator wp-block-ub-chevron-down\"><\/span><\/div>\n\t\t<\/div>\n\t\t\t<div role=\"region\" aria-expanded=\"false\" class=\"wp-block-ub-content-toggle-accordion-content-wrap ub-hide\" id=\"ub-content-toggle-panel-0-13de6331-ca49-443c-af53-d4bbf98a8194\">\n\n<p>Inspiracj\u0105 do dyskusji w panelu b\u0119d\u0105 wypowiedzi singapurskiego polityka Lee Kuan Yew:<\/p>\n\n\n\n<p><em>\u201eW epoce zaskakuj\u0105cych zmian technologicznych do przodu pr\u0105 przedsi\u0119biorcze jednostki gotowe chwyta\u0107 si\u0119 nowych mo\u017cliwo\u015bci, tw\u00f3rcy nowych idei i nowych firm. Zwykli biznesmeni mog\u0105 zarabia\u0107 na \u017cycie dobrym na\u015bladownictwem, ale najszczodrzej wynagradzani s\u0105 innowatorzy i przedsi\u0119biorcy.\u201d<\/em><\/p>\n\n\n\n<p>Lee Kuan Yew, Singapore: A 21<sup>st<\/sup>-Century Economy, przem\u00f3wienie w Barcelona Chamber of Commerce, Industry and Shipping, Barcelona, 14.09.2005.<\/p>\n\n\n\n<p><em>&#8222;Jako\u015b\u0107 krajowych zasob\u00f3w ludzkich to najwa\u017cniejszy z pojedynczych czynnik\u00f3w wp\u0142ywaj\u0105cych na konkurencyjno\u015b\u0107 kraju. O stopniu konkurencyjno\u015bci decyduje bowiem przejawiana przez ludzi innowacyjno\u015b\u0107, przedsi\u0119biorczo\u015b\u0107, umiej\u0119tno\u015b\u0107 pracy zespo\u0142owej oraz ich etyka pracy\u201d<\/em><\/p>\n\n\n\n<p>Lee Kuan Yew, Global Realignment: An Interpretation of Asia\u2019s New Dynamism, przem\u00f3wienie podczas Global Strategies Conference, Singapur, 6.06.1990<\/p>\n\n\n\n<p>Wsp\u00f3lnie z przedstawicielami firm z sektora Nowoczesnych Us\u0142ug Biznesowych (NUB) oraz Uniwersytetu Marii Curie Sk\u0142odowskiej spr\u00f3bujemy poszuka\u0107 odpowiedzi na pytanie jak budowa\u0107 jako\u015bciowy kapita\u0142 ludzki, aby kreowa\u0107 innowacyjno\u015b\u0107 sektora NUB zar\u00f3wno w kontek\u015bcie regionalnym, krajowym i mi\u0119dzynarodowym? Jakie kwalifikacje kapita\u0142u ludzkiego dost\u0119pnego na rynku pracy b\u0119d\u0105 decydowa\u0142y o tym, \u017ce staniemy si\u0119 innowatorami w nowoczesnych us\u0142ugach biznesowych? Jak tworzy\u0107 bogactwo w gospodarce opartej na wiedzy rozwijaj\u0105c ludzkie talenty?<\/p>\n\n<\/div>\n\t\t<\/div>\n<\/div><\/div>\n<\/div>\n\n\n\n<hr class=\"wp-block-separator has-css-opacity\"\/>\n\n\n\n<div class=\"wp-block-columns is-layout-flex wp-container-core-columns-is-layout-9d6595d7 wp-block-columns-is-layout-flex\">\n<div class=\"wp-block-column is-layout-flow wp-block-column-is-layout-flow\" style=\"flex-basis:33.33%\">\n<p class=\"has-text-align-center\">13:45 \u2013 14:30 <\/p>\n<\/div>\n\n\n\n<div class=\"wp-block-column is-layout-flow wp-block-column-is-layout-flow\" style=\"flex-basis:66.66%\">\n<p><strong>Kapita\u0142 ludzki w miastach przysz\u0142o\u015bci<\/strong><\/p>\n\n\n\n<ul class=\"wp-block-list\">\n<li><strong>Monika Kr\u00f3l<\/strong> \u2013 Zast\u0119pca Dyrektora Ds.<a href=\"https:\/\/intranet.lublin.eu\/pracownicy\/szukaj.html?stanowisko_pracy=WSP-ZI\"> <\/a>Przedsi\u0119biorczo\u015bci i Ekosystem\u00f3w Gospodarczych <a href=\"https:\/\/gospodarczy.lublin.eu\/\">Wydzia\u0142u Strategii i Przedsi\u0119biorczo\u015bci, Urz\u0105d Miasta Lublin<\/a><\/li>\n\n\n\n<li><strong>Artur Mach<\/strong> \u2013 Dyrektor <a href=\"https:\/\/www.ckzgrudziadz.pl\/\">Centrum Kszta\u0142cenia Zawodowego w Grudzi\u0105dzu<\/a><\/li>\n\n\n\n<li><strong>Mariola Wasilewska<\/strong> \u2013 Wicedyrektor <a href=\"https:\/\/zsetrakowice.pl\/\">Zesp\u00f3\u0142 Szk\u00f3\u0142 Ekonomiczno &#8211; Technicznych im. Kombatant\u00f3w Ziemi Lw\u00f3weckiej w Rakowicach Wielkich<\/a><\/li>\n\n\n\n<li><strong>Jacek Wo\u017aniakowski <\/strong>\u2013<strong> <\/strong>Dyrektor Departament Rozwoju Spo\u0142eczno-Gospodarczego i Wsp\u00f3\u0142pracy, <a href=\"https:\/\/metropoliagzm.pl\/\">G\u00f3rno\u015bl\u0105sko-Zag\u0142\u0119biowska Metropolia<\/a><br><\/li>\n<\/ul>\n\n\n\n<p>Moderator: <strong>dr Mariusz Sagan <\/strong>\u2013 Dyrektor Wydzia\u0142u Strategii i Przedsi\u0119biorczo\u015bci, <a href=\"http:\/\/www.gospodarczy.lublin.eu\">Urz\u0105d Miasta Lublin<\/a><\/p>\n\n\n<div class=\"wp-block-ub-content-toggle wp-block-ub-content-toggle-block\" id=\"ub-content-toggle-block-64e37dd7-45f1-43d7-959b-79b3bca08fae\" data-mobilecollapse=\"true\" data-desktopcollapse=\"false\" data-preventcollapse=\"false\" data-showonlyone=\"false\">\n<div class=\"wp-block-ub-content-toggle-accordion\" style=\"border-color: #f1f1f1;\" id=\"ub-content-toggle-panel-block-\">\n\t\t\t<div class=\"wp-block-ub-content-toggle-accordion-title-wrap\" style=\"background-color: #f1f1f1;\" aria-controls=\"ub-content-toggle-panel-0-64e37dd7-45f1-43d7-959b-79b3bca08fae\" tabindex=\"0\">\n\t\t\t<p class=\"wp-block-ub-content-toggle-accordion-title ub-content-toggle-title-64e37dd7-45f1-43d7-959b-79b3bca08fae\" style=\"color: #000000; \">Opis panelu<\/p>\n\t\t\t<div class=\"wp-block-ub-content-toggle-accordion-toggle-wrap right\" style=\"color: #000000;\"><span class=\"wp-block-ub-content-toggle-accordion-state-indicator wp-block-ub-chevron-down\"><\/span><\/div>\n\t\t<\/div>\n\t\t\t<div role=\"region\" aria-expanded=\"false\" class=\"wp-block-ub-content-toggle-accordion-content-wrap ub-hide\" id=\"ub-content-toggle-panel-0-64e37dd7-45f1-43d7-959b-79b3bca08fae\">\n\n<p>W panelu udzia\u0142 wezm\u0105 przedstawiciele polskich miast, kt\u00f3rzy przedstawi\u0105 projekty realizowane przez Urz\u0119dy Miast maj\u0105ce na celu rozw\u00f3j kompetencji mieszka\u0144c\u00f3w i wzrost konkurencyjno\u015bci kapita\u0142u ludzkiego. W trakcie panelu zostan\u0105 om\u00f3wione nast\u0119puj\u0105ce kwestie:<\/p>\n\n\n\n<ul class=\"wp-block-list\">\n<li>Wyzwania i szanse rozwoju kapita\u0142u ludzkiego w miastach<\/li>\n\n\n\n<li>Modele wsp\u00f3\u0142pracy pomi\u0119dzy miastami i podmiotami zewn\u0119trznymi w zakresie rozwoju kompetencji<\/li>\n\n\n\n<li>Por\u00f3wnanie dobrych praktyk w zakresie rozwoju kompetencji w polskich miastach<\/li>\n\n\n\n<li>Perspektywy rozwoju kapita\u0142u ludzkiego w miastach przysz\u0142o\u015bci<\/li>\n<\/ul>\n\n\n\n<p>W trakcie panelu odb\u0119dzie si\u0119 dyskusja z udzia\u0142em prelegent\u00f3w i uczestnik\u00f3w konferencji. Dyskusja dotyczy\u0107 b\u0119dzie nast\u0119puj\u0105cych kwestii:<\/p>\n\n\n\n<ul class=\"wp-block-list\">\n<li>Jakie s\u0105 najwi\u0119ksze wyzwania w zakresie rozwoju kapita\u0142u ludzkiego w polskich miastach?<\/li>\n\n\n\n<li>Jakie s\u0105 najlepsze praktyki w zakresie rozwoju kompetencji w polskich miastach?<\/li>\n\n\n\n<li>Jakie s\u0105 perspektywy rozwoju kapita\u0142u ludzkiego w miastach przysz\u0142o\u015bci?<\/li>\n<\/ul>\n\n\n\n<p>Panel &#8222;Kapita\u0142 ludzki w miastach przysz\u0142o\u015bci&#8221; b\u0119dzie okazj\u0105 do wymiany wiedzy i do\u015bwiadcze\u0144 pomi\u0119dzy przedstawicielami polskich miast oraz podmiotami zewn\u0119trznymi dzia\u0142aj\u0105cymi w zakresie rozwoju kompetencji. Panel przyczyni si\u0119 do identyfikacji wyzwa\u0144 i szans w zakresie rozwoju kapita\u0142u ludzkiego w miastach, a tak\u017ce do wymiany dobrych praktyk.<\/p>\n\n<\/div>\n\t\t<\/div>\n<\/div><\/div>\n<\/div>\n\n\n\n<hr class=\"wp-block-separator has-css-opacity\"\/>\n\n\n\n<div class=\"wp-block-columns is-layout-flex wp-container-core-columns-is-layout-9d6595d7 wp-block-columns-is-layout-flex\">\n<div class=\"wp-block-column is-layout-flow wp-block-column-is-layout-flow\" style=\"flex-basis:33.33%\">\n<p class=\"has-text-align-center\">14:30<\/p>\n<\/div>\n\n\n\n<div class=\"wp-block-column is-layout-flow wp-block-column-is-layout-flow\" style=\"flex-basis:66.66%\">\n<p>Zako\u0144czenie konferencji<\/p>\n<\/div>\n<\/div>\n\n\n\n<hr class=\"wp-block-separator has-css-opacity\"\/>\n\n\n\n<p class=\"has-text-align-center\"><a href=\"https:\/\/kompetencjejutra.lublin.eu\/lokalizacja\/\">Lubelskie Centrum Konferencyjne (ul. Grottgera 2, Lublin)<\/a><\/p>\n","protected":false},"excerpt":{"rendered":"<p>13 listopad 2023 r. 9:30 \u2013 10:00 Rejestracja uczestnik\u00f3w konferencji 10:00 \u2013 10:15 Oficjalne rozpocz\u0119cie Beata Stepaniuk &#8211; Ku\u015bmierzak Zast\u0119pca Prezydenta ds. Kultury, Sportu i Partycypacji Miasta Lublin 10:15 \u2013 10:45 10:45 \u2013 11:15 11:15 \u2013 11:45 11:45 \u2013 12:15 Kapita\u0142 ludzki &#8211; nieludzki? Kompetencje jutra wobec wyzwa\u0144 przysz\u0142o\u015bciMonika Borycka \u2013 TrendRadar Wykorzystanie AI w &#8230; <a title=\"Agenda\" class=\"read-more\" href=\"https:\/\/kompetencjejutra.lublin.eu\/agenda\/\" aria-label=\"Dowiedz si\u0119 wi\u0119cej o Agenda\">Czytaj dalej<\/a><\/p>\n","protected":false},"author":6,"featured_media":0,"parent":0,"menu_order":0,"comment_status":"closed","ping_status":"closed","template":"","meta":{"_acf_changed":false,"footnotes":""},"class_list":["post-11","page","type-page","status-publish"],"acf":[],"mb":[],"featured_image_src":null,"yoast_head":"<!-- This site is optimized with the Yoast SEO plugin v26.3 - https:\/\/yoast.com\/wordpress\/plugins\/seo\/ -->\n<title>Agenda - KompetencjeJutra<\/title>\n<meta name=\"robots\" content=\"index, follow, max-snippet:-1, max-image-preview:large, max-video-preview:-1\" \/>\n<link rel=\"canonical\" href=\"https:\/\/kompetencjejutra.lublin.eu\/pl\/agenda\/\" \/>\n<meta property=\"og:locale\" content=\"pl_PL\" \/>\n<meta property=\"og:type\" content=\"article\" \/>\n<meta property=\"og:title\" content=\"Agenda - KompetencjeJutra\" \/>\n<meta property=\"og:description\" content=\"13 listopad 2023 r. 9:30 \u2013 10:00 Rejestracja uczestnik\u00f3w konferencji 10:00 \u2013 10:15 Oficjalne rozpocz\u0119cie Beata Stepaniuk &#8211; Ku\u015bmierzak Zast\u0119pca Prezydenta ds. Kultury, Sportu i Partycypacji Miasta Lublin 10:15 \u2013 10:45 10:45 \u2013 11:15 11:15 \u2013 11:45 11:45 \u2013 12:15 Kapita\u0142 ludzki &#8211; nieludzki? Kompetencje jutra wobec wyzwa\u0144 przysz\u0142o\u015bciMonika Borycka \u2013 TrendRadar Wykorzystanie AI w ... Czytaj dalej\" \/>\n<meta property=\"og:url\" content=\"https:\/\/kompetencjejutra.lublin.eu\/agenda\/\" \/>\n<meta property=\"og:site_name\" content=\"KompetencjeJutra\" \/>\n<meta property=\"article:modified_time\" content=\"2023-11-10T13:34:23+00:00\" \/>\n<meta name=\"twitter:card\" content=\"summary_large_image\" \/>\n<meta name=\"twitter:label1\" content=\"Szacowany czas czytania\" \/>\n\t<meta name=\"twitter:data1\" content=\"4 minuty\" \/>\n<script type=\"application\/ld+json\" class=\"yoast-schema-graph\">{\"@context\":\"https:\/\/schema.org\",\"@graph\":[{\"@type\":\"WebPage\",\"@id\":\"https:\/\/kompetencjejutra.lublin.eu\/agenda\/\",\"url\":\"https:\/\/kompetencjejutra.lublin.eu\/agenda\/\",\"name\":\"Agenda - KompetencjeJutra\",\"isPartOf\":{\"@id\":\"https:\/\/kompetencjejutra.lublin.eu\/pl\/#website\"},\"datePublished\":\"2021-08-17T09:55:29+00:00\",\"dateModified\":\"2023-11-10T13:34:23+00:00\",\"breadcrumb\":{\"@id\":\"https:\/\/kompetencjejutra.lublin.eu\/agenda\/#breadcrumb\"},\"inLanguage\":\"pl-PL\",\"potentialAction\":[{\"@type\":\"ReadAction\",\"target\":[\"https:\/\/kompetencjejutra.lublin.eu\/agenda\/\"]}]},{\"@type\":\"BreadcrumbList\",\"@id\":\"https:\/\/kompetencjejutra.lublin.eu\/agenda\/#breadcrumb\",\"itemListElement\":[{\"@type\":\"ListItem\",\"position\":1,\"name\":\"Home\",\"item\":\"https:\/\/kompetencjejutra.lublin.eu\/\"},{\"@type\":\"ListItem\",\"position\":2,\"name\":\"Agenda\"}]},{\"@type\":\"WebSite\",\"@id\":\"https:\/\/kompetencjejutra.lublin.eu\/pl\/#website\",\"url\":\"https:\/\/kompetencjejutra.lublin.eu\/pl\/\",\"name\":\"KompetencjeJutra\",\"description\":\"KompetencjeJutra\",\"publisher\":{\"@id\":\"https:\/\/kompetencjejutra.lublin.eu\/pl\/#organization\"},\"potentialAction\":[{\"@type\":\"SearchAction\",\"target\":{\"@type\":\"EntryPoint\",\"urlTemplate\":\"https:\/\/kompetencjejutra.lublin.eu\/pl\/?s={search_term_string}\"},\"query-input\":{\"@type\":\"PropertyValueSpecification\",\"valueRequired\":true,\"valueName\":\"search_term_string\"}}],\"inLanguage\":\"pl-PL\"},{\"@type\":\"Organization\",\"@id\":\"https:\/\/kompetencjejutra.lublin.eu\/pl\/#organization\",\"name\":\"KompetencjeJutra\",\"url\":\"https:\/\/kompetencjejutra.lublin.eu\/pl\/\",\"logo\":{\"@type\":\"ImageObject\",\"inLanguage\":\"pl-PL\",\"@id\":\"https:\/\/kompetencjejutra.lublin.eu\/pl\/#\/schema\/logo\/image\/\",\"url\":\"https:\/\/kompetencjejutra.lublin.eu\/wp-content\/uploads\/sites\/15\/2021\/08\/logo-miasta-lublin-web.png\",\"contentUrl\":\"https:\/\/kompetencjejutra.lublin.eu\/wp-content\/uploads\/sites\/15\/2021\/08\/logo-miasta-lublin-web.png\",\"width\":281,\"height\":101,\"caption\":\"KompetencjeJutra\"},\"image\":{\"@id\":\"https:\/\/kompetencjejutra.lublin.eu\/pl\/#\/schema\/logo\/image\/\"}}]}<\/script>\n<!-- \/ Yoast SEO plugin. -->","yoast_head_json":{"title":"Agenda - KompetencjeJutra","robots":{"index":"index","follow":"follow","max-snippet":"max-snippet:-1","max-image-preview":"max-image-preview:large","max-video-preview":"max-video-preview:-1"},"canonical":"https:\/\/kompetencjejutra.lublin.eu\/pl\/agenda\/","og_locale":"pl_PL","og_type":"article","og_title":"Agenda - KompetencjeJutra","og_description":"13 listopad 2023 r. 9:30 \u2013 10:00 Rejestracja uczestnik\u00f3w konferencji 10:00 \u2013 10:15 Oficjalne rozpocz\u0119cie Beata Stepaniuk &#8211; Ku\u015bmierzak Zast\u0119pca Prezydenta ds. Kultury, Sportu i Partycypacji Miasta Lublin 10:15 \u2013 10:45 10:45 \u2013 11:15 11:15 \u2013 11:45 11:45 \u2013 12:15 Kapita\u0142 ludzki &#8211; nieludzki? Kompetencje jutra wobec wyzwa\u0144 przysz\u0142o\u015bciMonika Borycka \u2013 TrendRadar Wykorzystanie AI w ... Czytaj dalej","og_url":"https:\/\/kompetencjejutra.lublin.eu\/agenda\/","og_site_name":"KompetencjeJutra","article_modified_time":"2023-11-10T13:34:23+00:00","twitter_card":"summary_large_image","twitter_misc":{"Szacowany czas czytania":"4 minuty"},"schema":{"@context":"https:\/\/schema.org","@graph":[{"@type":"WebPage","@id":"https:\/\/kompetencjejutra.lublin.eu\/agenda\/","url":"https:\/\/kompetencjejutra.lublin.eu\/agenda\/","name":"Agenda - KompetencjeJutra","isPartOf":{"@id":"https:\/\/kompetencjejutra.lublin.eu\/pl\/#website"},"datePublished":"2021-08-17T09:55:29+00:00","dateModified":"2023-11-10T13:34:23+00:00","breadcrumb":{"@id":"https:\/\/kompetencjejutra.lublin.eu\/agenda\/#breadcrumb"},"inLanguage":"pl-PL","potentialAction":[{"@type":"ReadAction","target":["https:\/\/kompetencjejutra.lublin.eu\/agenda\/"]}]},{"@type":"BreadcrumbList","@id":"https:\/\/kompetencjejutra.lublin.eu\/agenda\/#breadcrumb","itemListElement":[{"@type":"ListItem","position":1,"name":"Home","item":"https:\/\/kompetencjejutra.lublin.eu\/"},{"@type":"ListItem","position":2,"name":"Agenda"}]},{"@type":"WebSite","@id":"https:\/\/kompetencjejutra.lublin.eu\/pl\/#website","url":"https:\/\/kompetencjejutra.lublin.eu\/pl\/","name":"KompetencjeJutra","description":"KompetencjeJutra","publisher":{"@id":"https:\/\/kompetencjejutra.lublin.eu\/pl\/#organization"},"potentialAction":[{"@type":"SearchAction","target":{"@type":"EntryPoint","urlTemplate":"https:\/\/kompetencjejutra.lublin.eu\/pl\/?s={search_term_string}"},"query-input":{"@type":"PropertyValueSpecification","valueRequired":true,"valueName":"search_term_string"}}],"inLanguage":"pl-PL"},{"@type":"Organization","@id":"https:\/\/kompetencjejutra.lublin.eu\/pl\/#organization","name":"KompetencjeJutra","url":"https:\/\/kompetencjejutra.lublin.eu\/pl\/","logo":{"@type":"ImageObject","inLanguage":"pl-PL","@id":"https:\/\/kompetencjejutra.lublin.eu\/pl\/#\/schema\/logo\/image\/","url":"https:\/\/kompetencjejutra.lublin.eu\/wp-content\/uploads\/sites\/15\/2021\/08\/logo-miasta-lublin-web.png","contentUrl":"https:\/\/kompetencjejutra.lublin.eu\/wp-content\/uploads\/sites\/15\/2021\/08\/logo-miasta-lublin-web.png","width":281,"height":101,"caption":"KompetencjeJutra"},"image":{"@id":"https:\/\/kompetencjejutra.lublin.eu\/pl\/#\/schema\/logo\/image\/"}}]}},"mfb_rest_fields":["title","featured_image_src","yoast_head","yoast_head_json"],"_links":{"self":[{"href":"https:\/\/kompetencjejutra.lublin.eu\/pl\/wp-json\/wp\/v2\/pages\/11","targetHints":{"allow":["GET"]}}],"collection":[{"href":"https:\/\/kompetencjejutra.lublin.eu\/pl\/wp-json\/wp\/v2\/pages"}],"about":[{"href":"https:\/\/kompetencjejutra.lublin.eu\/pl\/wp-json\/wp\/v2\/types\/page"}],"author":[{"embeddable":true,"href":"https:\/\/kompetencjejutra.lublin.eu\/pl\/wp-json\/wp\/v2\/users\/6"}],"replies":[{"embeddable":true,"href":"https:\/\/kompetencjejutra.lublin.eu\/pl\/wp-json\/wp\/v2\/comments?post=11"}],"version-history":[{"count":17,"href":"https:\/\/kompetencjejutra.lublin.eu\/pl\/wp-json\/wp\/v2\/pages\/11\/revisions"}],"predecessor-version":[{"id":1768,"href":"https:\/\/kompetencjejutra.lublin.eu\/pl\/wp-json\/wp\/v2\/pages\/11\/revisions\/1768"}],"wp:attachment":[{"href":"https:\/\/kompetencjejutra.lublin.eu\/pl\/wp-json\/wp\/v2\/media?parent=11"}],"curies":[{"name":"wp","href":"https:\/\/api.w.org\/{rel}","templated":true}]}}