{"id":598,"date":"2022-04-26T09:13:33","date_gmt":"2022-04-26T07:13:33","guid":{"rendered":"https:\/\/kompetencjejutra.lublin.eu\/?page_id=598"},"modified":"2026-05-07T12:07:02","modified_gmt":"2026-05-07T10:07:02","slug":"formularz-zgloszeniowy-dla-uczestnikow","status":"publish","type":"page","link":"http:\/\/kompetencjejutra.lublin.eu\/formularz-zgloszeniowy-dla-uczestnikow\/","title":{"rendered":"Formularz zg\u0142oszeniowy"},"content":{"rendered":"\n<h2 class=\"wp-block-heading has-text-align-center\"><\/h2>\n\n\n\n<p class=\"has-text-align-center\">Zosta\u0142 osi\u0105gni\u0119ty limit miejsc na warsztaty:<\/p>\n\n\n\n<p>20 maja 2026 r. 9:00 \u2013 12:30 \u2013 \u201eJak zacz\u0105\u0107 karier\u0119 w social media i marketingu online jeszcze na studiach?\u201d \u2013 StartUp Social Media<\/p>\n\n\n\n<p>22 maja 2026 r. 11:00 \u2013 13:00 \u2013 \u201eAutoprezentacja i wyst\u0105pienia publiczne\u201d \u2013 Capgemini Polska sp. z o.o.<\/p>\n\n\n\n<p class=\"has-text-align-left\"><\/p>\n\n\n<link rel='stylesheet' id='formidable-css' href='http:\/\/kompetencjejutra.lublin.eu\/wp-content\/plugins\/formidable\/css\/formidableforms15.css?ver=1113138' media='all' \/>\n<div class=\"frm_forms  with_frm_style frm_style_formidable-style\" id=\"frm_form_45_container\" data-token=\"daf6980abbe78d3bb5812447160c34f0\">\n<form enctype=\"multipart\/form-data\" method=\"post\" class=\"frm-show-form  frm_pro_form \" id=\"form_kawiarenki-wiosna-202522\" data-token=\"daf6980abbe78d3bb5812447160c34f0\">\n<div class=\"frm_form_fields \">\n<fieldset>\n<legend class=\"frm_screen_reader\">Kawiarenki Wiosna 2026 &#8211; edycja dla student\u00f3w<\/legend>\r\n\r\n<div class=\"frm_fields_container\">\n<input type=\"hidden\" name=\"frm_action\" value=\"create\" \/>\n<input type=\"hidden\" name=\"form_id\" value=\"45\" \/>\n<input type=\"hidden\" name=\"frm_hide_fields_45\" id=\"frm_hide_fields_45\" value=\"\" \/>\n<input type=\"hidden\" name=\"form_key\" value=\"kawiarenki-wiosna-202522\" \/>\n<input type=\"hidden\" name=\"item_meta[0]\" value=\"\" \/>\n<input type=\"hidden\" id=\"frm_submit_entry_45\" name=\"frm_submit_entry_45\" value=\"53818f6370\" \/><input type=\"hidden\" name=\"_wp_http_referer\" value=\"\/pl\/wp-json\/wp\/v2\/pages\/598\" \/><div id=\"frm_field_290_container\" class=\"frm_form_field form-field  frm_required_field frm_top_container\">\r\n    <label for=\"field_1i82434\" id=\"field_1i82434_label\" class=\"frm_primary_label\">Imi\u0119 i nazwisko\r\n        <span class=\"frm_required\" aria-hidden=\"true\">*<\/span>\r\n    <\/label>\r\n    <input  type=\"text\" id=\"field_1i82434\" name=\"item_meta[290]\" value=\"\"  data-reqmsg=\"Imi\u0119 i nazwisko cannot be blank.\" aria-required=\"true\" data-invmsg=\"Tekst is invalid\" aria-invalid=\"false\"   \/>\r\n    \r\n    \r\n<\/div>\n<div id=\"frm_field_291_container\" class=\"frm_form_field form-field  frm_required_field frm_top_container frm4 frm_first\">\r\n    <label for=\"field_fjet34\" id=\"field_fjet34_label\" class=\"frm_primary_label\">Uczelnia\r\n        <span class=\"frm_required\" aria-hidden=\"true\">*<\/span>\r\n    <\/label>\r\n    <input  type=\"text\" id=\"field_fjet34\" name=\"item_meta[291]\" value=\"\"  data-reqmsg=\"Uczelnia cannot be blank.\" aria-required=\"true\" data-invmsg=\"Tekst is invalid\" aria-invalid=\"false\"   \/>\r\n    \r\n    \r\n<\/div>\n<div id=\"frm_field_292_container\" class=\"frm_form_field form-field  frm_required_field frm_top_container frm4\">\r\n    <label for=\"field_kwj1134\" id=\"field_kwj1134_label\" class=\"frm_primary_label\">Wydzia\u0142\r\n        <span class=\"frm_required\" aria-hidden=\"true\">*<\/span>\r\n    <\/label>\r\n    <input  type=\"text\" id=\"field_kwj1134\" name=\"item_meta[292]\" value=\"\"  data-reqmsg=\"Wydzia\u0142 cannot be blank.\" aria-required=\"true\" data-invmsg=\"Tekst is invalid\" aria-invalid=\"false\"   \/>\r\n    \r\n    \r\n<\/div>\n<div id=\"frm_field_293_container\" class=\"frm_form_field form-field  frm_required_field frm_top_container frm4\">\r\n    <label for=\"field_akq3h5\" id=\"field_akq3h5_label\" class=\"frm_primary_label\">Kierunek\r\n        <span class=\"frm_required\" aria-hidden=\"true\">*<\/span>\r\n    <\/label>\r\n    <input  type=\"text\" id=\"field_akq3h5\" name=\"item_meta[293]\" value=\"\"  data-reqmsg=\"Kierunek cannot be blank.\" aria-required=\"true\" data-invmsg=\"Tekst is invalid\" aria-invalid=\"false\"   \/>\r\n    \r\n    \r\n<\/div>\n<div id=\"frm_field_294_container\" class=\"frm_form_field form-field  frm_required_field frm_top_container\">\r\n\t<label for=\"field_jx6u72\" id=\"field_jx6u72_label\" class=\"frm_primary_label\">Rok studi\u00f3w\r\n\t\t<span class=\"frm_required\" aria-hidden=\"true\">*<\/span>\r\n\t<\/label>\r\n\t<input  type=\"text\" id=\"field_jx6u72\" name=\"item_meta[294]\" value=\"\"  data-reqmsg=\"Rok studi\u00f3w cannot be blank.\" aria-required=\"true\" data-invmsg=\"Rok studi\u00f3w is invalid\" aria-invalid=\"false\"   \/>\r\n\t\r\n\t\r\n<\/div>\n<div id=\"frm_field_295_container\" class=\"frm_form_field form-field  frm_required_field frm_top_container frm6 frm_first\">\r\n    <label for=\"field_ouyhc34\" id=\"field_ouyhc34_label\" class=\"frm_primary_label\">Email\r\n        <span class=\"frm_required\" aria-hidden=\"true\">*<\/span>\r\n    <\/label>\r\n    <input type=\"email\" id=\"field_ouyhc34\" name=\"item_meta[295]\" value=\"\"  autocomplete=\"email\"  data-reqmsg=\"Email cannot be blank.\" aria-required=\"true\" data-invmsg=\"Email is invalid\" aria-invalid=\"false\"  \/>\r\n    \r\n    \r\n<\/div>\n<div id=\"frm_field_296_container\" class=\"frm_form_field form-field  frm_required_field frm_top_container frm6\">\r\n    <label for=\"field_nf74q34\" id=\"field_nf74q34_label\" class=\"frm_primary_label\">Numer telefonu\r\n        <span class=\"frm_required\" aria-hidden=\"true\">*<\/span>\r\n    <\/label>\r\n    <input  type=\"text\" id=\"field_nf74q34\" name=\"item_meta[296]\" value=\"\"  data-reqmsg=\"Numer telefonu cannot be blank.\" aria-required=\"true\" data-invmsg=\"Tekst is invalid\" aria-invalid=\"false\"   \/>\r\n    \r\n    \r\n<\/div>\n<div id=\"frm_field_297_container\" class=\"frm_form_field  frm_html_container form-field\"><b>Opis aktywno\u015bci zaproponowanych przez firmy z sektora nowoczesnych us\u0142ug biznesowych znajdziesz na stronie.<\/b><\/div>\n<div id=\"frm_field_302_container\" class=\"frm_form_field form-field  frm_required_field frm_top_container frm12 vertical_radio\">\r\n\t<div id=\"field_81e7d_label\" class=\"frm_primary_label\">Aktywno\u015bci:\r\n\t\t<span class=\"frm_required\" aria-hidden=\"true\">*<\/span>\r\n\t<\/div>\r\n\t<div class=\"frm_opt_container\" role=\"group\">\t\t<div class=\"frm_checkbox\" id=\"frm_checkbox_302-0\">\t\t\t<label  for=\"field_81e7d-0\">\n\t\t\t<input type=\"checkbox\" name=\"item_meta[302][]\" id=\"field_81e7d-0\" value=\"Opcja 119 maja 2026 r. 9:00 \u2013 14:30 - &quot;Kaizen, czyli lepiej, sprawniej, szybciej&quot; - Warta\"  data-frmlimit=\"1\"  data-reqmsg=\"Aktywno\u015bci: cannot be blank.\" data-invmsg=\"Aktywno\u015bci: jest nieprawid\u0142owe\"   aria-required=\"true\"  \/> 19 maja 2026 r. 9:00 \u2013 14:30 &#8211; &#8222;Kaizen, czyli lepiej, sprawniej, szybciej&#8221; &#8211; Warta<\/label><\/div>\n\t\t<div class=\"frm_checkbox\" id=\"frm_checkbox_302-2\">\t\t\t<label  for=\"field_81e7d-2\">\n\t\t\t<input type=\"checkbox\" name=\"item_meta[302][]\" id=\"field_81e7d-2\" value=\"21 maja 2026 r. 11:00 \u2013 13:00 - &quot;CV et processus de recrutement (CV i proces rekrutacji)&quot; - Capgemini Polska sp. z o.o.\"  data-frmlimit=\"1\"  data-reqmsg=\"Aktywno\u015bci: cannot be blank.\" data-invmsg=\"Aktywno\u015bci: jest nieprawid\u0142owe\"   \/> 21 maja 2026 r. 11:00 \u2013 13:00 &#8211; &#8222;CV et processus de recrutement (CV i proces rekrutacji)&#8221; &#8211; Capgemini Polska sp. z o.o.<\/label><\/div>\n\t\t<div class=\"frm_checkbox\" id=\"frm_checkbox_302-3\">\t\t\t<label  for=\"field_81e7d-3\">\n\t\t\t<input type=\"checkbox\" name=\"item_meta[302][]\" id=\"field_81e7d-3\" value=\"22 maja 2026 r. 9:00 \u2013 15:00 - &quot;Szkolenie: Wprowadzenie do konteneryzacji aplikacji HTTP i podstaw automatyzacji CI\/CD w \u015brodowisku Linux&quot; - SparkSome Venture\"  data-frmlimit=\"1\"  data-reqmsg=\"Aktywno\u015bci: cannot be blank.\" data-invmsg=\"Aktywno\u015bci: jest nieprawid\u0142owe\"   \/> 22 maja 2026 r. 9:00 \u2013 15:00 &#8211; &#8222;Szkolenie: Wprowadzenie do konteneryzacji aplikacji HTTP i podstaw automatyzacji CI\/CD w \u015brodowisku Linux&#8221; &#8211; SparkSome Venture<\/label><\/div>\n\t\t<div class=\"frm_checkbox\" id=\"frm_checkbox_302-5\">\t\t\t<label  for=\"field_81e7d-5\">\n\t\t\t<input type=\"checkbox\" name=\"item_meta[302][]\" id=\"field_81e7d-5\" value=\"25 maja 2026 r. 14:00 \u2013 15:30 - &quot;Mam rozmow\u0119 o prac\u0119 i co dalej? Zaprezentuj si\u0119 po mistrzowsku!&quot; - Concentrix\"  data-frmlimit=\"1\"  data-reqmsg=\"Aktywno\u015bci: cannot be blank.\" data-invmsg=\"Aktywno\u015bci: jest nieprawid\u0142owe\"   \/> 25 maja 2026 r. 14:00 \u2013 15:30 &#8211; &#8222;Mam rozmow\u0119 o prac\u0119 i co dalej? Zaprezentuj si\u0119 po mistrzowsku!&#8221; &#8211; Concentrix<\/label><\/div>\n\t\t<div class=\"frm_checkbox\" id=\"frm_checkbox_302-8\">\t\t\t<label  for=\"field_81e7d-8\">\n\t\t\t<input type=\"checkbox\" name=\"item_meta[302][]\" id=\"field_81e7d-8\" value=\"27 maja 2026 r. 9:00 - 12:30 - &quot;Office Survival Guide: Komunikacja, kt\u00f3ra otwiera drzwi&quot; Starcom Sp. z o.o.\"  data-frmlimit=\"1\"  data-reqmsg=\"Aktywno\u015bci: cannot be blank.\" data-invmsg=\"Aktywno\u015bci: jest nieprawid\u0142owe\"   \/> 27 maja 2026 r. 9:00 &#8211; 12:30 &#8211; &#8222;Office Survival Guide: Komunikacja, kt\u00f3ra otwiera drzwi&#8221; &#8211; Starcom Sp. z o.o.<\/label><\/div>\n\t\t<div class=\"frm_checkbox\" id=\"frm_checkbox_302-9\">\t\t\t<label  for=\"field_81e7d-9\">\n\t\t\t<input type=\"checkbox\" name=\"item_meta[302][]\" id=\"field_81e7d-9\" value=\"28 maja 2026 r. 14:00 \u2013 15:30 - &quot;Golang w 90 minut: od zera do API z wielow\u0105tkowo\u015bci\u0105&quot; - DataArt\"  data-frmlimit=\"1\"  data-reqmsg=\"Aktywno\u015bci: cannot be blank.\" data-invmsg=\"Aktywno\u015bci: jest nieprawid\u0142owe\"   \/> 28 maja 2026 r. 14:00 \u2013 15:30 &#8211; &#8222;Golang w 90 minut: od zera do API z wielow\u0105tkowo\u015bci\u0105&#8221; &#8211; DataArt<\/label><\/div>\n\t\t<div class=\"frm_checkbox\" id=\"frm_checkbox_302-7\">\t\t\t<label  for=\"field_81e7d-7\">\n\t\t\t<input type=\"checkbox\" name=\"item_meta[302][]\" id=\"field_81e7d-7\" value=\"29 maja 2026 r. 12:00 \u2013 15:00 - \u201eKawa z rekruterem\u201d, czyli rekrutacyjny speed dating&quot; - Axendi\"  data-frmlimit=\"1\"  data-reqmsg=\"Aktywno\u015bci: cannot be blank.\" data-invmsg=\"Aktywno\u015bci: jest nieprawid\u0142owe\"   \/> 29 maja 2026 r. 12:00 \u2013 15:00 &#8211; \u201eKawa z rekruterem\u201d, czyli rekrutacyjny speed dating&#8221; &#8211; Axendi<\/label><\/div>\n<\/div>\r\n\t\r\n\t\r\n<\/div>\n<div id=\"frm_field_299_container\" class=\"frm_form_field form-field  frm_required_field frm_top_container vertical_radio\">\r\n    <div id=\"field_xtgbt34_label\" class=\"frm_primary_label\">\r\n        <span class=\"frm_required\" aria-hidden=\"true\">*<\/span>\r\n    <\/div>\r\n    <div class=\"frm_opt_container\" role=\"group\">\t\t<div class=\"frm_checkbox\" id=\"frm_checkbox_299-0\">\t\t\t<label  for=\"field_xtgbt34-0\">\n\t\t\t<input type=\"checkbox\" name=\"item_meta[299][]\" id=\"field_xtgbt34-0\" value=\"O\u015bwiadczam, \u017ce zapozna\u0142am\/zapozna\u0142em si\u0119 i akceptuje warunki okre\u015blone w &lt;a href=&quot;http:\/\/kompetencjejutra.lublin.eu\/wp-content\/uploads\/sites\/15\/2026\/04\/REGULAMIN-PROJEKTU_-Kawiarenki-2026.pdf&quot;&gt;Regulaminie&lt;a \/&gt; w tym z Klauzul\u0105 Informacyjn\u0105.\"  data-reqmsg=\"This field cannot be blank.\" data-invmsg=\"To pole jest nieprawid\u0142owe\"   aria-required=\"true\"  \/> O\u015bwiadczam, \u017ce zapozna\u0142am\/zapozna\u0142em si\u0119 i akceptuje warunki okre\u015blone w <a href=\"http:\/\/kompetencjejutra.lublin.eu\/wp-content\/uploads\/sites\/15\/2026\/04\/REGULAMIN-PROJEKTU_-Kawiarenki-2026.pdf\">Regulaminie<a \/> w tym z Klauzul\u0105 Informacyjn\u0105.<\/label><\/div>\n<\/div>\r\n    \r\n    \r\n<\/div>\n<div id=\"frm_field_300_container\" class=\"frm_form_field form-field  frm_required_field frm_top_container vertical_radio\">\r\n    <div id=\"field_xf2jy34_label\" class=\"frm_primary_label\">\r\n        <span class=\"frm_required\" aria-hidden=\"true\">*<\/span>\r\n    <\/div>\r\n    <div class=\"frm_opt_container\" role=\"group\">\t\t<div class=\"frm_checkbox\" id=\"frm_checkbox_300-0\">\t\t\t<label  for=\"field_xf2jy34-0\">\n\t\t\t<input type=\"checkbox\" name=\"item_meta[300][]\" id=\"field_xf2jy34-0\" value=\"Wyra\u017cam zgod\u0119 na przetwarzanie mojego adresu email, w celu informowania o przysz\u0142ych edycjach Projektu &quot;Kawiarenki&quot;.\"  data-reqmsg=\"This field cannot be blank.\" data-invmsg=\"To pole jest nieprawid\u0142owe\"   aria-required=\"true\"  \/> Wyra\u017cam zgod\u0119 na przetwarzanie mojego adresu email, w celu informowania o przysz\u0142ych edycjach Projektu &#8222;Kawiarenki&#8221;.<\/label><\/div>\n<\/div>\r\n    \r\n    \r\n<\/div>\n<div id=\"frm_field_301_container\" class=\"frm_form_field form-field \">\r\n\t<div class=\"frm_submit frm_flex\">\r\n<button class=\"frm_button_submit frm_final_submit\" type=\"submit\"  formnovalidate=\"formnovalidate\">Wy\u015blij<\/button>\r\n\r\n\r\n\r\n<\/div>\r\n<\/div>\n\t<input type=\"hidden\" name=\"item_key\" value=\"\" \/>\n\t\t\t<div id=\"frm_field_303_container\">\n\t\t\t<label for=\"field_bafo1\" >\n\t\t\t\tJe\u017celi jeste\u015b cz\u0142owiekiem, zostaw to pole puste.\t\t\t<\/label>\n\t\t\t<input  id=\"field_bafo1\" type=\"text\" class=\"frm_form_field form-field frm_verify\" name=\"item_meta[303]\" value=\"\"  \/>\n\t\t<\/div>\n\t\t<input name=\"frm_state\" type=\"hidden\" value=\"NKN0ugbCCqKY+Y8FIlg9\/yMxkjTz1+mx0jQiBnLvnO46nagYXNPPmXTuOpJWWXcG\" \/><\/div>\n<\/fieldset>\n<\/div>\n\n<\/form>\n<\/div>\n","protected":false},"excerpt":{"rendered":"<p>Zosta\u0142 osi\u0105gni\u0119ty limit miejsc na warsztaty: 20 maja 2026 r. 9:00 \u2013 12:30 \u2013 \u201eJak zacz\u0105\u0107 karier\u0119 w social media i marketingu online jeszcze na studiach?\u201d \u2013 StartUp Social Media 22 maja 2026 r. 11:00 \u2013 13:00 \u2013 \u201eAutoprezentacja i wyst\u0105pienia publiczne\u201d \u2013 Capgemini Polska sp. z o.o.<\/p>\n","protected":false},"author":6,"featured_media":0,"parent":0,"menu_order":0,"comment_status":"closed","ping_status":"closed","template":"","meta":{"_acf_changed":false,"footnotes":""},"class_list":["post-598","page","type-page","status-publish"],"acf":[],"mb":[],"featured_image_src":null,"yoast_head":"<!-- This site is optimized with the Yoast SEO plugin v26.3 - https:\/\/yoast.com\/wordpress\/plugins\/seo\/ -->\n<title>Formularz zg\u0142oszeniowy - KompetencjeJutra<\/title>\n<meta name=\"robots\" content=\"index, follow, max-snippet:-1, max-image-preview:large, max-video-preview:-1\" \/>\n<link rel=\"canonical\" href=\"http:\/\/kompetencjejutra.lublin.eu\/pl\/formularz-zgloszeniowy-dla-uczestnikow\/\" \/>\n<meta property=\"og:locale\" content=\"pl_PL\" \/>\n<meta property=\"og:type\" content=\"article\" \/>\n<meta property=\"og:title\" content=\"Formularz zg\u0142oszeniowy - KompetencjeJutra\" \/>\n<meta property=\"og:description\" content=\"Zosta\u0142 osi\u0105gni\u0119ty limit miejsc na warsztaty: 20 maja 2026 r. 9:00 \u2013 12:30 \u2013 \u201eJak zacz\u0105\u0107 karier\u0119 w social media i marketingu online jeszcze na studiach?\u201d \u2013 StartUp Social Media 22 maja 2026 r. 11:00 \u2013 13:00 \u2013 \u201eAutoprezentacja i wyst\u0105pienia publiczne\u201d \u2013 Capgemini Polska sp. z o.o.\" \/>\n<meta property=\"og:url\" content=\"http:\/\/kompetencjejutra.lublin.eu\/formularz-zgloszeniowy-dla-uczestnikow\/\" \/>\n<meta property=\"og:site_name\" content=\"KompetencjeJutra\" \/>\n<meta property=\"article:modified_time\" content=\"2026-05-07T10:07:02+00:00\" \/>\n<meta name=\"twitter:card\" content=\"summary_large_image\" \/>\n<meta name=\"twitter:label1\" content=\"Szacowany czas czytania\" \/>\n\t<meta name=\"twitter:data1\" content=\"1 minuta\" \/>\n<script type=\"application\/ld+json\" class=\"yoast-schema-graph\">{\"@context\":\"https:\/\/schema.org\",\"@graph\":[{\"@type\":\"WebPage\",\"@id\":\"http:\/\/kompetencjejutra.lublin.eu\/formularz-zgloszeniowy-dla-uczestnikow\/\",\"url\":\"http:\/\/kompetencjejutra.lublin.eu\/formularz-zgloszeniowy-dla-uczestnikow\/\",\"name\":\"Formularz zg\u0142oszeniowy - KompetencjeJutra\",\"isPartOf\":{\"@id\":\"http:\/\/kompetencjejutra.lublin.eu\/pl\/#website\"},\"datePublished\":\"2022-04-26T07:13:33+00:00\",\"dateModified\":\"2026-05-07T10:07:02+00:00\",\"breadcrumb\":{\"@id\":\"http:\/\/kompetencjejutra.lublin.eu\/formularz-zgloszeniowy-dla-uczestnikow\/#breadcrumb\"},\"inLanguage\":\"pl-PL\",\"potentialAction\":[{\"@type\":\"ReadAction\",\"target\":[\"http:\/\/kompetencjejutra.lublin.eu\/formularz-zgloszeniowy-dla-uczestnikow\/\"]}]},{\"@type\":\"BreadcrumbList\",\"@id\":\"http:\/\/kompetencjejutra.lublin.eu\/formularz-zgloszeniowy-dla-uczestnikow\/#breadcrumb\",\"itemListElement\":[{\"@type\":\"ListItem\",\"position\":1,\"name\":\"Home\",\"item\":\"http:\/\/kompetencjejutra.lublin.eu\/\"},{\"@type\":\"ListItem\",\"position\":2,\"name\":\"Formularz zg\u0142oszeniowy\"}]},{\"@type\":\"WebSite\",\"@id\":\"http:\/\/kompetencjejutra.lublin.eu\/pl\/#website\",\"url\":\"http:\/\/kompetencjejutra.lublin.eu\/pl\/\",\"name\":\"KompetencjeJutra\",\"description\":\"KompetencjeJutra\",\"publisher\":{\"@id\":\"http:\/\/kompetencjejutra.lublin.eu\/pl\/#organization\"},\"potentialAction\":[{\"@type\":\"SearchAction\",\"target\":{\"@type\":\"EntryPoint\",\"urlTemplate\":\"http:\/\/kompetencjejutra.lublin.eu\/pl\/?s={search_term_string}\"},\"query-input\":{\"@type\":\"PropertyValueSpecification\",\"valueRequired\":true,\"valueName\":\"search_term_string\"}}],\"inLanguage\":\"pl-PL\"},{\"@type\":\"Organization\",\"@id\":\"http:\/\/kompetencjejutra.lublin.eu\/pl\/#organization\",\"name\":\"KompetencjeJutra\",\"url\":\"http:\/\/kompetencjejutra.lublin.eu\/pl\/\",\"logo\":{\"@type\":\"ImageObject\",\"inLanguage\":\"pl-PL\",\"@id\":\"http:\/\/kompetencjejutra.lublin.eu\/pl\/#\/schema\/logo\/image\/\",\"url\":\"http:\/\/kompetencjejutra.lublin.eu\/wp-content\/uploads\/sites\/15\/2021\/08\/logo-miasta-lublin-web.png\",\"contentUrl\":\"http:\/\/kompetencjejutra.lublin.eu\/wp-content\/uploads\/sites\/15\/2021\/08\/logo-miasta-lublin-web.png\",\"width\":281,\"height\":101,\"caption\":\"KompetencjeJutra\"},\"image\":{\"@id\":\"http:\/\/kompetencjejutra.lublin.eu\/pl\/#\/schema\/logo\/image\/\"}}]}<\/script>\n<!-- \/ Yoast SEO plugin. -->","yoast_head_json":{"title":"Formularz zg\u0142oszeniowy - KompetencjeJutra","robots":{"index":"index","follow":"follow","max-snippet":"max-snippet:-1","max-image-preview":"max-image-preview:large","max-video-preview":"max-video-preview:-1"},"canonical":"http:\/\/kompetencjejutra.lublin.eu\/pl\/formularz-zgloszeniowy-dla-uczestnikow\/","og_locale":"pl_PL","og_type":"article","og_title":"Formularz zg\u0142oszeniowy - KompetencjeJutra","og_description":"Zosta\u0142 osi\u0105gni\u0119ty limit miejsc na warsztaty: 20 maja 2026 r. 9:00 \u2013 12:30 \u2013 \u201eJak zacz\u0105\u0107 karier\u0119 w social media i marketingu online jeszcze na studiach?\u201d \u2013 StartUp Social Media 22 maja 2026 r. 11:00 \u2013 13:00 \u2013 \u201eAutoprezentacja i wyst\u0105pienia publiczne\u201d \u2013 Capgemini Polska sp. z o.o.","og_url":"http:\/\/kompetencjejutra.lublin.eu\/formularz-zgloszeniowy-dla-uczestnikow\/","og_site_name":"KompetencjeJutra","article_modified_time":"2026-05-07T10:07:02+00:00","twitter_card":"summary_large_image","twitter_misc":{"Szacowany czas czytania":"1 minuta"},"schema":{"@context":"https:\/\/schema.org","@graph":[{"@type":"WebPage","@id":"http:\/\/kompetencjejutra.lublin.eu\/formularz-zgloszeniowy-dla-uczestnikow\/","url":"http:\/\/kompetencjejutra.lublin.eu\/formularz-zgloszeniowy-dla-uczestnikow\/","name":"Formularz zg\u0142oszeniowy - KompetencjeJutra","isPartOf":{"@id":"http:\/\/kompetencjejutra.lublin.eu\/pl\/#website"},"datePublished":"2022-04-26T07:13:33+00:00","dateModified":"2026-05-07T10:07:02+00:00","breadcrumb":{"@id":"http:\/\/kompetencjejutra.lublin.eu\/formularz-zgloszeniowy-dla-uczestnikow\/#breadcrumb"},"inLanguage":"pl-PL","potentialAction":[{"@type":"ReadAction","target":["http:\/\/kompetencjejutra.lublin.eu\/formularz-zgloszeniowy-dla-uczestnikow\/"]}]},{"@type":"BreadcrumbList","@id":"http:\/\/kompetencjejutra.lublin.eu\/formularz-zgloszeniowy-dla-uczestnikow\/#breadcrumb","itemListElement":[{"@type":"ListItem","position":1,"name":"Home","item":"http:\/\/kompetencjejutra.lublin.eu\/"},{"@type":"ListItem","position":2,"name":"Formularz zg\u0142oszeniowy"}]},{"@type":"WebSite","@id":"http:\/\/kompetencjejutra.lublin.eu\/pl\/#website","url":"http:\/\/kompetencjejutra.lublin.eu\/pl\/","name":"KompetencjeJutra","description":"KompetencjeJutra","publisher":{"@id":"http:\/\/kompetencjejutra.lublin.eu\/pl\/#organization"},"potentialAction":[{"@type":"SearchAction","target":{"@type":"EntryPoint","urlTemplate":"http:\/\/kompetencjejutra.lublin.eu\/pl\/?s={search_term_string}"},"query-input":{"@type":"PropertyValueSpecification","valueRequired":true,"valueName":"search_term_string"}}],"inLanguage":"pl-PL"},{"@type":"Organization","@id":"http:\/\/kompetencjejutra.lublin.eu\/pl\/#organization","name":"KompetencjeJutra","url":"http:\/\/kompetencjejutra.lublin.eu\/pl\/","logo":{"@type":"ImageObject","inLanguage":"pl-PL","@id":"http:\/\/kompetencjejutra.lublin.eu\/pl\/#\/schema\/logo\/image\/","url":"http:\/\/kompetencjejutra.lublin.eu\/wp-content\/uploads\/sites\/15\/2021\/08\/logo-miasta-lublin-web.png","contentUrl":"http:\/\/kompetencjejutra.lublin.eu\/wp-content\/uploads\/sites\/15\/2021\/08\/logo-miasta-lublin-web.png","width":281,"height":101,"caption":"KompetencjeJutra"},"image":{"@id":"http:\/\/kompetencjejutra.lublin.eu\/pl\/#\/schema\/logo\/image\/"}}]}},"mfb_rest_fields":["title","featured_image_src","yoast_head","yoast_head_json"],"_links":{"self":[{"href":"http:\/\/kompetencjejutra.lublin.eu\/pl\/wp-json\/wp\/v2\/pages\/598","targetHints":{"allow":["GET"]}}],"collection":[{"href":"http:\/\/kompetencjejutra.lublin.eu\/pl\/wp-json\/wp\/v2\/pages"}],"about":[{"href":"http:\/\/kompetencjejutra.lublin.eu\/pl\/wp-json\/wp\/v2\/types\/page"}],"author":[{"embeddable":true,"href":"http:\/\/kompetencjejutra.lublin.eu\/pl\/wp-json\/wp\/v2\/users\/6"}],"replies":[{"embeddable":true,"href":"http:\/\/kompetencjejutra.lublin.eu\/pl\/wp-json\/wp\/v2\/comments?post=598"}],"version-history":[{"count":30,"href":"http:\/\/kompetencjejutra.lublin.eu\/pl\/wp-json\/wp\/v2\/pages\/598\/revisions"}],"predecessor-version":[{"id":2273,"href":"http:\/\/kompetencjejutra.lublin.eu\/pl\/wp-json\/wp\/v2\/pages\/598\/revisions\/2273"}],"wp:attachment":[{"href":"http:\/\/kompetencjejutra.lublin.eu\/pl\/wp-json\/wp\/v2\/media?parent=598"}],"curies":[{"name":"wp","href":"https:\/\/api.w.org\/{rel}","templated":true}]}}