{"id":433,"date":"2022-03-17T09:00:18","date_gmt":"2022-03-17T08:00:18","guid":{"rendered":"https:\/\/kompetencjejutra.lublin.eu\/?page_id=433"},"modified":"2022-03-17T09:00:18","modified_gmt":"2022-03-17T08:00:18","slug":"i-edycja","status":"publish","type":"page","link":"http:\/\/kompetencjejutra.lublin.eu\/i-edycja\/","title":{"rendered":"I edycja"},"content":{"rendered":"\n<p>Konferencja &#8222;<strong>Kompetencje jutra &#8211; Lublin inspiruje przysz\u0142o\u015b\u0107<\/strong>&#8221; odby\u0142a si\u0119 26 pa\u017adziernika 2021 roku przy wsp\u00f3\u0142pracy <strong>Wydzia\u0142u Strategii i Przedsi\u0119biorczo\u015bci Urz\u0119du Miasta Lublin<\/strong>&nbsp;oraz&nbsp;<strong>Sektorowej Rady ds.&nbsp;Kompetencji Nowoczesnych Us\u0142ug Biznesowych<\/strong>&nbsp;<\/p>\n\n\n\n<p>Konferencja odpowiedzia\u0142a na&nbsp;pytania:<\/p>\n\n\n\n<ol class=\"wp-block-list\" type=\"1\">\n<li>Jakie s\u0105 aktualne trendy dotycz\u0105ce funkcjonowania systemu edukacji, kszta\u0142towania kompetencji jego uczestnik\u00f3w oraz&nbsp;przysz\u0142o\u015bci nauczania?<\/li>\n\n\n\n<li>Kt\u00f3re kompetencje odr\u00f3\u017cniaj\u0105 prac\u0119 cz\u0142owieka od&nbsp;pracy system\u00f3w informatycznych, robot\u00f3w czy&nbsp;sztucznej inteligencji?<\/li>\n\n\n\n<li>Jakie s\u0105 kompetencje jutra w&nbsp;sektorze nowoczesnych us\u0142ug biznesowych?<\/li>\n\n\n\n<li>Jak ZSK mo\u017ce wspiera\u0107 budowanie nowych kadr dla sektora nowoczesnych us\u0142ug biznesowych?<\/li>\n\n\n\n<li>Czy&nbsp;kwalifikacje rynkowe mo\u017cna implementowa\u0107 w&nbsp;szko\u0142ach i&nbsp;uczelniach, aby odpowiedzie\u0107 na&nbsp;potrzeby biznesu?<\/li>\n\n\n\n<li>Jakie korzy\u015bci z&nbsp;kwalifikacji rynkowych mog\u0105 uzyska\u0107 pracodawcy?<\/li>\n<\/ol>\n\n\n\n<div class=\"wp-block-columns is-layout-flex wp-container-core-columns-is-layout-9d6595d7 wp-block-columns-is-layout-flex\">\n<div class=\"wp-block-column is-layout-flow wp-block-column-is-layout-flow\">\n<div class=\"wp-block-columns is-layout-flex wp-container-core-columns-is-layout-9d6595d7 wp-block-columns-is-layout-flex\">\n<div class=\"wp-block-column is-layout-flow wp-block-column-is-layout-flow\">\n<p><\/p>\n<\/div>\n<\/div>\n<\/div>\n<\/div>\n\n\n\n<div class=\"wp-block-columns is-layout-flex wp-container-core-columns-is-layout-9d6595d7 wp-block-columns-is-layout-flex\">\n<div class=\"wp-block-column is-layout-flow wp-block-column-is-layout-flow\" style=\"flex-basis:120px\"><\/div>\n\n\n\n<div class=\"wp-block-column is-layout-flow wp-block-column-is-layout-flow\">\n<figure class=\"wp-block-embed is-type-video is-provider-youtube wp-block-embed-youtube wp-embed-aspect-16-9 wp-has-aspect-ratio\"><div class=\"wp-block-embed__wrapper\">\n<iframe loading=\"lazy\" title=\"Konferencja &quot;Kompetencje jutra&quot;\" width=\"1200\" height=\"675\" src=\"https:\/\/www.youtube.com\/embed\/JxYU11W8rL8?feature=oembed\" frameborder=\"0\" allow=\"accelerometer; autoplay; clipboard-write; encrypted-media; gyroscope; picture-in-picture; web-share\" allowfullscreen><\/iframe>\n<\/div><\/figure>\n<\/div>\n\n\n\n<div class=\"wp-block-column is-layout-flow wp-block-column-is-layout-flow\" style=\"flex-basis:120px\"><\/div>\n<\/div>\n\n\n\n<div class=\"wp-block-columns is-layout-flex wp-container-core-columns-is-layout-9d6595d7 wp-block-columns-is-layout-flex\">\n<div class=\"wp-block-column is-layout-flow wp-block-column-is-layout-flow\">\n<p><\/p>\n<\/div>\n<\/div>\n\n\n\n<p>Wydarzeniu towarzyszy\u0142y warsztaty dedykowane trzem grupom:<\/p>\n\n\n\n<ol class=\"wp-block-list\" type=\"1\">\n<li><strong>Warsztaty dla firm z&nbsp;sektora nowoczesnych us\u0142ug dla biznesu<\/strong>&nbsp;podczas, kt\u00f3rych&nbsp;zaprezentowano program POWER 2.21 oferuj\u0105cy mikro, ma\u0142ym i&nbsp;\u015brednim przedsi\u0119biorstwom wsparcie w&nbsp;kwocie 8,500 PLN dla jednego pracownika, w&nbsp;ramach podniesienia kwalifikacji kompetencji jutra.<\/li>\n\n\n\n<li><strong>Warsztaty dla przedstawicieli o\u015bwiaty<\/strong>&nbsp;podczas, kt\u00f3rych&nbsp;przedstawione zosta\u0142y mo\u017cliwo\u015bci wykorzystania kwalifikacji rynkowych w\u0142\u0105czonych do&nbsp;ZSK w&nbsp;edukacji oraz&nbsp;dobre praktyki instytucji edukacyjnych, kt\u00f3re ju\u017c dokona\u0142y modyfikacji w&nbsp;tym zakresie.<\/li>\n\n\n\n<li><strong>Warsztaty dla student\u00f3w<\/strong>&nbsp;podczas, kt\u00f3rych&nbsp;firmy z&nbsp;sektora nowoczesnych us\u0142ug dla biznesu przybli\u017cy\u0142y jakie kompetencje jutra ju\u017c s\u0105 wykorzystywane w&nbsp;bie\u017c\u0105cej wsp\u00f3\u0142pracy oraz&nbsp;przedstawi\u0142y jakie korzy\u015bci p\u0142yn\u0105 z&nbsp;rozpocz\u0119cia kariery w&nbsp;tym sektorze.<\/li>\n<\/ol>\n\n\n\n<div class=\"wp-block-columns is-layout-flex wp-container-core-columns-is-layout-9d6595d7 wp-block-columns-is-layout-flex\">\n<div class=\"wp-block-column is-layout-flow wp-block-column-is-layout-flow\">\n<figure class=\"wp-block-image size-large\"><img loading=\"lazy\" decoding=\"async\" width=\"1024\" height=\"768\" src=\"http:\/\/kompetencjejutra.lublin.eu\/wp-content\/uploads\/sites\/15\/2022\/03\/245808780_871360286882102_5961688803013756167_n-1536x1152-1-1024x768.jpg\" alt=\"\" class=\"wp-image-499\" srcset=\"http:\/\/kompetencjejutra.lublin.eu\/wp-content\/uploads\/sites\/15\/2022\/03\/245808780_871360286882102_5961688803013756167_n-1536x1152-1-1024x768.jpg 1024w, http:\/\/kompetencjejutra.lublin.eu\/wp-content\/uploads\/sites\/15\/2022\/03\/245808780_871360286882102_5961688803013756167_n-1536x1152-1-300x225.jpg 300w, http:\/\/kompetencjejutra.lublin.eu\/wp-content\/uploads\/sites\/15\/2022\/03\/245808780_871360286882102_5961688803013756167_n-1536x1152-1-768x576.jpg 768w, http:\/\/kompetencjejutra.lublin.eu\/wp-content\/uploads\/sites\/15\/2022\/03\/245808780_871360286882102_5961688803013756167_n-1536x1152-1.jpg 1536w\" sizes=\"auto, (max-width: 1024px) 100vw, 1024px\" \/><\/figure>\n<\/div>\n\n\n\n<div class=\"wp-block-column is-layout-flow wp-block-column-is-layout-flow\">\n<figure class=\"wp-block-image size-large\"><img loading=\"lazy\" decoding=\"async\" width=\"1024\" height=\"768\" src=\"http:\/\/kompetencjejutra.lublin.eu\/wp-content\/uploads\/sites\/15\/2022\/03\/245529251_461757081921052_5587441191008472631_n-1536x1152-1-1024x768.jpg\" alt=\"\" class=\"wp-image-498\" srcset=\"http:\/\/kompetencjejutra.lublin.eu\/wp-content\/uploads\/sites\/15\/2022\/03\/245529251_461757081921052_5587441191008472631_n-1536x1152-1-1024x768.jpg 1024w, http:\/\/kompetencjejutra.lublin.eu\/wp-content\/uploads\/sites\/15\/2022\/03\/245529251_461757081921052_5587441191008472631_n-1536x1152-1-300x225.jpg 300w, http:\/\/kompetencjejutra.lublin.eu\/wp-content\/uploads\/sites\/15\/2022\/03\/245529251_461757081921052_5587441191008472631_n-1536x1152-1-768x576.jpg 768w, http:\/\/kompetencjejutra.lublin.eu\/wp-content\/uploads\/sites\/15\/2022\/03\/245529251_461757081921052_5587441191008472631_n-1536x1152-1.jpg 1536w\" sizes=\"auto, (max-width: 1024px) 100vw, 1024px\" \/><\/figure>\n<\/div>\n\n\n\n<div class=\"wp-block-column is-layout-flow wp-block-column-is-layout-flow\">\n<figure class=\"wp-block-image size-large\"><img loading=\"lazy\" decoding=\"async\" width=\"1024\" height=\"768\" src=\"http:\/\/kompetencjejutra.lublin.eu\/wp-content\/uploads\/sites\/15\/2022\/03\/246522317_205100298414398_1359330828766451717_n-1536x1152-1-1024x768.jpg\" alt=\"\" class=\"wp-image-497\" srcset=\"http:\/\/kompetencjejutra.lublin.eu\/wp-content\/uploads\/sites\/15\/2022\/03\/246522317_205100298414398_1359330828766451717_n-1536x1152-1-1024x768.jpg 1024w, http:\/\/kompetencjejutra.lublin.eu\/wp-content\/uploads\/sites\/15\/2022\/03\/246522317_205100298414398_1359330828766451717_n-1536x1152-1-300x225.jpg 300w, http:\/\/kompetencjejutra.lublin.eu\/wp-content\/uploads\/sites\/15\/2022\/03\/246522317_205100298414398_1359330828766451717_n-1536x1152-1-768x576.jpg 768w, http:\/\/kompetencjejutra.lublin.eu\/wp-content\/uploads\/sites\/15\/2022\/03\/246522317_205100298414398_1359330828766451717_n-1536x1152-1.jpg 1536w\" sizes=\"auto, (max-width: 1024px) 100vw, 1024px\" \/><\/figure>\n<\/div>\n\n\n\n<div class=\"wp-block-column is-layout-flow wp-block-column-is-layout-flow\">\n<figure class=\"wp-block-image size-large\"><img loading=\"lazy\" decoding=\"async\" width=\"1024\" height=\"768\" src=\"http:\/\/kompetencjejutra.lublin.eu\/wp-content\/uploads\/sites\/15\/2022\/03\/248949647_207278441528092_7167429626719706296_n-1536x1152-1-1024x768.jpg\" alt=\"\" class=\"wp-image-496\" srcset=\"http:\/\/kompetencjejutra.lublin.eu\/wp-content\/uploads\/sites\/15\/2022\/03\/248949647_207278441528092_7167429626719706296_n-1536x1152-1-1024x768.jpg 1024w, http:\/\/kompetencjejutra.lublin.eu\/wp-content\/uploads\/sites\/15\/2022\/03\/248949647_207278441528092_7167429626719706296_n-1536x1152-1-300x225.jpg 300w, http:\/\/kompetencjejutra.lublin.eu\/wp-content\/uploads\/sites\/15\/2022\/03\/248949647_207278441528092_7167429626719706296_n-1536x1152-1-768x576.jpg 768w, http:\/\/kompetencjejutra.lublin.eu\/wp-content\/uploads\/sites\/15\/2022\/03\/248949647_207278441528092_7167429626719706296_n-1536x1152-1.jpg 1536w\" sizes=\"auto, (max-width: 1024px) 100vw, 1024px\" \/><\/figure>\n<\/div>\n<\/div>\n\n\n<div class=\"wp-block-image\">\n<figure class=\"aligncenter size-full\"><img loading=\"lazy\" decoding=\"async\" width=\"652\" height=\"82\" src=\"http:\/\/kompetencjejutra.lublin.eu\/wp-content\/uploads\/sites\/15\/2022\/03\/Partnerzy-kompetencje.png\" alt=\"\" class=\"wp-image-438\" srcset=\"http:\/\/kompetencjejutra.lublin.eu\/wp-content\/uploads\/sites\/15\/2022\/03\/Partnerzy-kompetencje.png 652w, http:\/\/kompetencjejutra.lublin.eu\/wp-content\/uploads\/sites\/15\/2022\/03\/Partnerzy-kompetencje-300x38.png 300w\" sizes=\"auto, (max-width: 652px) 100vw, 652px\" \/><\/figure><\/div>","protected":false},"excerpt":{"rendered":"<p>Konferencja &#8222;Kompetencje jutra &#8211; Lublin inspiruje przysz\u0142o\u015b\u0107&#8221; odby\u0142a si\u0119 26 pa\u017adziernika 2021 roku przy wsp\u00f3\u0142pracy Wydzia\u0142u Strategii i Przedsi\u0119biorczo\u015bci Urz\u0119du Miasta Lublin&nbsp;oraz&nbsp;Sektorowej Rady ds.&nbsp;Kompetencji Nowoczesnych Us\u0142ug Biznesowych&nbsp; Konferencja odpowiedzia\u0142a na&nbsp;pytania: Wydarzeniu towarzyszy\u0142y warsztaty dedykowane trzem grupom:<\/p>\n","protected":false},"author":6,"featured_media":0,"parent":0,"menu_order":0,"comment_status":"closed","ping_status":"closed","template":"","meta":{"_acf_changed":false,"footnotes":""},"class_list":["post-433","page","type-page","status-publish"],"acf":[],"mb":[],"featured_image_src":null,"yoast_head":"<!-- This site is optimized with the Yoast SEO plugin v26.3 - https:\/\/yoast.com\/wordpress\/plugins\/seo\/ -->\n<title>I edycja - KompetencjeJutra<\/title>\n<meta name=\"robots\" content=\"index, follow, max-snippet:-1, max-image-preview:large, max-video-preview:-1\" \/>\n<link rel=\"canonical\" href=\"http:\/\/kompetencjejutra.lublin.eu\/pl\/i-edycja\/\" \/>\n<meta property=\"og:locale\" content=\"pl_PL\" \/>\n<meta property=\"og:type\" content=\"article\" \/>\n<meta property=\"og:title\" content=\"I edycja - KompetencjeJutra\" \/>\n<meta property=\"og:description\" content=\"Konferencja &#8222;Kompetencje jutra &#8211; Lublin inspiruje przysz\u0142o\u015b\u0107&#8221; odby\u0142a si\u0119 26 pa\u017adziernika 2021 roku przy wsp\u00f3\u0142pracy Wydzia\u0142u Strategii i Przedsi\u0119biorczo\u015bci Urz\u0119du Miasta Lublin&nbsp;oraz&nbsp;Sektorowej Rady ds.&nbsp;Kompetencji Nowoczesnych Us\u0142ug Biznesowych&nbsp; Konferencja odpowiedzia\u0142a na&nbsp;pytania: Wydarzeniu towarzyszy\u0142y warsztaty dedykowane trzem grupom:\" \/>\n<meta property=\"og:url\" content=\"http:\/\/kompetencjejutra.lublin.eu\/i-edycja\/\" \/>\n<meta property=\"og:site_name\" content=\"KompetencjeJutra\" \/>\n<meta property=\"og:image\" content=\"http:\/\/kompetencjejutra.lublin.eu\/wp-content\/uploads\/sites\/15\/2022\/03\/245808780_871360286882102_5961688803013756167_n-1536x1152-1-1024x768.jpg\" \/>\n<meta name=\"twitter:card\" content=\"summary_large_image\" \/>\n<meta name=\"twitter:label1\" content=\"Szacowany czas czytania\" \/>\n\t<meta name=\"twitter:data1\" content=\"3 minuty\" \/>\n<script type=\"application\/ld+json\" class=\"yoast-schema-graph\">{\"@context\":\"https:\/\/schema.org\",\"@graph\":[{\"@type\":\"WebPage\",\"@id\":\"http:\/\/kompetencjejutra.lublin.eu\/i-edycja\/\",\"url\":\"http:\/\/kompetencjejutra.lublin.eu\/i-edycja\/\",\"name\":\"I edycja - KompetencjeJutra\",\"isPartOf\":{\"@id\":\"https:\/\/kompetencjejutra.lublin.eu\/pl\/#website\"},\"primaryImageOfPage\":{\"@id\":\"http:\/\/kompetencjejutra.lublin.eu\/i-edycja\/#primaryimage\"},\"image\":{\"@id\":\"http:\/\/kompetencjejutra.lublin.eu\/i-edycja\/#primaryimage\"},\"thumbnailUrl\":\"http:\/\/kompetencjejutra.lublin.eu\/wp-content\/uploads\/sites\/15\/2022\/03\/245808780_871360286882102_5961688803013756167_n-1536x1152-1-1024x768.jpg\",\"datePublished\":\"2022-03-17T08:00:18+00:00\",\"breadcrumb\":{\"@id\":\"http:\/\/kompetencjejutra.lublin.eu\/i-edycja\/#breadcrumb\"},\"inLanguage\":\"pl-PL\",\"potentialAction\":[{\"@type\":\"ReadAction\",\"target\":[\"http:\/\/kompetencjejutra.lublin.eu\/i-edycja\/\"]}]},{\"@type\":\"ImageObject\",\"inLanguage\":\"pl-PL\",\"@id\":\"http:\/\/kompetencjejutra.lublin.eu\/i-edycja\/#primaryimage\",\"url\":\"http:\/\/kompetencjejutra.lublin.eu\/wp-content\/uploads\/sites\/15\/2022\/03\/245808780_871360286882102_5961688803013756167_n-1536x1152-1-1024x768.jpg\",\"contentUrl\":\"http:\/\/kompetencjejutra.lublin.eu\/wp-content\/uploads\/sites\/15\/2022\/03\/245808780_871360286882102_5961688803013756167_n-1536x1152-1-1024x768.jpg\"},{\"@type\":\"BreadcrumbList\",\"@id\":\"http:\/\/kompetencjejutra.lublin.eu\/i-edycja\/#breadcrumb\",\"itemListElement\":[{\"@type\":\"ListItem\",\"position\":1,\"name\":\"Home\",\"item\":\"http:\/\/kompetencjejutra.lublin.eu\/\"},{\"@type\":\"ListItem\",\"position\":2,\"name\":\"I&nbsp;edycja\"}]},{\"@type\":\"WebSite\",\"@id\":\"https:\/\/kompetencjejutra.lublin.eu\/pl\/#website\",\"url\":\"https:\/\/kompetencjejutra.lublin.eu\/pl\/\",\"name\":\"KompetencjeJutra\",\"description\":\"KompetencjeJutra\",\"publisher\":{\"@id\":\"https:\/\/kompetencjejutra.lublin.eu\/pl\/#organization\"},\"potentialAction\":[{\"@type\":\"SearchAction\",\"target\":{\"@type\":\"EntryPoint\",\"urlTemplate\":\"https:\/\/kompetencjejutra.lublin.eu\/pl\/?s={search_term_string}\"},\"query-input\":{\"@type\":\"PropertyValueSpecification\",\"valueRequired\":true,\"valueName\":\"search_term_string\"}}],\"inLanguage\":\"pl-PL\"},{\"@type\":\"Organization\",\"@id\":\"https:\/\/kompetencjejutra.lublin.eu\/pl\/#organization\",\"name\":\"KompetencjeJutra\",\"url\":\"https:\/\/kompetencjejutra.lublin.eu\/pl\/\",\"logo\":{\"@type\":\"ImageObject\",\"inLanguage\":\"pl-PL\",\"@id\":\"https:\/\/kompetencjejutra.lublin.eu\/pl\/#\/schema\/logo\/image\/\",\"url\":\"http:\/\/kompetencjejutra.lublin.eu\/wp-content\/uploads\/sites\/15\/2021\/08\/logo-miasta-lublin-web.png\",\"contentUrl\":\"http:\/\/kompetencjejutra.lublin.eu\/wp-content\/uploads\/sites\/15\/2021\/08\/logo-miasta-lublin-web.png\",\"width\":281,\"height\":101,\"caption\":\"KompetencjeJutra\"},\"image\":{\"@id\":\"https:\/\/kompetencjejutra.lublin.eu\/pl\/#\/schema\/logo\/image\/\"}}]}<\/script>\n<!-- \/ Yoast SEO plugin. -->","yoast_head_json":{"title":"I edycja - KompetencjeJutra","robots":{"index":"index","follow":"follow","max-snippet":"max-snippet:-1","max-image-preview":"max-image-preview:large","max-video-preview":"max-video-preview:-1"},"canonical":"http:\/\/kompetencjejutra.lublin.eu\/pl\/i-edycja\/","og_locale":"pl_PL","og_type":"article","og_title":"I edycja - KompetencjeJutra","og_description":"Konferencja &#8222;Kompetencje jutra &#8211; Lublin inspiruje przysz\u0142o\u015b\u0107&#8221; odby\u0142a si\u0119 26 pa\u017adziernika 2021 roku przy wsp\u00f3\u0142pracy Wydzia\u0142u Strategii i Przedsi\u0119biorczo\u015bci Urz\u0119du Miasta Lublin&nbsp;oraz&nbsp;Sektorowej Rady ds.&nbsp;Kompetencji Nowoczesnych Us\u0142ug Biznesowych&nbsp; Konferencja odpowiedzia\u0142a na&nbsp;pytania: Wydarzeniu towarzyszy\u0142y warsztaty dedykowane trzem grupom:","og_url":"http:\/\/kompetencjejutra.lublin.eu\/i-edycja\/","og_site_name":"KompetencjeJutra","og_image":[{"url":"http:\/\/kompetencjejutra.lublin.eu\/wp-content\/uploads\/sites\/15\/2022\/03\/245808780_871360286882102_5961688803013756167_n-1536x1152-1-1024x768.jpg","type":"","width":"","height":""}],"twitter_card":"summary_large_image","twitter_misc":{"Szacowany czas czytania":"3 minuty"},"schema":{"@context":"https:\/\/schema.org","@graph":[{"@type":"WebPage","@id":"http:\/\/kompetencjejutra.lublin.eu\/i-edycja\/","url":"http:\/\/kompetencjejutra.lublin.eu\/i-edycja\/","name":"I edycja - KompetencjeJutra","isPartOf":{"@id":"https:\/\/kompetencjejutra.lublin.eu\/pl\/#website"},"primaryImageOfPage":{"@id":"http:\/\/kompetencjejutra.lublin.eu\/i-edycja\/#primaryimage"},"image":{"@id":"http:\/\/kompetencjejutra.lublin.eu\/i-edycja\/#primaryimage"},"thumbnailUrl":"http:\/\/kompetencjejutra.lublin.eu\/wp-content\/uploads\/sites\/15\/2022\/03\/245808780_871360286882102_5961688803013756167_n-1536x1152-1-1024x768.jpg","datePublished":"2022-03-17T08:00:18+00:00","breadcrumb":{"@id":"http:\/\/kompetencjejutra.lublin.eu\/i-edycja\/#breadcrumb"},"inLanguage":"pl-PL","potentialAction":[{"@type":"ReadAction","target":["http:\/\/kompetencjejutra.lublin.eu\/i-edycja\/"]}]},{"@type":"ImageObject","inLanguage":"pl-PL","@id":"http:\/\/kompetencjejutra.lublin.eu\/i-edycja\/#primaryimage","url":"http:\/\/kompetencjejutra.lublin.eu\/wp-content\/uploads\/sites\/15\/2022\/03\/245808780_871360286882102_5961688803013756167_n-1536x1152-1-1024x768.jpg","contentUrl":"http:\/\/kompetencjejutra.lublin.eu\/wp-content\/uploads\/sites\/15\/2022\/03\/245808780_871360286882102_5961688803013756167_n-1536x1152-1-1024x768.jpg"},{"@type":"BreadcrumbList","@id":"http:\/\/kompetencjejutra.lublin.eu\/i-edycja\/#breadcrumb","itemListElement":[{"@type":"ListItem","position":1,"name":"Home","item":"http:\/\/kompetencjejutra.lublin.eu\/"},{"@type":"ListItem","position":2,"name":"I&nbsp;edycja"}]},{"@type":"WebSite","@id":"https:\/\/kompetencjejutra.lublin.eu\/pl\/#website","url":"https:\/\/kompetencjejutra.lublin.eu\/pl\/","name":"KompetencjeJutra","description":"KompetencjeJutra","publisher":{"@id":"https:\/\/kompetencjejutra.lublin.eu\/pl\/#organization"},"potentialAction":[{"@type":"SearchAction","target":{"@type":"EntryPoint","urlTemplate":"https:\/\/kompetencjejutra.lublin.eu\/pl\/?s={search_term_string}"},"query-input":{"@type":"PropertyValueSpecification","valueRequired":true,"valueName":"search_term_string"}}],"inLanguage":"pl-PL"},{"@type":"Organization","@id":"https:\/\/kompetencjejutra.lublin.eu\/pl\/#organization","name":"KompetencjeJutra","url":"https:\/\/kompetencjejutra.lublin.eu\/pl\/","logo":{"@type":"ImageObject","inLanguage":"pl-PL","@id":"https:\/\/kompetencjejutra.lublin.eu\/pl\/#\/schema\/logo\/image\/","url":"http:\/\/kompetencjejutra.lublin.eu\/wp-content\/uploads\/sites\/15\/2021\/08\/logo-miasta-lublin-web.png","contentUrl":"http:\/\/kompetencjejutra.lublin.eu\/wp-content\/uploads\/sites\/15\/2021\/08\/logo-miasta-lublin-web.png","width":281,"height":101,"caption":"KompetencjeJutra"},"image":{"@id":"https:\/\/kompetencjejutra.lublin.eu\/pl\/#\/schema\/logo\/image\/"}}]}},"mfb_rest_fields":["title","featured_image_src","yoast_head","yoast_head_json"],"_links":{"self":[{"href":"http:\/\/kompetencjejutra.lublin.eu\/pl\/wp-json\/wp\/v2\/pages\/433","targetHints":{"allow":["GET"]}}],"collection":[{"href":"http:\/\/kompetencjejutra.lublin.eu\/pl\/wp-json\/wp\/v2\/pages"}],"about":[{"href":"http:\/\/kompetencjejutra.lublin.eu\/pl\/wp-json\/wp\/v2\/types\/page"}],"author":[{"embeddable":true,"href":"http:\/\/kompetencjejutra.lublin.eu\/pl\/wp-json\/wp\/v2\/users\/6"}],"replies":[{"embeddable":true,"href":"http:\/\/kompetencjejutra.lublin.eu\/pl\/wp-json\/wp\/v2\/comments?post=433"}],"version-history":[{"count":0,"href":"http:\/\/kompetencjejutra.lublin.eu\/pl\/wp-json\/wp\/v2\/pages\/433\/revisions"}],"wp:attachment":[{"href":"http:\/\/kompetencjejutra.lublin.eu\/pl\/wp-json\/wp\/v2\/media?parent=433"}],"curies":[{"name":"wp","href":"https:\/\/api.w.org\/{rel}","templated":true}]}}