{"id":431,"date":"2022-03-17T08:59:48","date_gmt":"2022-03-17T07:59:48","guid":{"rendered":"https:\/\/kompetencjejutra.lublin.eu\/?page_id=431"},"modified":"2025-02-17T13:01:09","modified_gmt":"2025-02-17T12:01:09","slug":"kawiarenki","status":"publish","type":"page","link":"http:\/\/kompetencjejutra.lublin.eu\/kawiarenki\/","title":{"rendered":"Kawiarenki"},"content":{"rendered":"\n<div class=\"wp-block-columns is-layout-flex wp-container-core-columns-is-layout-9d6595d7 wp-block-columns-is-layout-flex\">\n<div class=\"wp-block-column is-layout-flow wp-block-column-is-layout-flow\"><\/div>\n\n\n\n<div class=\"wp-block-column is-layout-flow wp-block-column-is-layout-flow\"><\/div>\n<\/div>\n\n\n\n<div class=\"wp-block-columns is-layout-flex wp-container-core-columns-is-layout-9d6595d7 wp-block-columns-is-layout-flex\">\n<div class=\"wp-block-column is-layout-flow wp-block-column-is-layout-flow\" style=\"flex-basis:50%\">\n<p>W celu podniesienia \u015bwiadomo\u015bci prowadzonej dzia\u0142alno\u015bci  firm z sektora nowoczesnych us\u0142ug biznesowych w Lublinie, Wydzia\u0142 Strategii i Obs\u0142ugi Inwestor\u00f3w zainicjowa\u0142 projekt \u201e<strong>Kawiarenki<\/strong>\u201d, kt\u00f3ry wpisuje si\u0119 w strategi\u0119 dzia\u0142a\u0144 wdro\u017ceniowych <a href=\"https:\/\/lublin.eu\/biznes-i-nauka\/strategia\/s2030\/\">Strategii Lublin 2030<\/a>.<\/p>\n\n\n\n<p>Celem g\u0142\u00f3wnym Projektu jest umo\u017cliwienie lubelskim studentom wej\u015bcie na rynek pracy w sektorze nowoczesnych us\u0142ug biznesowych w Lublinie oraz wsparcie Partner\u00f3w Projektu w pozyskiwaniu nowych kadr.<\/p>\n\n\n\n<p>Celem dodatkowym jest podniesienie w\u015br\u00f3d student\u00f3w lubelskich uczelni kompetencji lingwistycznych, poszukiwanych obecnie na rynku j\u0119zyk\u00f3w programowania, a tak\u017ce umiej\u0119tno\u015bci komunikacyjnych czy marketingowych. Niezb\u0119dnych w obecnych czasach kompetencji mi\u0119kkich oraz kompetencji jutra. Wa\u017cne jest r\u00f3wnie\u017c podniesienie \u015bwiadomo\u015bci, w\u015br\u00f3d m\u0142odych ludzi, obecno\u015bci firm z sektora nowoczesnych us\u0142ug biznesowych oraz prowadzonej przez nie dzia\u0142alno\u015bci w Lublinie.<\/p>\n<\/div>\n\n\n\n<div class=\"wp-block-column is-layout-flow wp-block-column-is-layout-flow\" style=\"flex-basis:50%\">\n<figure class=\"wp-block-image size-full add-bg\"><img loading=\"lazy\" decoding=\"async\" width=\"640\" height=\"427\" src=\"https:\/\/kompetencjejutra.lublin.eu\/wp-content\/uploads\/sites\/15\/2023\/10\/KUL_biotechnologia_4-Copy.jpg\" alt=\"\" class=\"wp-image-1566\" srcset=\"http:\/\/kompetencjejutra.lublin.eu\/wp-content\/uploads\/sites\/15\/2023\/10\/KUL_biotechnologia_4-Copy.jpg 640w, http:\/\/kompetencjejutra.lublin.eu\/wp-content\/uploads\/sites\/15\/2023\/10\/KUL_biotechnologia_4-Copy-300x200.jpg 300w, http:\/\/kompetencjejutra.lublin.eu\/wp-content\/uploads\/sites\/15\/2023\/10\/KUL_biotechnologia_4-Copy-391x260.jpg 391w\" sizes=\"auto, (max-width: 640px) 100vw, 640px\" \/><\/figure>\n\n\n\n<div class=\"wp-block-columns is-layout-flex wp-container-core-columns-is-layout-9d6595d7 wp-block-columns-is-layout-flex\">\n<div class=\"wp-block-column is-layout-flow wp-block-column-is-layout-flow\">\n<p class=\"has-base-3-color has-text-color\">MMM<\/p>\n<\/div>\n\n\n\n<div class=\"wp-block-column is-layout-flow wp-block-column-is-layout-flow\"><\/div>\n\n\n\n<div class=\"wp-block-column is-layout-flow wp-block-column-is-layout-flow\"><\/div>\n<\/div>\n<\/div>\n<\/div>\n\n\n\n<div class=\"wp-block-columns is-layout-flex wp-container-core-columns-is-layout-9d6595d7 wp-block-columns-is-layout-flex\">\n<div class=\"wp-block-column is-layout-flow wp-block-column-is-layout-flow\">\n<p>Grup\u0105 docelow\u0105 projektu s\u0105 <strong>studenci od II do V roku studi\u00f3w oraz firmy z sektora nowoczesnych us\u0142ug biznesowych <\/strong>prowadz\u0105cy dzia\u0142alno\u015b\u0107 na terenie miasta Lublin.<\/p>\n\n\n\n<p><br>Ka\u017cda z firm przyst\u0119puj\u0105ca do projektu przygotowuje warsztaty \/ szkolenia \/ spotkania dla jednej lub kilku grup student\u00f3w z zakresu:<\/p>\n\n\n\n<ul class=\"wp-block-list\">\n<li>kompetencji lingwistycznych (w tym j\u0119zyk\u00f3w obcych),<\/li>\n\n\n\n<li>kompetencji j\u0119zykowych (w tym j\u0119zyk\u00f3w programowania),<\/li>\n\n\n\n<li>kompetencji przyw\u00f3dczych, negocjacyjnych,  zarz\u0105dczych, autoprezentacyjnych,<\/li>\n\n\n\n<li>kompetencji komunikacyjnych (w tym w&nbsp;multikulturowym \u015brodowisku pracy).<\/li>\n<\/ul>\n\n\n\n<p><br><br>Kawiarenki s\u0105 ulokowane w siedzibach firm, kt\u00f3re przyst\u0105pi\u0105 do projektu, tak aby studenci, kt\u00f3rzy wezm\u0105 udzia\u0142 w projekcie mogli umiejscowi\u0107 dan\u0105 firm\u0119 na mapie Lublina, zapozna\u0107 si\u0119 z jej dzia\u0142alno\u015bci\u0105, pozna\u0107 jej siedzib\u0119 oraz pracownik\u00f3w, a tak\u017ce mie\u0107 bezpo\u015bredni\u0105 mo\u017cliwo\u015b\u0107 w aplikowaniu, tym samym rozpocz\u0105\u0107 \u015bcie\u017ck\u0119 kariery w sektorze nowoczesnych us\u0142ug biznesowych.<\/p>\n\n\n\n<p>Uczestnicy bior\u0105cy udzia\u0142 w aktywno\u015bciach, po odbyciu warsztat\u00f3w, otrzymuj\u0105 <strong>dedykowany certyfikat <\/strong>potwierdzaj\u0105cy nabycie danych umiej\u0119tno\u015bci. Istnieje r\u00f3wnie\u017c mo\u017cliwo\u015b\u0107 <strong>usprawiedliwienia nieobecno\u015bci<\/strong> na zaj\u0119ciach na czas udzia\u0142u w spotkaniach. W tym celu nale\u017cy przes\u0142a\u0107 na adres: <a href=\"mailto:kompetencjejutra@lublin.eu\">zsadlo@lublin.eu<\/a> maila z pro\u015bb\u0105 o wystawienie za\u015bwiadczenia.<\/p>\n\n\n\n<p><\/p>\n<\/div>\n<\/div>\n","protected":false},"excerpt":{"rendered":"<p>W celu podniesienia \u015bwiadomo\u015bci prowadzonej dzia\u0142alno\u015bci firm z sektora nowoczesnych us\u0142ug biznesowych w Lublinie, Wydzia\u0142 Strategii i Obs\u0142ugi Inwestor\u00f3w zainicjowa\u0142 projekt \u201eKawiarenki\u201d, kt\u00f3ry wpisuje si\u0119 w strategi\u0119 dzia\u0142a\u0144 wdro\u017ceniowych Strategii Lublin 2030. Celem g\u0142\u00f3wnym Projektu jest umo\u017cliwienie lubelskim studentom wej\u015bcie na rynek pracy w sektorze nowoczesnych us\u0142ug biznesowych w Lublinie oraz wsparcie Partner\u00f3w Projektu w &#8230; <a title=\"Kawiarenki\" class=\"read-more\" href=\"http:\/\/kompetencjejutra.lublin.eu\/kawiarenki\/\" aria-label=\"Dowiedz si\u0119 wi\u0119cej o Kawiarenki\">Czytaj dalej<\/a><\/p>\n","protected":false},"author":6,"featured_media":0,"parent":0,"menu_order":0,"comment_status":"closed","ping_status":"closed","template":"","meta":{"_acf_changed":false,"footnotes":""},"class_list":["post-431","page","type-page","status-publish"],"acf":[],"mb":[],"featured_image_src":null,"yoast_head":"<!-- This site is optimized with the Yoast SEO plugin v26.3 - https:\/\/yoast.com\/wordpress\/plugins\/seo\/ -->\n<title>Kawiarenki - KompetencjeJutra<\/title>\n<meta name=\"robots\" content=\"index, follow, max-snippet:-1, max-image-preview:large, max-video-preview:-1\" \/>\n<link rel=\"canonical\" href=\"http:\/\/kompetencjejutra.lublin.eu\/pl\/kawiarenki\/\" \/>\n<meta property=\"og:locale\" content=\"pl_PL\" \/>\n<meta property=\"og:type\" content=\"article\" \/>\n<meta property=\"og:title\" content=\"Kawiarenki - KompetencjeJutra\" \/>\n<meta property=\"og:description\" content=\"W celu podniesienia \u015bwiadomo\u015bci prowadzonej dzia\u0142alno\u015bci firm z sektora nowoczesnych us\u0142ug biznesowych w Lublinie, Wydzia\u0142 Strategii i Obs\u0142ugi Inwestor\u00f3w zainicjowa\u0142 projekt \u201eKawiarenki\u201d, kt\u00f3ry wpisuje si\u0119 w strategi\u0119 dzia\u0142a\u0144 wdro\u017ceniowych Strategii Lublin 2030. Celem g\u0142\u00f3wnym Projektu jest umo\u017cliwienie lubelskim studentom wej\u015bcie na rynek pracy w sektorze nowoczesnych us\u0142ug biznesowych w Lublinie oraz wsparcie Partner\u00f3w Projektu w ... Czytaj dalej\" \/>\n<meta property=\"og:url\" content=\"http:\/\/kompetencjejutra.lublin.eu\/kawiarenki\/\" \/>\n<meta property=\"og:site_name\" content=\"KompetencjeJutra\" \/>\n<meta property=\"article:modified_time\" content=\"2025-02-17T12:01:09+00:00\" \/>\n<meta property=\"og:image\" content=\"https:\/\/kompetencjejutra.lublin.eu\/wp-content\/uploads\/sites\/15\/2023\/10\/KUL_biotechnologia_4-Copy.jpg\" \/>\n<meta name=\"twitter:card\" content=\"summary_large_image\" \/>\n<meta name=\"twitter:label1\" content=\"Szacowany czas czytania\" \/>\n\t<meta name=\"twitter:data1\" content=\"2 minuty\" \/>\n<script type=\"application\/ld+json\" class=\"yoast-schema-graph\">{\"@context\":\"https:\/\/schema.org\",\"@graph\":[{\"@type\":\"WebPage\",\"@id\":\"http:\/\/kompetencjejutra.lublin.eu\/kawiarenki\/\",\"url\":\"http:\/\/kompetencjejutra.lublin.eu\/kawiarenki\/\",\"name\":\"Kawiarenki - KompetencjeJutra\",\"isPartOf\":{\"@id\":\"https:\/\/kompetencjejutra.lublin.eu\/pl\/#website\"},\"primaryImageOfPage\":{\"@id\":\"http:\/\/kompetencjejutra.lublin.eu\/kawiarenki\/#primaryimage\"},\"image\":{\"@id\":\"http:\/\/kompetencjejutra.lublin.eu\/kawiarenki\/#primaryimage\"},\"thumbnailUrl\":\"https:\/\/kompetencjejutra.lublin.eu\/wp-content\/uploads\/sites\/15\/2023\/10\/KUL_biotechnologia_4-Copy.jpg\",\"datePublished\":\"2022-03-17T07:59:48+00:00\",\"dateModified\":\"2025-02-17T12:01:09+00:00\",\"breadcrumb\":{\"@id\":\"http:\/\/kompetencjejutra.lublin.eu\/kawiarenki\/#breadcrumb\"},\"inLanguage\":\"pl-PL\",\"potentialAction\":[{\"@type\":\"ReadAction\",\"target\":[\"http:\/\/kompetencjejutra.lublin.eu\/kawiarenki\/\"]}]},{\"@type\":\"ImageObject\",\"inLanguage\":\"pl-PL\",\"@id\":\"http:\/\/kompetencjejutra.lublin.eu\/kawiarenki\/#primaryimage\",\"url\":\"https:\/\/kompetencjejutra.lublin.eu\/wp-content\/uploads\/sites\/15\/2023\/10\/KUL_biotechnologia_4-Copy.jpg\",\"contentUrl\":\"https:\/\/kompetencjejutra.lublin.eu\/wp-content\/uploads\/sites\/15\/2023\/10\/KUL_biotechnologia_4-Copy.jpg\"},{\"@type\":\"BreadcrumbList\",\"@id\":\"http:\/\/kompetencjejutra.lublin.eu\/kawiarenki\/#breadcrumb\",\"itemListElement\":[{\"@type\":\"ListItem\",\"position\":1,\"name\":\"Home\",\"item\":\"https:\/\/kompetencjejutra.lublin.eu\/\"},{\"@type\":\"ListItem\",\"position\":2,\"name\":\"Kawiarenki\"}]},{\"@type\":\"WebSite\",\"@id\":\"https:\/\/kompetencjejutra.lublin.eu\/pl\/#website\",\"url\":\"https:\/\/kompetencjejutra.lublin.eu\/pl\/\",\"name\":\"KompetencjeJutra\",\"description\":\"KompetencjeJutra\",\"publisher\":{\"@id\":\"https:\/\/kompetencjejutra.lublin.eu\/pl\/#organization\"},\"potentialAction\":[{\"@type\":\"SearchAction\",\"target\":{\"@type\":\"EntryPoint\",\"urlTemplate\":\"https:\/\/kompetencjejutra.lublin.eu\/pl\/?s={search_term_string}\"},\"query-input\":{\"@type\":\"PropertyValueSpecification\",\"valueRequired\":true,\"valueName\":\"search_term_string\"}}],\"inLanguage\":\"pl-PL\"},{\"@type\":\"Organization\",\"@id\":\"https:\/\/kompetencjejutra.lublin.eu\/pl\/#organization\",\"name\":\"KompetencjeJutra\",\"url\":\"https:\/\/kompetencjejutra.lublin.eu\/pl\/\",\"logo\":{\"@type\":\"ImageObject\",\"inLanguage\":\"pl-PL\",\"@id\":\"https:\/\/kompetencjejutra.lublin.eu\/pl\/#\/schema\/logo\/image\/\",\"url\":\"http:\/\/kompetencjejutra.lublin.eu\/wp-content\/uploads\/sites\/15\/2021\/08\/logo-miasta-lublin-web.png\",\"contentUrl\":\"http:\/\/kompetencjejutra.lublin.eu\/wp-content\/uploads\/sites\/15\/2021\/08\/logo-miasta-lublin-web.png\",\"width\":281,\"height\":101,\"caption\":\"KompetencjeJutra\"},\"image\":{\"@id\":\"https:\/\/kompetencjejutra.lublin.eu\/pl\/#\/schema\/logo\/image\/\"}}]}<\/script>\n<!-- \/ Yoast SEO plugin. -->","yoast_head_json":{"title":"Kawiarenki - KompetencjeJutra","robots":{"index":"index","follow":"follow","max-snippet":"max-snippet:-1","max-image-preview":"max-image-preview:large","max-video-preview":"max-video-preview:-1"},"canonical":"http:\/\/kompetencjejutra.lublin.eu\/pl\/kawiarenki\/","og_locale":"pl_PL","og_type":"article","og_title":"Kawiarenki - KompetencjeJutra","og_description":"W celu podniesienia \u015bwiadomo\u015bci prowadzonej dzia\u0142alno\u015bci firm z sektora nowoczesnych us\u0142ug biznesowych w Lublinie, Wydzia\u0142 Strategii i Obs\u0142ugi Inwestor\u00f3w zainicjowa\u0142 projekt \u201eKawiarenki\u201d, kt\u00f3ry wpisuje si\u0119 w strategi\u0119 dzia\u0142a\u0144 wdro\u017ceniowych Strategii Lublin 2030. Celem g\u0142\u00f3wnym Projektu jest umo\u017cliwienie lubelskim studentom wej\u015bcie na rynek pracy w sektorze nowoczesnych us\u0142ug biznesowych w Lublinie oraz wsparcie Partner\u00f3w Projektu w ... Czytaj dalej","og_url":"http:\/\/kompetencjejutra.lublin.eu\/kawiarenki\/","og_site_name":"KompetencjeJutra","article_modified_time":"2025-02-17T12:01:09+00:00","og_image":[{"url":"https:\/\/kompetencjejutra.lublin.eu\/wp-content\/uploads\/sites\/15\/2023\/10\/KUL_biotechnologia_4-Copy.jpg","type":"","width":"","height":""}],"twitter_card":"summary_large_image","twitter_misc":{"Szacowany czas czytania":"2 minuty"},"schema":{"@context":"https:\/\/schema.org","@graph":[{"@type":"WebPage","@id":"http:\/\/kompetencjejutra.lublin.eu\/kawiarenki\/","url":"http:\/\/kompetencjejutra.lublin.eu\/kawiarenki\/","name":"Kawiarenki - KompetencjeJutra","isPartOf":{"@id":"https:\/\/kompetencjejutra.lublin.eu\/pl\/#website"},"primaryImageOfPage":{"@id":"http:\/\/kompetencjejutra.lublin.eu\/kawiarenki\/#primaryimage"},"image":{"@id":"http:\/\/kompetencjejutra.lublin.eu\/kawiarenki\/#primaryimage"},"thumbnailUrl":"https:\/\/kompetencjejutra.lublin.eu\/wp-content\/uploads\/sites\/15\/2023\/10\/KUL_biotechnologia_4-Copy.jpg","datePublished":"2022-03-17T07:59:48+00:00","dateModified":"2025-02-17T12:01:09+00:00","breadcrumb":{"@id":"http:\/\/kompetencjejutra.lublin.eu\/kawiarenki\/#breadcrumb"},"inLanguage":"pl-PL","potentialAction":[{"@type":"ReadAction","target":["http:\/\/kompetencjejutra.lublin.eu\/kawiarenki\/"]}]},{"@type":"ImageObject","inLanguage":"pl-PL","@id":"http:\/\/kompetencjejutra.lublin.eu\/kawiarenki\/#primaryimage","url":"https:\/\/kompetencjejutra.lublin.eu\/wp-content\/uploads\/sites\/15\/2023\/10\/KUL_biotechnologia_4-Copy.jpg","contentUrl":"https:\/\/kompetencjejutra.lublin.eu\/wp-content\/uploads\/sites\/15\/2023\/10\/KUL_biotechnologia_4-Copy.jpg"},{"@type":"BreadcrumbList","@id":"http:\/\/kompetencjejutra.lublin.eu\/kawiarenki\/#breadcrumb","itemListElement":[{"@type":"ListItem","position":1,"name":"Home","item":"https:\/\/kompetencjejutra.lublin.eu\/"},{"@type":"ListItem","position":2,"name":"Kawiarenki"}]},{"@type":"WebSite","@id":"https:\/\/kompetencjejutra.lublin.eu\/pl\/#website","url":"https:\/\/kompetencjejutra.lublin.eu\/pl\/","name":"KompetencjeJutra","description":"KompetencjeJutra","publisher":{"@id":"https:\/\/kompetencjejutra.lublin.eu\/pl\/#organization"},"potentialAction":[{"@type":"SearchAction","target":{"@type":"EntryPoint","urlTemplate":"https:\/\/kompetencjejutra.lublin.eu\/pl\/?s={search_term_string}"},"query-input":{"@type":"PropertyValueSpecification","valueRequired":true,"valueName":"search_term_string"}}],"inLanguage":"pl-PL"},{"@type":"Organization","@id":"https:\/\/kompetencjejutra.lublin.eu\/pl\/#organization","name":"KompetencjeJutra","url":"https:\/\/kompetencjejutra.lublin.eu\/pl\/","logo":{"@type":"ImageObject","inLanguage":"pl-PL","@id":"https:\/\/kompetencjejutra.lublin.eu\/pl\/#\/schema\/logo\/image\/","url":"http:\/\/kompetencjejutra.lublin.eu\/wp-content\/uploads\/sites\/15\/2021\/08\/logo-miasta-lublin-web.png","contentUrl":"http:\/\/kompetencjejutra.lublin.eu\/wp-content\/uploads\/sites\/15\/2021\/08\/logo-miasta-lublin-web.png","width":281,"height":101,"caption":"KompetencjeJutra"},"image":{"@id":"https:\/\/kompetencjejutra.lublin.eu\/pl\/#\/schema\/logo\/image\/"}}]}},"mfb_rest_fields":["title","featured_image_src","yoast_head","yoast_head_json"],"_links":{"self":[{"href":"http:\/\/kompetencjejutra.lublin.eu\/pl\/wp-json\/wp\/v2\/pages\/431","targetHints":{"allow":["GET"]}}],"collection":[{"href":"http:\/\/kompetencjejutra.lublin.eu\/pl\/wp-json\/wp\/v2\/pages"}],"about":[{"href":"http:\/\/kompetencjejutra.lublin.eu\/pl\/wp-json\/wp\/v2\/types\/page"}],"author":[{"embeddable":true,"href":"http:\/\/kompetencjejutra.lublin.eu\/pl\/wp-json\/wp\/v2\/users\/6"}],"replies":[{"embeddable":true,"href":"http:\/\/kompetencjejutra.lublin.eu\/pl\/wp-json\/wp\/v2\/comments?post=431"}],"version-history":[{"count":14,"href":"http:\/\/kompetencjejutra.lublin.eu\/pl\/wp-json\/wp\/v2\/pages\/431\/revisions"}],"predecessor-version":[{"id":2080,"href":"http:\/\/kompetencjejutra.lublin.eu\/pl\/wp-json\/wp\/v2\/pages\/431\/revisions\/2080"}],"wp:attachment":[{"href":"http:\/\/kompetencjejutra.lublin.eu\/pl\/wp-json\/wp\/v2\/media?parent=431"}],"curies":[{"name":"wp","href":"https:\/\/api.w.org\/{rel}","templated":true}]}}