{"id":2234,"date":"2026-04-07T14:43:31","date_gmt":"2026-04-07T12:43:31","guid":{"rendered":"https:\/\/kompetencjejutra.lublin.eu\/?page_id=2234"},"modified":"2026-04-08T08:06:40","modified_gmt":"2026-04-08T06:06:40","slug":"formularz-zgloszeniowy-firmy","status":"publish","type":"page","link":"http:\/\/kompetencjejutra.lublin.eu\/pl\/formularz-zgloszeniowy-firmy\/","title":{"rendered":"Formularz zg\u0142oszeniowy &#8211; firmy"},"content":{"rendered":"\n<p>Szanowni Pa\u0144stwo,<\/p>\n\n\n\n<p>w imieniu Urz\u0119du Miasta Lublin mamy przyjemno\u015b\u0107 zaprosi\u0107 Pa\u0144stwa do udzia\u0142u w <strong>wiosennej edycji projektu \u201eKawiarenki\u201d<\/strong> \u2013 inicjatywy \u0142\u0105cz\u0105cej \u015brodowisko biznesowe i akademickie.<\/p>\n\n\n\n<p>\u201eKawiarenki\u201d &#8211; edycja wiosenna, to cykl bezp\u0142atnych warsztat\u00f3w prowadzonych przez firmy dla student\u00f3w lubelskich uczelni. Celem projektu jest wsparcie m\u0142odych os\u00f3b w zdobywaniu praktycznych umiej\u0119tno\u015bci, poznaniu reali\u00f3w rynku pracy oraz nawi\u0105zywaniu kontakt\u00f3w z potencjalnymi pracodawcami.<\/p>\n\n\n\n<p>Tegoroczna edycja odb\u0119dzie si\u0119 w terminach: <strong>18\u201322 maja oraz 25\u201329 maja<\/strong>.<\/p>\n\n\n\n<p>Zapraszamy Pa\u0144stwa do zg\u0142aszania propozycji warsztat\u00f3w (np. z zakresu kompetencji zawodowych, cyfrowych, j\u0119zykowych czy mi\u0119kkich), kt\u00f3re nast\u0119pnie zostan\u0105 udost\u0119pnione studentom w ramach projektu.<\/p>\n\n\n\n<p><strong>Udzia\u0142 w \u201eKawiarenkach\u201d to dla Pa\u0144stwa firmy mo\u017cliwo\u015b\u0107:<\/strong><br>\u2013 zaprezentowania swojej dzia\u0142alno\u015bci i kultury organizacyjnej,<br>\u2013 budowania wizerunku pracodawcy w\u015br\u00f3d student\u00f3w,<br>\u2013 nawi\u0105zania relacji z potencjalnymi kandydatami do pracy i sta\u017cy,<br>\u2013 zaanga\u017cowania si\u0119 w rozw\u00f3j m\u0142odych talent\u00f3w na lokalnym rynku.<\/p>\n\n\n\n<p>Warsztaty mog\u0105 odbywa\u0107 si\u0119 w siedzibie Pa\u0144stwa firmy lub w innej uzgodnionej lokalizacji.<\/p>\n\n\n\n<p>B\u0119dziemy bardzo wdzi\u0119czni za rozwa\u017cenie udzia\u0142u w tegorocznej edycji i przes\u0142anie propozycji warsztatu. <strong>Termin zg\u0142osze\u0144 do 30 kwietnia.<\/strong><\/p>\n\n\n\n<p>W przypadku pyta\u0144 pozostajemy do Pa\u0144stwa pod adresem e-mail: zsadlo@lublin.eu<\/p>\n\n\n<link rel='stylesheet' id='formidable-css' href='http:\/\/kompetencjejutra.lublin.eu\/wp-content\/plugins\/formidable\/css\/formidableforms15.css?ver=1113138' media='all' \/>\n<div class=\"frm_forms  with_frm_style frm_style_formidable-style\" id=\"frm_form_44_container\" data-token=\"0a341bb661e755f2a59faed61da5e81d\">\n<form enctype=\"multipart\/form-data\" method=\"post\" class=\"frm-show-form  frm_pro_form \" id=\"form_formularz-zgloszeniowy-kawiarenki-2026\" data-token=\"0a341bb661e755f2a59faed61da5e81d\">\n<div class=\"frm_form_fields \">\n<fieldset>\n<legend class=\"frm_screen_reader\">Formularz zg\u0142oszeniowy &#8211; Kawiarenki 2026<\/legend>\n\n<div class=\"frm_fields_container\">\n<input type=\"hidden\" name=\"frm_action\" value=\"create\" \/>\n<input type=\"hidden\" name=\"form_id\" value=\"44\" \/>\n<input type=\"hidden\" name=\"frm_hide_fields_44\" id=\"frm_hide_fields_44\" value=\"\" \/>\n<input type=\"hidden\" name=\"form_key\" value=\"formularz-zgloszeniowy-kawiarenki-2026\" \/>\n<input type=\"hidden\" name=\"item_meta[0]\" value=\"\" \/>\n<input type=\"hidden\" id=\"frm_submit_entry_44\" name=\"frm_submit_entry_44\" value=\"54d2104b9e\" \/><input type=\"hidden\" name=\"_wp_http_referer\" value=\"\/pl\/wp-json\/wp\/v2\/pages\/2234\" \/><div id=\"frm_field_271_container\" class=\"frm_form_field form-field  frm_required_field frm_top_container frm6 frm_first\">\n\t<label for=\"field_uf49t\" id=\"field_uf49t_label\" class=\"frm_primary_label\">Tytu\u0142 aktywno\u015bci:\n\t\t<span class=\"frm_required\" aria-hidden=\"true\">*<\/span>\n\t<\/label>\n\t<input  type=\"text\" id=\"field_uf49t\" name=\"item_meta[271]\" value=\"\"  data-reqmsg=\"Tytu\u0142 aktywno\u015bci: cannot be blank.\" aria-required=\"true\" data-invmsg=\"Tytu\u0142 aktywno\u015bci: jest nieprawid\u0142owe\" aria-invalid=\"false\"   \/>\n\t\n\t\n<\/div>\n<div id=\"frm_field_273_container\" class=\"frm_form_field form-field  frm_required_field frm_top_container frm6\">\n\t<label for=\"field_k7sir\" id=\"field_k7sir_label\" class=\"frm_primary_label\">Opis aktywno\u015bci:\n\t\t<span class=\"frm_required\" aria-hidden=\"true\">*<\/span>\n\t<\/label>\n\t<input  type=\"text\" id=\"field_k7sir\" name=\"item_meta[273]\" value=\"\"  data-reqmsg=\"Opis aktywno\u015bci: cannot be blank.\" aria-required=\"true\" data-invmsg=\"Opis aktywno\u015bci: jest nieprawid\u0142owe\" aria-invalid=\"false\"   \/>\n\t\n\t\n<\/div>\n<div id=\"frm_field_275_container\" class=\"frm_form_field form-field  frm_required_field frm_top_container frm6\">\n\t<label for=\"field_6qz80\" id=\"field_6qz80_label\" class=\"frm_primary_label\">Termin realizacji aktywno\u015bci (mi\u0119dzy 18 &#8211; 29 maja lub do ustalenia) :\n\t\t<span class=\"frm_required\" aria-hidden=\"true\">*<\/span>\n\t<\/label>\n\t<input  type=\"text\" id=\"field_6qz80\" name=\"item_meta[275]\" value=\"\"  data-reqmsg=\"Termin realizacji aktywno\u015bci (mi\u0119dzy 18 - 29 maja lub do ustalenia) : cannot be blank.\" aria-required=\"true\" data-invmsg=\"Termin realizacji aktywno\u015bci (mi\u0119dzy 18 - 29 maja lub do ustalenia) : jest nieprawid\u0142owe\" aria-invalid=\"false\"   \/>\n\t\n\t\n<\/div>\n<div id=\"frm_field_276_container\" class=\"frm_form_field form-field  frm_required_field frm_top_container frm6\">\n\t<label for=\"field_wxreu\" id=\"field_wxreu_label\" class=\"frm_primary_label\">Godziny realizacji aktywno\u015bci:\n\t\t<span class=\"frm_required\" aria-hidden=\"true\">*<\/span>\n\t<\/label>\n\t<input  type=\"text\" id=\"field_wxreu\" name=\"item_meta[276]\" value=\"\"  data-reqmsg=\"Godziny realizacji aktywno\u015bci: cannot be blank.\" aria-required=\"true\" data-invmsg=\"Godziny realizacji aktywno\u015bci: jest nieprawid\u0142owe\" aria-invalid=\"false\"   \/>\n\t\n\t\n<\/div>\n<div id=\"frm_field_272_container\" class=\"frm_form_field form-field  frm_required_field frm_top_container frm6\">\n\t<label for=\"field_3fb1l\" id=\"field_3fb1l_label\" class=\"frm_primary_label\">Minimalna liczba uczestnik\u00f3w:\n\t\t<span class=\"frm_required\" aria-hidden=\"true\">*<\/span>\n\t<\/label>\n\t<input  type=\"text\" id=\"field_3fb1l\" name=\"item_meta[272]\" value=\"\"  data-reqmsg=\"Minimalna liczba uczestnik\u00f3w: cannot be blank.\" aria-required=\"true\" data-invmsg=\"Minimalna liczba uczestnik\u00f3w: jest nieprawid\u0142owe\" aria-invalid=\"false\"   \/>\n\t\n\t\n<\/div>\n<div id=\"frm_field_274_container\" class=\"frm_form_field form-field  frm_required_field frm_top_container frm6\">\n\t<label for=\"field_96lc1\" id=\"field_96lc1_label\" class=\"frm_primary_label\">Maksymalna liczba uczestnik\u00f3w:\n\t\t<span class=\"frm_required\" aria-hidden=\"true\">*<\/span>\n\t<\/label>\n\t<input  type=\"text\" id=\"field_96lc1\" name=\"item_meta[274]\" value=\"\"  data-reqmsg=\"Maksymalna liczba uczestnik\u00f3w: cannot be blank.\" aria-required=\"true\" data-invmsg=\"Maksymalna liczba uczestnik\u00f3w: jest nieprawid\u0142owe\" aria-invalid=\"false\"   \/>\n\t\n\t\n<\/div>\n<div id=\"frm_field_277_container\" class=\"frm_form_field form-field  frm_required_field frm_top_container frm6\">\n\t<label for=\"field_wj68s\" id=\"field_wj68s_label\" class=\"frm_primary_label\">Co uczestnik osi\u0105gnie po udziale w aktywno\u015bci:\n\t\t<span class=\"frm_required\" aria-hidden=\"true\">*<\/span>\n\t<\/label>\n\t<input  type=\"text\" id=\"field_wj68s\" name=\"item_meta[277]\" value=\"\"  data-reqmsg=\"Co uczestnik osi\u0105gnie po udziale w aktywno\u015bci: cannot be blank.\" aria-required=\"true\" data-invmsg=\"Co uczestnik osi\u0105gnie po udziale w aktywno\u015bci: jest nieprawid\u0142owe\" aria-invalid=\"false\"   \/>\n\t\n\t\n<\/div>\n<div id=\"frm_field_278_container\" class=\"frm_form_field form-field  frm_required_field frm_top_container frm6\">\n\t<label for=\"field_pghky\" id=\"field_pghky_label\" class=\"frm_primary_label\">Adres kawiarenki:\n\t\t<span class=\"frm_required\" aria-hidden=\"true\">*<\/span>\n\t<\/label>\n\t<input  type=\"text\" id=\"field_pghky\" name=\"item_meta[278]\" value=\"\"  data-reqmsg=\"Adres kawiarenki: cannot be blank.\" aria-required=\"true\" data-invmsg=\"Adres kawiarenki: jest nieprawid\u0142owe\" aria-invalid=\"false\"   \/>\n\t\n\t\n<\/div>\n<div id=\"frm_field_282_container\" class=\"frm_form_field  frm_html_container form-field\"><b>Kontakt do osoby odpowiedzialnej po stronie firmy:<b><\/b><\/b><\/div>\n<div id=\"frm_field_284_container\" class=\"frm_form_field form-field  frm_required_field frm_top_container frm3 frm_first\">\n\t<label for=\"field_463tg\" id=\"field_463tg_label\" class=\"frm_primary_label\">Imi\u0119 i nazwisko\n\t\t<span class=\"frm_required\" aria-hidden=\"true\">*<\/span>\n\t<\/label>\n\t<input  type=\"text\" id=\"field_463tg\" name=\"item_meta[284]\" value=\"\"  data-reqmsg=\"Imi\u0119 i nazwisko cannot be blank.\" aria-required=\"true\" data-invmsg=\"Imi\u0119 i nazwisko jest nieprawid\u0142owe\" aria-invalid=\"false\"   \/>\n\t\n\t\n<\/div>\n<div id=\"frm_field_283_container\" class=\"frm_form_field form-field  frm_required_field frm_top_container frm3\">\n\t<label for=\"field_u71hd\" id=\"field_u71hd_label\" class=\"frm_primary_label\">Nazwa firmy\n\t\t<span class=\"frm_required\" aria-hidden=\"true\">*<\/span>\n\t<\/label>\n\t<input  type=\"text\" id=\"field_u71hd\" name=\"item_meta[283]\" value=\"\"  data-reqmsg=\"Nazwa firmy cannot be blank.\" aria-required=\"true\" data-invmsg=\"Nazwa firmy jest nieprawid\u0142owe\" aria-invalid=\"false\"   \/>\n\t\n\t\n<\/div>\n<div id=\"frm_field_285_container\" class=\"frm_form_field form-field  frm_required_field frm_top_container frm3\">\n\t<label for=\"field_c1okd\" id=\"field_c1okd_label\" class=\"frm_primary_label\">E-mail:\n\t\t<span class=\"frm_required\" aria-hidden=\"true\">*<\/span>\n\t<\/label>\n\t<input  type=\"text\" id=\"field_c1okd\" name=\"item_meta[285]\" value=\"\"  data-reqmsg=\"E-mail: cannot be blank.\" aria-required=\"true\" data-invmsg=\"E-mail: jest nieprawid\u0142owe\" aria-invalid=\"false\"   \/>\n\t\n\t\n<\/div>\n<div id=\"frm_field_287_container\" class=\"frm_form_field form-field  frm_top_container frm3\">\n\t<label for=\"field_50vf0\" id=\"field_50vf0_label\" class=\"frm_primary_label\">Telefon:\n\t\t<span class=\"frm_required\" aria-hidden=\"true\"><\/span>\n\t<\/label>\n\t<input  type=\"text\" id=\"field_50vf0\" name=\"item_meta[287]\" value=\"\"  data-invmsg=\"Telefon: jest nieprawid\u0142owe\" aria-invalid=\"false\"   \/>\n\t\n\t\n<\/div>\n<div id=\"frm_field_288_container\" class=\"frm_form_field form-field  frm_required_field frm_top_container vertical_radio\">\n\t<div id=\"field_vqe0w_label\" class=\"frm_primary_label\">\n\t\t<span class=\"frm_required\" aria-hidden=\"true\">*<\/span>\n\t<\/div>\n\t<div class=\"frm_opt_container\" role=\"group\">\t\t<div class=\"frm_checkbox\" id=\"frm_checkbox_288-0\">\t\t\t<label  for=\"field_vqe0w-0\">\n\t\t\t<input type=\"checkbox\" name=\"item_meta[288][]\" id=\"field_vqe0w-0\" value=\"Opcja 1\"  data-reqmsg=\"To pole cannot be blank.\" data-invmsg=\"To pole jest nieprawid\u0142owe\"   aria-required=\"true\"  \/> O\u015bwiadczam, \u017ce zapozna\u0142am\/zapozna\u0142em si\u0119 i akceptuje warunki okre\u015blone w <a href=\"http:\/\/kompetencjejutra.lublin.eu\/wp-content\/uploads\/sites\/15\/2026\/04\/REGULAMIN-PROJEKTU_-Kawiarenki-2026.pdf\">Regulaminie <a \/>, w tym z Klauzul\u0105 Informacyjn\u0105.<\/label><\/div>\n<\/div>\n\t\n\t\n<\/div>\n<div id=\"frm_field_289_container\" class=\"frm_form_field form-field  frm_top_container vertical_radio\">\n\t<div id=\"field_zr8rw_label\" class=\"frm_primary_label\">\n\t\t<span class=\"frm_required\" aria-hidden=\"true\"><\/span>\n\t<\/div>\n\t<div class=\"frm_opt_container\" role=\"group\">\t\t<div class=\"frm_checkbox\" id=\"frm_checkbox_289-0\">\t\t\t<label  for=\"field_zr8rw-0\">\n\t\t\t<input type=\"checkbox\" name=\"item_meta[289][]\" id=\"field_zr8rw-0\" value=\"Opcja 1\"  data-invmsg=\"To pole jest nieprawid\u0142owe\"   \/> Wyra\u017cam zgod\u0119 na przetwarzanie mojego adresu email, w celu informowania o przysz\u0142ych edycjach Projektu &#8222;Kawiarenki&#8221;.<\/label><\/div>\n<\/div>\n\t\n\t\n<\/div>\n<div id=\"frm_field_269_container\" class=\"frm_form_field form-field \">\n\t<div class=\"frm_submit frm_flex\">\n<button class=\"frm_button_submit frm_final_submit\" type=\"submit\" >Wy\u015blij<\/button>\n\n\n\n<\/div>\n<\/div>\n\t<input type=\"hidden\" name=\"item_key\" value=\"\" \/>\n\t\t\t<div id=\"frm_field_290_container\">\n\t\t\t<label for=\"field_gldil\" >\n\t\t\t\tJe\u017celi jeste\u015b cz\u0142owiekiem, zostaw to pole puste.\t\t\t<\/label>\n\t\t\t<input  id=\"field_gldil\" type=\"text\" class=\"frm_form_field form-field frm_verify\" name=\"item_meta[290]\" value=\"\"  \/>\n\t\t<\/div>\n\t\t<input name=\"frm_state\" type=\"hidden\" value=\"NKN0ugbCCqKY+Y8FIlg9\/wuDJPY4p9ycVRiQ\/7OVkbgT2mVZXu4YYzXlHEgjKuIL\" \/><\/div>\n<\/fieldset>\n<\/div>\n\n<\/form>\n<\/div>\n","protected":false},"excerpt":{"rendered":"<p>Szanowni Pa\u0144stwo, w imieniu Urz\u0119du Miasta Lublin mamy przyjemno\u015b\u0107 zaprosi\u0107 Pa\u0144stwa do udzia\u0142u w wiosennej edycji projektu \u201eKawiarenki\u201d \u2013 inicjatywy \u0142\u0105cz\u0105cej \u015brodowisko biznesowe i akademickie. \u201eKawiarenki\u201d &#8211; edycja wiosenna, to cykl bezp\u0142atnych warsztat\u00f3w prowadzonych przez firmy dla student\u00f3w lubelskich uczelni. Celem projektu jest wsparcie m\u0142odych os\u00f3b w zdobywaniu praktycznych umiej\u0119tno\u015bci, poznaniu reali\u00f3w rynku pracy oraz &#8230; <a title=\"Formularz zg\u0142oszeniowy &#8211; firmy\" class=\"read-more\" href=\"http:\/\/kompetencjejutra.lublin.eu\/pl\/formularz-zgloszeniowy-firmy\/\" aria-label=\"Dowiedz si\u0119 wi\u0119cej o Formularz zg\u0142oszeniowy &#8211; firmy\">Czytaj dalej<\/a><\/p>\n","protected":false},"author":41,"featured_media":0,"parent":0,"menu_order":0,"comment_status":"closed","ping_status":"closed","template":"","meta":{"_acf_changed":false,"footnotes":""},"class_list":["post-2234","page","type-page","status-publish"],"acf":[],"mb":[],"featured_image_src":null,"yoast_head":"<!-- This site is optimized with the Yoast SEO plugin v26.3 - https:\/\/yoast.com\/wordpress\/plugins\/seo\/ -->\n<title>Formularz zg\u0142oszeniowy - firmy - KompetencjeJutra<\/title>\n<meta name=\"robots\" content=\"index, follow, max-snippet:-1, max-image-preview:large, max-video-preview:-1\" \/>\n<link rel=\"canonical\" href=\"http:\/\/kompetencjejutra.lublin.eu\/pl\/formularz-zgloszeniowy-firmy\/\" \/>\n<meta property=\"og:locale\" content=\"pl_PL\" \/>\n<meta property=\"og:type\" content=\"article\" \/>\n<meta property=\"og:title\" content=\"Formularz zg\u0142oszeniowy - firmy - KompetencjeJutra\" \/>\n<meta property=\"og:description\" content=\"Szanowni Pa\u0144stwo, w imieniu Urz\u0119du Miasta Lublin mamy przyjemno\u015b\u0107 zaprosi\u0107 Pa\u0144stwa do udzia\u0142u w wiosennej edycji projektu \u201eKawiarenki\u201d \u2013 inicjatywy \u0142\u0105cz\u0105cej \u015brodowisko biznesowe i akademickie. \u201eKawiarenki\u201d &#8211; edycja wiosenna, to cykl bezp\u0142atnych warsztat\u00f3w prowadzonych przez firmy dla student\u00f3w lubelskich uczelni. Celem projektu jest wsparcie m\u0142odych os\u00f3b w zdobywaniu praktycznych umiej\u0119tno\u015bci, poznaniu reali\u00f3w rynku pracy oraz ... Czytaj dalej\" \/>\n<meta property=\"og:url\" content=\"http:\/\/kompetencjejutra.lublin.eu\/pl\/formularz-zgloszeniowy-firmy\/\" \/>\n<meta property=\"og:site_name\" content=\"KompetencjeJutra\" \/>\n<meta property=\"article:modified_time\" content=\"2026-04-08T06:06:40+00:00\" \/>\n<meta name=\"twitter:card\" content=\"summary_large_image\" \/>\n<meta name=\"twitter:label1\" content=\"Szacowany czas czytania\" \/>\n\t<meta name=\"twitter:data1\" content=\"2 minuty\" \/>\n<script type=\"application\/ld+json\" class=\"yoast-schema-graph\">{\"@context\":\"https:\/\/schema.org\",\"@graph\":[{\"@type\":\"WebPage\",\"@id\":\"http:\/\/kompetencjejutra.lublin.eu\/pl\/formularz-zgloszeniowy-firmy\/\",\"url\":\"http:\/\/kompetencjejutra.lublin.eu\/pl\/formularz-zgloszeniowy-firmy\/\",\"name\":\"Formularz zg\u0142oszeniowy - firmy - KompetencjeJutra\",\"isPartOf\":{\"@id\":\"http:\/\/kompetencjejutra.lublin.eu\/pl\/#website\"},\"datePublished\":\"2026-04-07T12:43:31+00:00\",\"dateModified\":\"2026-04-08T06:06:40+00:00\",\"breadcrumb\":{\"@id\":\"http:\/\/kompetencjejutra.lublin.eu\/pl\/formularz-zgloszeniowy-firmy\/#breadcrumb\"},\"inLanguage\":\"pl-PL\",\"potentialAction\":[{\"@type\":\"ReadAction\",\"target\":[\"http:\/\/kompetencjejutra.lublin.eu\/pl\/formularz-zgloszeniowy-firmy\/\"]}]},{\"@type\":\"BreadcrumbList\",\"@id\":\"http:\/\/kompetencjejutra.lublin.eu\/pl\/formularz-zgloszeniowy-firmy\/#breadcrumb\",\"itemListElement\":[{\"@type\":\"ListItem\",\"position\":1,\"name\":\"Home\",\"item\":\"https:\/\/kompetencjejutra.lublin.eu\/\"},{\"@type\":\"ListItem\",\"position\":2,\"name\":\"Formularz zg\u0142oszeniowy &#8211; firmy\"}]},{\"@type\":\"WebSite\",\"@id\":\"http:\/\/kompetencjejutra.lublin.eu\/pl\/#website\",\"url\":\"http:\/\/kompetencjejutra.lublin.eu\/pl\/\",\"name\":\"KompetencjeJutra\",\"description\":\"KompetencjeJutra\",\"publisher\":{\"@id\":\"http:\/\/kompetencjejutra.lublin.eu\/pl\/#organization\"},\"potentialAction\":[{\"@type\":\"SearchAction\",\"target\":{\"@type\":\"EntryPoint\",\"urlTemplate\":\"http:\/\/kompetencjejutra.lublin.eu\/pl\/?s={search_term_string}\"},\"query-input\":{\"@type\":\"PropertyValueSpecification\",\"valueRequired\":true,\"valueName\":\"search_term_string\"}}],\"inLanguage\":\"pl-PL\"},{\"@type\":\"Organization\",\"@id\":\"http:\/\/kompetencjejutra.lublin.eu\/pl\/#organization\",\"name\":\"KompetencjeJutra\",\"url\":\"http:\/\/kompetencjejutra.lublin.eu\/pl\/\",\"logo\":{\"@type\":\"ImageObject\",\"inLanguage\":\"pl-PL\",\"@id\":\"http:\/\/kompetencjejutra.lublin.eu\/pl\/#\/schema\/logo\/image\/\",\"url\":\"http:\/\/kompetencjejutra.lublin.eu\/wp-content\/uploads\/sites\/15\/2021\/08\/logo-miasta-lublin-web.png\",\"contentUrl\":\"http:\/\/kompetencjejutra.lublin.eu\/wp-content\/uploads\/sites\/15\/2021\/08\/logo-miasta-lublin-web.png\",\"width\":281,\"height\":101,\"caption\":\"KompetencjeJutra\"},\"image\":{\"@id\":\"http:\/\/kompetencjejutra.lublin.eu\/pl\/#\/schema\/logo\/image\/\"}}]}<\/script>\n<!-- \/ Yoast SEO plugin. -->","yoast_head_json":{"title":"Formularz zg\u0142oszeniowy - firmy - KompetencjeJutra","robots":{"index":"index","follow":"follow","max-snippet":"max-snippet:-1","max-image-preview":"max-image-preview:large","max-video-preview":"max-video-preview:-1"},"canonical":"http:\/\/kompetencjejutra.lublin.eu\/pl\/formularz-zgloszeniowy-firmy\/","og_locale":"pl_PL","og_type":"article","og_title":"Formularz zg\u0142oszeniowy - firmy - KompetencjeJutra","og_description":"Szanowni Pa\u0144stwo, w imieniu Urz\u0119du Miasta Lublin mamy przyjemno\u015b\u0107 zaprosi\u0107 Pa\u0144stwa do udzia\u0142u w wiosennej edycji projektu \u201eKawiarenki\u201d \u2013 inicjatywy \u0142\u0105cz\u0105cej \u015brodowisko biznesowe i akademickie. \u201eKawiarenki\u201d &#8211; edycja wiosenna, to cykl bezp\u0142atnych warsztat\u00f3w prowadzonych przez firmy dla student\u00f3w lubelskich uczelni. Celem projektu jest wsparcie m\u0142odych os\u00f3b w zdobywaniu praktycznych umiej\u0119tno\u015bci, poznaniu reali\u00f3w rynku pracy oraz ... Czytaj dalej","og_url":"http:\/\/kompetencjejutra.lublin.eu\/pl\/formularz-zgloszeniowy-firmy\/","og_site_name":"KompetencjeJutra","article_modified_time":"2026-04-08T06:06:40+00:00","twitter_card":"summary_large_image","twitter_misc":{"Szacowany czas czytania":"2 minuty"},"schema":{"@context":"https:\/\/schema.org","@graph":[{"@type":"WebPage","@id":"http:\/\/kompetencjejutra.lublin.eu\/pl\/formularz-zgloszeniowy-firmy\/","url":"http:\/\/kompetencjejutra.lublin.eu\/pl\/formularz-zgloszeniowy-firmy\/","name":"Formularz zg\u0142oszeniowy - firmy - KompetencjeJutra","isPartOf":{"@id":"http:\/\/kompetencjejutra.lublin.eu\/pl\/#website"},"datePublished":"2026-04-07T12:43:31+00:00","dateModified":"2026-04-08T06:06:40+00:00","breadcrumb":{"@id":"http:\/\/kompetencjejutra.lublin.eu\/pl\/formularz-zgloszeniowy-firmy\/#breadcrumb"},"inLanguage":"pl-PL","potentialAction":[{"@type":"ReadAction","target":["http:\/\/kompetencjejutra.lublin.eu\/pl\/formularz-zgloszeniowy-firmy\/"]}]},{"@type":"BreadcrumbList","@id":"http:\/\/kompetencjejutra.lublin.eu\/pl\/formularz-zgloszeniowy-firmy\/#breadcrumb","itemListElement":[{"@type":"ListItem","position":1,"name":"Home","item":"https:\/\/kompetencjejutra.lublin.eu\/"},{"@type":"ListItem","position":2,"name":"Formularz zg\u0142oszeniowy &#8211; firmy"}]},{"@type":"WebSite","@id":"http:\/\/kompetencjejutra.lublin.eu\/pl\/#website","url":"http:\/\/kompetencjejutra.lublin.eu\/pl\/","name":"KompetencjeJutra","description":"KompetencjeJutra","publisher":{"@id":"http:\/\/kompetencjejutra.lublin.eu\/pl\/#organization"},"potentialAction":[{"@type":"SearchAction","target":{"@type":"EntryPoint","urlTemplate":"http:\/\/kompetencjejutra.lublin.eu\/pl\/?s={search_term_string}"},"query-input":{"@type":"PropertyValueSpecification","valueRequired":true,"valueName":"search_term_string"}}],"inLanguage":"pl-PL"},{"@type":"Organization","@id":"http:\/\/kompetencjejutra.lublin.eu\/pl\/#organization","name":"KompetencjeJutra","url":"http:\/\/kompetencjejutra.lublin.eu\/pl\/","logo":{"@type":"ImageObject","inLanguage":"pl-PL","@id":"http:\/\/kompetencjejutra.lublin.eu\/pl\/#\/schema\/logo\/image\/","url":"http:\/\/kompetencjejutra.lublin.eu\/wp-content\/uploads\/sites\/15\/2021\/08\/logo-miasta-lublin-web.png","contentUrl":"http:\/\/kompetencjejutra.lublin.eu\/wp-content\/uploads\/sites\/15\/2021\/08\/logo-miasta-lublin-web.png","width":281,"height":101,"caption":"KompetencjeJutra"},"image":{"@id":"http:\/\/kompetencjejutra.lublin.eu\/pl\/#\/schema\/logo\/image\/"}}]}},"mfb_rest_fields":["title","featured_image_src","yoast_head","yoast_head_json"],"_links":{"self":[{"href":"http:\/\/kompetencjejutra.lublin.eu\/pl\/wp-json\/wp\/v2\/pages\/2234","targetHints":{"allow":["GET"]}}],"collection":[{"href":"http:\/\/kompetencjejutra.lublin.eu\/pl\/wp-json\/wp\/v2\/pages"}],"about":[{"href":"http:\/\/kompetencjejutra.lublin.eu\/pl\/wp-json\/wp\/v2\/types\/page"}],"author":[{"embeddable":true,"href":"http:\/\/kompetencjejutra.lublin.eu\/pl\/wp-json\/wp\/v2\/users\/41"}],"replies":[{"embeddable":true,"href":"http:\/\/kompetencjejutra.lublin.eu\/pl\/wp-json\/wp\/v2\/comments?post=2234"}],"version-history":[{"count":3,"href":"http:\/\/kompetencjejutra.lublin.eu\/pl\/wp-json\/wp\/v2\/pages\/2234\/revisions"}],"predecessor-version":[{"id":2249,"href":"http:\/\/kompetencjejutra.lublin.eu\/pl\/wp-json\/wp\/v2\/pages\/2234\/revisions\/2249"}],"wp:attachment":[{"href":"http:\/\/kompetencjejutra.lublin.eu\/pl\/wp-json\/wp\/v2\/media?parent=2234"}],"curies":[{"name":"wp","href":"https:\/\/api.w.org\/{rel}","templated":true}]}}