{"id":1938,"date":"2024-03-19T14:50:57","date_gmt":"2024-03-19T13:50:57","guid":{"rendered":"https:\/\/kompetencjejutra.lublin.eu\/?page_id=1938"},"modified":"2025-10-08T13:14:14","modified_gmt":"2025-10-08T11:14:14","slug":"kawiarenki-wiosna-2025","status":"publish","type":"page","link":"http:\/\/kompetencjejutra.lublin.eu\/kawiarenki-wiosna-2025\/","title":{"rendered":"Kawiarenki &#8211; jesie\u0144 2025"},"content":{"rendered":"\n<div class=\"wp-block-columns is-layout-flex wp-container-core-columns-is-layout-9d6595d7 wp-block-columns-is-layout-flex\">\n<div class=\"wp-block-column is-layout-flow wp-block-column-is-layout-flow\" style=\"flex-basis:33.33%\">\n<figure class=\"wp-block-image size-large add-bg\"><img loading=\"lazy\" decoding=\"async\" width=\"1024\" height=\"683\" src=\"https:\/\/kompetencjejutra.lublin.eu\/wp-content\/uploads\/sites\/15\/2024\/10\/warsztaty-1024x683.jpg\" alt=\"\" class=\"wp-image-2055\" srcset=\"http:\/\/kompetencjejutra.lublin.eu\/wp-content\/uploads\/sites\/15\/2024\/10\/warsztaty-1024x683.jpg 1024w, http:\/\/kompetencjejutra.lublin.eu\/wp-content\/uploads\/sites\/15\/2024\/10\/warsztaty-300x200.jpg 300w, http:\/\/kompetencjejutra.lublin.eu\/wp-content\/uploads\/sites\/15\/2024\/10\/warsztaty-768x512.jpg 768w, http:\/\/kompetencjejutra.lublin.eu\/wp-content\/uploads\/sites\/15\/2024\/10\/warsztaty-391x260.jpg 391w, http:\/\/kompetencjejutra.lublin.eu\/wp-content\/uploads\/sites\/15\/2024\/10\/warsztaty-1536x1024.jpg 1536w, http:\/\/kompetencjejutra.lublin.eu\/wp-content\/uploads\/sites\/15\/2024\/10\/warsztaty-50x33.jpg 50w, http:\/\/kompetencjejutra.lublin.eu\/wp-content\/uploads\/sites\/15\/2024\/10\/warsztaty-1600x1067.jpg 1600w, http:\/\/kompetencjejutra.lublin.eu\/wp-content\/uploads\/sites\/15\/2024\/10\/warsztaty.jpg 1657w\" sizes=\"auto, (max-width: 1024px) 100vw, 1024px\" \/><\/figure>\n<\/div>\n\n\n\n<div class=\"wp-block-column is-layout-flow wp-block-column-is-layout-flow\" style=\"flex-basis:66.66%\">\n<p><\/p>\n\n\n\n<p>Jesienna edycja projektu &#8222;Kawiarenki&#8221; 2025 skierowana jest do pracownik\u00f3w akademickich lubelskich uczelni. Inicjatywa ma na celu po\u0142\u0105czenie \u015brodowiska akademickiego z biznesem. Dzi\u0119ki udzia\u0142owi w projekcie uczestnicy b\u0119d\u0105 mogli zdoby\u0107 praktyczne umiej\u0119tno\u015bci, kt\u00f3re przydadz\u0105 si\u0119 w rozwoju akademickim, ale tak\u017ce do rozwini\u0119cia sieci kontakt\u00f3w.<\/p>\n\n\n\n<p>Projekt &#8222;Kawiarenki&#8221; to nie tylko doskona\u0142a okazja do rozwoju zawodowego, ale tak\u017ce szansa na nawi\u0105zanie warto\u015bciowych relacji z przedstawicielami lubelskiego biznesu.<\/p>\n\n\n\n<p>Podczas specjalnie przygotowanych aktywno\u015bci uczestnicy b\u0119d\u0105 mogli zdoby\u0107 praktyczne umiej\u0119tno\u015bci, kt\u00f3re pozwol\u0105 na efektywne zarz\u0105dzanie czasem, poszerzy\u0107 swoj\u0105 wiedz\u0119 na temat zaj\u0119\u0107 aktywizuj\u0105cych, prowadzenie negocjacji i wsp\u00f3\u0142prac\u0119 z innymi oraz poznaj\u0105 najnowsze trendy w sektorze nowoczesnych us\u0142ug dla biznesu.<\/p>\n<\/div>\n<\/div>\n\n\n\n<p>Dzi\u0119ki temu osoby bior\u0105ce udzia\u0142 w aktywno\u015bciach b\u0119d\u0105 mog\u0142y nie tylko zwi\u0119kszy\u0107 swoj\u0105 efektywno\u015b\u0107, ale tak\u017ce nawi\u0105za\u0107 cenne kontakty, kt\u00f3re mog\u0105 przyczyni\u0107 si\u0119 do rozwoju zawodowego. Wsp\u00f3lnie z przedstawicielami lubelskiego sektora nowoczesnych us\u0142ug dla biznesu b\u0119d\u0105 mieli mo\u017cliwo\u015b\u0107 kszta\u0142towa\u0107 swoj\u0105 przysz\u0142o\u015b\u0107 i rozwija\u0107 kompetencje.<\/p>\n\n\n\n<p>Projekt realizowany jest przez Wydzia\u0142 Strategii i Obs\u0142ugi Inwestor\u00f3w we wsp\u00f3\u0142pracy z lubelskim sektorem nowoczesnych us\u0142ug dla biznesu.<\/p>\n\n\n\n<p><\/p>\n\n\n\n<p class=\"has-text-align-center\"><strong>Opis warsztat\u00f3w dost\u0119pny na stronie <a href=\"https:\/\/kompetencjejutra.lublin.eu\/mapa-aktywnosci\/\">Mapa Aktywno\u015bci<\/a>.<\/strong><\/p>\n\n\n<div style=\"gap: 20px;\" class=\"align-button-center ub-buttons orientation-button-row ub-flex-wrap wp-block-ub-button\" id=\"ub-button-189b8b7b-b495-4867-b2e9-74eda51789dc\"><div class=\"ub-button-container\">\n\t\t\t<a href=\"https:\/\/kompetencjejutra.lublin.eu\/formularz-zgloszeniowy-dla-uczestnikow\/\" target=\"_blank\" rel=\"noopener noreferrer\" class=\"ub-button-block-main   ub-button-flex\" role=\"button\" style=\"--ub-button-background-color: #313131; --ub-button-color: #ffffff; --ub-button-border: none; --ub-button-hover-background-color: #313131; --ub-button-hover-color: #ffffff; --ub-button-hover-border: none; padding-top: 10px; padding-right: 10px; padding-bottom: 10px; padding-left: 10px; border-top-left-radius: 10px;; border-top-right-radius: 10px;; border-bottom-left-radius: 10px;; border-bottom-right-radius: 10px;; \">\n\t\t\t\t<div class=\"ub-button-content-holder\" style=\"flex-direction: row\">\n\t\t\t\t\t<span class=\"ub-button-block-btn\">FORMULARZ REJESTRACYJNY<\/span>\n\t\t\t\t<\/div>\n\t\t\t<\/a>\n\t\t<\/div><\/div>\n\n\n<p><\/p>\n","protected":false},"excerpt":{"rendered":"<p>Jesienna edycja projektu &#8222;Kawiarenki&#8221; 2025 skierowana jest do pracownik\u00f3w akademickich lubelskich uczelni. Inicjatywa ma na celu po\u0142\u0105czenie \u015brodowiska akademickiego z biznesem. Dzi\u0119ki udzia\u0142owi w projekcie uczestnicy b\u0119d\u0105 mogli zdoby\u0107 praktyczne umiej\u0119tno\u015bci, kt\u00f3re przydadz\u0105 si\u0119 w rozwoju akademickim, ale tak\u017ce do rozwini\u0119cia sieci kontakt\u00f3w. Projekt &#8222;Kawiarenki&#8221; to nie tylko doskona\u0142a okazja do rozwoju zawodowego, ale tak\u017ce &#8230; <a title=\"Kawiarenki &#8211; jesie\u0144 2025\" class=\"read-more\" href=\"http:\/\/kompetencjejutra.lublin.eu\/kawiarenki-wiosna-2025\/\" aria-label=\"Dowiedz si\u0119 wi\u0119cej o Kawiarenki &#8211; jesie\u0144 2025\">Czytaj dalej<\/a><\/p>\n","protected":false},"author":10,"featured_media":0,"parent":0,"menu_order":0,"comment_status":"closed","ping_status":"closed","template":"","meta":{"_acf_changed":false,"footnotes":""},"class_list":["post-1938","page","type-page","status-publish"],"acf":[],"mb":[],"featured_image_src":null,"yoast_head":"<!-- This site is optimized with the Yoast SEO plugin v26.3 - https:\/\/yoast.com\/wordpress\/plugins\/seo\/ -->\n<title>Kawiarenki - jesie\u0144 2025 - KompetencjeJutra<\/title>\n<meta name=\"robots\" content=\"index, follow, max-snippet:-1, max-image-preview:large, max-video-preview:-1\" \/>\n<link rel=\"canonical\" href=\"http:\/\/kompetencjejutra.lublin.eu\/pl\/kawiarenki-wiosna-2025\/\" \/>\n<meta property=\"og:locale\" content=\"pl_PL\" \/>\n<meta property=\"og:type\" content=\"article\" \/>\n<meta property=\"og:title\" content=\"Kawiarenki - jesie\u0144 2025 - KompetencjeJutra\" \/>\n<meta property=\"og:description\" content=\"Jesienna edycja projektu &#8222;Kawiarenki&#8221; 2025 skierowana jest do pracownik\u00f3w akademickich lubelskich uczelni. Inicjatywa ma na celu po\u0142\u0105czenie \u015brodowiska akademickiego z biznesem. Dzi\u0119ki udzia\u0142owi w projekcie uczestnicy b\u0119d\u0105 mogli zdoby\u0107 praktyczne umiej\u0119tno\u015bci, kt\u00f3re przydadz\u0105 si\u0119 w rozwoju akademickim, ale tak\u017ce do rozwini\u0119cia sieci kontakt\u00f3w. Projekt &#8222;Kawiarenki&#8221; to nie tylko doskona\u0142a okazja do rozwoju zawodowego, ale tak\u017ce ... Czytaj dalej\" \/>\n<meta property=\"og:url\" content=\"http:\/\/kompetencjejutra.lublin.eu\/kawiarenki-wiosna-2025\/\" \/>\n<meta property=\"og:site_name\" content=\"KompetencjeJutra\" \/>\n<meta property=\"article:modified_time\" content=\"2025-10-08T11:14:14+00:00\" \/>\n<meta property=\"og:image\" content=\"https:\/\/kompetencjejutra.lublin.eu\/wp-content\/uploads\/sites\/15\/2024\/10\/warsztaty-1024x683.jpg\" \/>\n<meta name=\"twitter:card\" content=\"summary_large_image\" \/>\n<meta name=\"twitter:label1\" content=\"Szacowany czas czytania\" \/>\n\t<meta name=\"twitter:data1\" content=\"2 minuty\" \/>\n<script type=\"application\/ld+json\" class=\"yoast-schema-graph\">{\"@context\":\"https:\/\/schema.org\",\"@graph\":[{\"@type\":\"WebPage\",\"@id\":\"http:\/\/kompetencjejutra.lublin.eu\/kawiarenki-wiosna-2025\/\",\"url\":\"http:\/\/kompetencjejutra.lublin.eu\/kawiarenki-wiosna-2025\/\",\"name\":\"Kawiarenki - jesie\u0144 2025 - KompetencjeJutra\",\"isPartOf\":{\"@id\":\"http:\/\/kompetencjejutra.lublin.eu\/pl\/#website\"},\"primaryImageOfPage\":{\"@id\":\"http:\/\/kompetencjejutra.lublin.eu\/kawiarenki-wiosna-2025\/#primaryimage\"},\"image\":{\"@id\":\"http:\/\/kompetencjejutra.lublin.eu\/kawiarenki-wiosna-2025\/#primaryimage\"},\"thumbnailUrl\":\"https:\/\/kompetencjejutra.lublin.eu\/wp-content\/uploads\/sites\/15\/2024\/10\/warsztaty-1024x683.jpg\",\"datePublished\":\"2024-03-19T13:50:57+00:00\",\"dateModified\":\"2025-10-08T11:14:14+00:00\",\"breadcrumb\":{\"@id\":\"http:\/\/kompetencjejutra.lublin.eu\/kawiarenki-wiosna-2025\/#breadcrumb\"},\"inLanguage\":\"pl-PL\",\"potentialAction\":[{\"@type\":\"ReadAction\",\"target\":[\"http:\/\/kompetencjejutra.lublin.eu\/kawiarenki-wiosna-2025\/\"]}]},{\"@type\":\"ImageObject\",\"inLanguage\":\"pl-PL\",\"@id\":\"http:\/\/kompetencjejutra.lublin.eu\/kawiarenki-wiosna-2025\/#primaryimage\",\"url\":\"https:\/\/kompetencjejutra.lublin.eu\/wp-content\/uploads\/sites\/15\/2024\/10\/warsztaty-1024x683.jpg\",\"contentUrl\":\"https:\/\/kompetencjejutra.lublin.eu\/wp-content\/uploads\/sites\/15\/2024\/10\/warsztaty-1024x683.jpg\"},{\"@type\":\"BreadcrumbList\",\"@id\":\"http:\/\/kompetencjejutra.lublin.eu\/kawiarenki-wiosna-2025\/#breadcrumb\",\"itemListElement\":[{\"@type\":\"ListItem\",\"position\":1,\"name\":\"Home\",\"item\":\"http:\/\/kompetencjejutra.lublin.eu\/\"},{\"@type\":\"ListItem\",\"position\":2,\"name\":\"Kawiarenki &#8211; jesie\u0144 2025\"}]},{\"@type\":\"WebSite\",\"@id\":\"http:\/\/kompetencjejutra.lublin.eu\/pl\/#website\",\"url\":\"http:\/\/kompetencjejutra.lublin.eu\/pl\/\",\"name\":\"KompetencjeJutra\",\"description\":\"KompetencjeJutra\",\"publisher\":{\"@id\":\"http:\/\/kompetencjejutra.lublin.eu\/pl\/#organization\"},\"potentialAction\":[{\"@type\":\"SearchAction\",\"target\":{\"@type\":\"EntryPoint\",\"urlTemplate\":\"http:\/\/kompetencjejutra.lublin.eu\/pl\/?s={search_term_string}\"},\"query-input\":{\"@type\":\"PropertyValueSpecification\",\"valueRequired\":true,\"valueName\":\"search_term_string\"}}],\"inLanguage\":\"pl-PL\"},{\"@type\":\"Organization\",\"@id\":\"http:\/\/kompetencjejutra.lublin.eu\/pl\/#organization\",\"name\":\"KompetencjeJutra\",\"url\":\"http:\/\/kompetencjejutra.lublin.eu\/pl\/\",\"logo\":{\"@type\":\"ImageObject\",\"inLanguage\":\"pl-PL\",\"@id\":\"http:\/\/kompetencjejutra.lublin.eu\/pl\/#\/schema\/logo\/image\/\",\"url\":\"http:\/\/kompetencjejutra.lublin.eu\/wp-content\/uploads\/sites\/15\/2021\/08\/logo-miasta-lublin-web.png\",\"contentUrl\":\"http:\/\/kompetencjejutra.lublin.eu\/wp-content\/uploads\/sites\/15\/2021\/08\/logo-miasta-lublin-web.png\",\"width\":281,\"height\":101,\"caption\":\"KompetencjeJutra\"},\"image\":{\"@id\":\"http:\/\/kompetencjejutra.lublin.eu\/pl\/#\/schema\/logo\/image\/\"}}]}<\/script>\n<!-- \/ Yoast SEO plugin. -->","yoast_head_json":{"title":"Kawiarenki - jesie\u0144 2025 - KompetencjeJutra","robots":{"index":"index","follow":"follow","max-snippet":"max-snippet:-1","max-image-preview":"max-image-preview:large","max-video-preview":"max-video-preview:-1"},"canonical":"http:\/\/kompetencjejutra.lublin.eu\/pl\/kawiarenki-wiosna-2025\/","og_locale":"pl_PL","og_type":"article","og_title":"Kawiarenki - jesie\u0144 2025 - KompetencjeJutra","og_description":"Jesienna edycja projektu &#8222;Kawiarenki&#8221; 2025 skierowana jest do pracownik\u00f3w akademickich lubelskich uczelni. Inicjatywa ma na celu po\u0142\u0105czenie \u015brodowiska akademickiego z biznesem. Dzi\u0119ki udzia\u0142owi w projekcie uczestnicy b\u0119d\u0105 mogli zdoby\u0107 praktyczne umiej\u0119tno\u015bci, kt\u00f3re przydadz\u0105 si\u0119 w rozwoju akademickim, ale tak\u017ce do rozwini\u0119cia sieci kontakt\u00f3w. Projekt &#8222;Kawiarenki&#8221; to nie tylko doskona\u0142a okazja do rozwoju zawodowego, ale tak\u017ce ... Czytaj dalej","og_url":"http:\/\/kompetencjejutra.lublin.eu\/kawiarenki-wiosna-2025\/","og_site_name":"KompetencjeJutra","article_modified_time":"2025-10-08T11:14:14+00:00","og_image":[{"url":"https:\/\/kompetencjejutra.lublin.eu\/wp-content\/uploads\/sites\/15\/2024\/10\/warsztaty-1024x683.jpg","type":"","width":"","height":""}],"twitter_card":"summary_large_image","twitter_misc":{"Szacowany czas czytania":"2 minuty"},"schema":{"@context":"https:\/\/schema.org","@graph":[{"@type":"WebPage","@id":"http:\/\/kompetencjejutra.lublin.eu\/kawiarenki-wiosna-2025\/","url":"http:\/\/kompetencjejutra.lublin.eu\/kawiarenki-wiosna-2025\/","name":"Kawiarenki - jesie\u0144 2025 - KompetencjeJutra","isPartOf":{"@id":"http:\/\/kompetencjejutra.lublin.eu\/pl\/#website"},"primaryImageOfPage":{"@id":"http:\/\/kompetencjejutra.lublin.eu\/kawiarenki-wiosna-2025\/#primaryimage"},"image":{"@id":"http:\/\/kompetencjejutra.lublin.eu\/kawiarenki-wiosna-2025\/#primaryimage"},"thumbnailUrl":"https:\/\/kompetencjejutra.lublin.eu\/wp-content\/uploads\/sites\/15\/2024\/10\/warsztaty-1024x683.jpg","datePublished":"2024-03-19T13:50:57+00:00","dateModified":"2025-10-08T11:14:14+00:00","breadcrumb":{"@id":"http:\/\/kompetencjejutra.lublin.eu\/kawiarenki-wiosna-2025\/#breadcrumb"},"inLanguage":"pl-PL","potentialAction":[{"@type":"ReadAction","target":["http:\/\/kompetencjejutra.lublin.eu\/kawiarenki-wiosna-2025\/"]}]},{"@type":"ImageObject","inLanguage":"pl-PL","@id":"http:\/\/kompetencjejutra.lublin.eu\/kawiarenki-wiosna-2025\/#primaryimage","url":"https:\/\/kompetencjejutra.lublin.eu\/wp-content\/uploads\/sites\/15\/2024\/10\/warsztaty-1024x683.jpg","contentUrl":"https:\/\/kompetencjejutra.lublin.eu\/wp-content\/uploads\/sites\/15\/2024\/10\/warsztaty-1024x683.jpg"},{"@type":"BreadcrumbList","@id":"http:\/\/kompetencjejutra.lublin.eu\/kawiarenki-wiosna-2025\/#breadcrumb","itemListElement":[{"@type":"ListItem","position":1,"name":"Home","item":"http:\/\/kompetencjejutra.lublin.eu\/"},{"@type":"ListItem","position":2,"name":"Kawiarenki &#8211; jesie\u0144 2025"}]},{"@type":"WebSite","@id":"http:\/\/kompetencjejutra.lublin.eu\/pl\/#website","url":"http:\/\/kompetencjejutra.lublin.eu\/pl\/","name":"KompetencjeJutra","description":"KompetencjeJutra","publisher":{"@id":"http:\/\/kompetencjejutra.lublin.eu\/pl\/#organization"},"potentialAction":[{"@type":"SearchAction","target":{"@type":"EntryPoint","urlTemplate":"http:\/\/kompetencjejutra.lublin.eu\/pl\/?s={search_term_string}"},"query-input":{"@type":"PropertyValueSpecification","valueRequired":true,"valueName":"search_term_string"}}],"inLanguage":"pl-PL"},{"@type":"Organization","@id":"http:\/\/kompetencjejutra.lublin.eu\/pl\/#organization","name":"KompetencjeJutra","url":"http:\/\/kompetencjejutra.lublin.eu\/pl\/","logo":{"@type":"ImageObject","inLanguage":"pl-PL","@id":"http:\/\/kompetencjejutra.lublin.eu\/pl\/#\/schema\/logo\/image\/","url":"http:\/\/kompetencjejutra.lublin.eu\/wp-content\/uploads\/sites\/15\/2021\/08\/logo-miasta-lublin-web.png","contentUrl":"http:\/\/kompetencjejutra.lublin.eu\/wp-content\/uploads\/sites\/15\/2021\/08\/logo-miasta-lublin-web.png","width":281,"height":101,"caption":"KompetencjeJutra"},"image":{"@id":"http:\/\/kompetencjejutra.lublin.eu\/pl\/#\/schema\/logo\/image\/"}}]}},"mfb_rest_fields":["title","featured_image_src","yoast_head","yoast_head_json"],"_links":{"self":[{"href":"http:\/\/kompetencjejutra.lublin.eu\/pl\/wp-json\/wp\/v2\/pages\/1938","targetHints":{"allow":["GET"]}}],"collection":[{"href":"http:\/\/kompetencjejutra.lublin.eu\/pl\/wp-json\/wp\/v2\/pages"}],"about":[{"href":"http:\/\/kompetencjejutra.lublin.eu\/pl\/wp-json\/wp\/v2\/types\/page"}],"author":[{"embeddable":true,"href":"http:\/\/kompetencjejutra.lublin.eu\/pl\/wp-json\/wp\/v2\/users\/10"}],"replies":[{"embeddable":true,"href":"http:\/\/kompetencjejutra.lublin.eu\/pl\/wp-json\/wp\/v2\/comments?post=1938"}],"version-history":[{"count":15,"href":"http:\/\/kompetencjejutra.lublin.eu\/pl\/wp-json\/wp\/v2\/pages\/1938\/revisions"}],"predecessor-version":[{"id":2191,"href":"http:\/\/kompetencjejutra.lublin.eu\/pl\/wp-json\/wp\/v2\/pages\/1938\/revisions\/2191"}],"wp:attachment":[{"href":"http:\/\/kompetencjejutra.lublin.eu\/pl\/wp-json\/wp\/v2\/media?parent=1938"}],"curies":[{"name":"wp","href":"https:\/\/api.w.org\/{rel}","templated":true}]}}